{"id":7097,"date":"2026-04-13T19:03:59","date_gmt":"2026-04-13T17:03:59","guid":{"rendered":"https:\/\/www.exclusive-golf-trolleys.de\/shop\/?post_type=product&#038;p=7097"},"modified":"2026-04-13T23:09:56","modified_gmt":"2026-04-13T21:09:56","slug":"jucad-carbon-travel-2-0-weiss-gebraucht-aber-wie-neu","status":"publish","type":"product","link":"https:\/\/www.exclusive-golf-trolleys.de\/shop\/produkt\/jucad-carbon-travel-2-0-weiss-gebraucht-aber-wie-neu\/","title":{"rendered":"JuCad Carbon Travel 2.0 Wei\u00df Gebraucht aber wie neu"},"content":{"rendered":"<h2>JuCad Carbon Travel 2.0 Wei\u00df; kurz gebraucht<br \/>\nLieferung incl. JuCad Transporttasche \u201eTravel\u201c<br \/>\nZustand: Neuwertig mit 5 Jahren Restgarantie<\/h2>\n<p>Der JuCad Carbon Travel 2.0 im eleganten JuCad Design wird in einem aufwendigen Produktionsverfahren aus einem Kohlenstofffaser-Verbundwerkstoff gefertigt.<br \/>\nDank seines extrem stabilen Vollcarbonrahmens, der von uns speziell f\u00fcr die hohen Anforderungen auf dem Golfplatz ausgelegt wurde,<br \/>\nbietet der JuCad Golftrolley trotz seines geringen Gewichts von nur 5,8 kg absolute Stabilit\u00e4t.<\/p>\n<p>Das intelligente Technikpaket sorgt f\u00fcr weiteren Komfort und beinhaltet leise Brushless Motoren mit einer beidseitigen elektronischen Parkbremse<br \/>\nf\u00fcr sicheren Halt auf steilstem Gel\u00e4nde sowie Magnetstecker und eine integrierte Ladestandsanzeige.<\/p>\n<p>Der JuCad Carbon Travel 2.0 Golftrolley erreicht ein Mini-Packma\u00df von nur 65x35x15 cm und ist der ideale Reisebegleiter.<br \/>\nEr l\u00e4sst sich samt Golfbag ins Travelcover packen und Sie reisen mit nur einem Gep\u00e4ckst\u00fcck!.<br \/>\nDer stufenlose Gasgriff, die automatische Vorw\u00e4rts- und R\u00fcckw\u00e4rtsfunktion und der leise permanente Zweiradantrieb machen jede Golfrunde zum Vergn\u00fcgen.<\/p>\n<p>Optional ist der JuCad Carbon Travel 2.0 Golftrolley mit der JuCad Fernsteuerung erh\u00e4ltlich,<br \/>\nso sparen Sie viele Wege und k\u00f6nnen sich voll auf Ihr Spiel konzentrieren.<\/p>\n<p><strong>Technische Details:<\/strong><\/p>\n<p>Integriertes Technikpaket 2.0 mit beidseitiger elektronischer Parkbremse, Brushless Motoren, Magnetstecker und Ladestandsanzeige<br \/>\n48V Antriebssystem<br \/>\nStufenloser Gasgriff f\u00fcr eine einfache Bedienung<br \/>\nDrehschalter mit Vorw\u00e4rts-, R\u00fcckw\u00e4rts und Freilauffunktion<br \/>\nSchirmhalterung f\u00fcr JuCad Schirm<br \/>\nH\u00f6henverstellbare Griffstange<br \/>\nKlapp- und drehbare Bagauflage oben und unten<br \/>\nLeichtes Ziehen und Schieben auch ohne Akku m\u00f6glich<br \/>\nAutomatische Vorlauffunktion (Distanzgeber 10-20-30 Meter)<br \/>\nElektronische Bergbremse (Tempomat)<br \/>\nKeine sichtbaren Kabel, Akkus und Motoren<br \/>\nLithium-Hochleistungsakku bis zu 45 Loch mit kleinem Schnellladeger\u00e4t \u2013 getestet, gepr\u00fcft und nach UN-Transporttest BU-202100303-B1 zertifiziert<br \/>\nExtrem stabile Leichtlaufr\u00e4der<br \/>\nReifen mit Luftpolsterfederung, Reifenbelag wechselbar<br \/>\nVerschiedene Felgen- und Reifenfarben ohne Aufpreis<br \/>\nLeicht und klein zusammenlegbares Mini-Packma\u00df: 65x35x15 cm<br \/>\nVollcarbon-Rahmen mit 6 Jahren Garantie<br \/>\nGewicht Rahmen und R\u00e4der 5,8 kg<br \/>\nOptional mit JuCad Fernsteuerung (Aufpreis 399 Euro)<\/p>\n","protected":false},"excerpt":{"rendered":"<h2>JuCad Carbon Travel 2.0 Wei\u00df, kurz Gebraucht, wie neu<\/h2>\n<p>Unser meistverkaufter JuCad Carbon Travel 2.0 Golftrolley<br \/>\nJuCad Zubeh\u00f6r-Set zum Vorzugspreis (optional)<\/p>\n","protected":false},"featured_media":4550,"comment_status":"open","ping_status":"closed","template":"","meta":{"ocean_post_layout":"","ocean_both_sidebars_style":"","ocean_both_sidebars_content_width":0,"ocean_both_sidebars_sidebars_width":0,"ocean_sidebar":"0","ocean_second_sidebar":"0","ocean_disable_margins":"enable","ocean_add_body_class":"","ocean_shortcode_before_top_bar":"","ocean_shortcode_after_top_bar":"","ocean_shortcode_before_header":"","ocean_shortcode_after_header":"","ocean_has_shortcode":"","ocean_shortcode_after_title":"","ocean_shortcode_before_footer_widgets":"","ocean_shortcode_after_footer_widgets":"","ocean_shortcode_before_footer_bottom":"","ocean_shortcode_after_footer_bottom":"","ocean_display_top_bar":"default","ocean_display_header":"default","ocean_header_style":"","ocean_center_header_left_menu":"0","ocean_custom_header_template":"0","ocean_custom_logo":0,"ocean_custom_retina_logo":0,"ocean_custom_logo_max_width":0,"ocean_custom_logo_tablet_max_width":0,"ocean_custom_logo_mobile_max_width":0,"ocean_custom_logo_max_height":0,"ocean_custom_logo_tablet_max_height":0,"ocean_custom_logo_mobile_max_height":0,"ocean_header_custom_menu":"0","ocean_menu_typo_font_family":"0","ocean_menu_typo_font_subset":"","ocean_menu_typo_font_size":0,"ocean_menu_typo_font_size_tablet":0,"ocean_menu_typo_font_size_mobile":0,"ocean_menu_typo_font_size_unit":"px","ocean_menu_typo_font_weight":"","ocean_menu_typo_font_weight_tablet":"","ocean_menu_typo_font_weight_mobile":"","ocean_menu_typo_transform":"","ocean_menu_typo_transform_tablet":"","ocean_menu_typo_transform_mobile":"","ocean_menu_typo_line_height":0,"ocean_menu_typo_line_height_tablet":0,"ocean_menu_typo_line_height_mobile":0,"ocean_menu_typo_line_height_unit":"","ocean_menu_typo_spacing":0,"ocean_menu_typo_spacing_tablet":0,"ocean_menu_typo_spacing_mobile":0,"ocean_menu_typo_spacing_unit":"","ocean_menu_link_color":"","ocean_menu_link_color_hover":"","ocean_menu_link_color_active":"","ocean_menu_link_background":"","ocean_menu_link_hover_background":"","ocean_menu_link_active_background":"","ocean_menu_social_links_bg":"","ocean_menu_social_hover_links_bg":"","ocean_menu_social_links_color":"","ocean_menu_social_hover_links_color":"","ocean_disable_title":"default","ocean_disable_heading":"default","ocean_post_title":"","ocean_post_subheading":"","ocean_post_title_style":"","ocean_post_title_background_color":"","ocean_post_title_background":0,"ocean_post_title_bg_image_position":"","ocean_post_title_bg_image_attachment":"","ocean_post_title_bg_image_repeat":"","ocean_post_title_bg_image_size":"","ocean_post_title_height":0,"ocean_post_title_bg_overlay":0.5,"ocean_post_title_bg_overlay_color":"","ocean_disable_breadcrumbs":"default","ocean_breadcrumbs_color":"","ocean_breadcrumbs_separator_color":"","ocean_breadcrumbs_links_color":"","ocean_breadcrumbs_links_hover_color":"","ocean_display_footer_widgets":"default","ocean_display_footer_bottom":"default","ocean_custom_footer_template":"0","omw_enable_modal_window":"enable","osh_disable_topbar_sticky":"default","osh_disable_header_sticky":"default","osh_sticky_header_style":"default","osh_sticky_header_effect":"","osh_custom_sticky_logo":0,"osh_custom_retina_sticky_logo":0,"osh_custom_sticky_logo_height":0,"osh_background_color":"","osh_links_color":"","osh_links_hover_color":"","osh_links_active_color":"","osh_links_bg_color":"","osh_links_hover_bg_color":"","osh_links_active_bg_color":"","osh_menu_social_links_color":"","osh_menu_social_hover_links_color":""},"product_brand":[1034],"product_cat":[58,44,62,68,887],"product_tag":[78,693,940,82],"class_list":{"0":"post-7097","1":"product","2":"type-product","3":"status-publish","4":"has-post-thumbnail","6":"product_brand-jucad","7":"product_cat-jucad","8":"product_cat-golftrolleys","9":"product_cat-jucad-carbon-golftrolleys","10":"product_cat-jucad-justar-golftrolleys-gebraucht","11":"product_cat-jucad-justar-refurbished-golftrolleys","12":"product_tag-jucad","13":"product_tag-jucad-carbon-travel-2-0","14":"product_tag-jucad-golftrolley","15":"product_tag-weiss","16":"tm-has-options","18":"entry","19":"has-media","21":"first","22":"instock","23":"sale","24":"taxable","25":"shipping-taxable","26":"purchasable","27":"product-type-simple","28":"col","29":"span_1_of_3","30":"owp-content-center","31":"owp-thumbs-layout-horizontal","32":"owp-btn-normal","33":"owp-tabs-layout-horizontal","34":"circle-sale"},"_links":{"self":[{"href":"https:\/\/www.exclusive-golf-trolleys.de\/shop\/wp-json\/wp\/v2\/product\/7097","targetHints":{"allow":["GET"]}}],"collection":[{"href":"https:\/\/www.exclusive-golf-trolleys.de\/shop\/wp-json\/wp\/v2\/product"}],"about":[{"href":"https:\/\/www.exclusive-golf-trolleys.de\/shop\/wp-json\/wp\/v2\/types\/product"}],"replies":[{"embeddable":true,"href":"https:\/\/www.exclusive-golf-trolleys.de\/shop\/wp-json\/wp\/v2\/comments?post=7097"}],"wp:featuredmedia":[{"embeddable":true,"href":"https:\/\/www.exclusive-golf-trolleys.de\/shop\/wp-json\/wp\/v2\/media\/4550"}],"wp:attachment":[{"href":"https:\/\/www.exclusive-golf-trolleys.de\/shop\/wp-json\/wp\/v2\/media?parent=7097"}],"wp:term":[{"taxonomy":"product_brand","embeddable":true,"href":"https:\/\/www.exclusive-golf-trolleys.de\/shop\/wp-json\/wp\/v2\/product_brand?post=7097"},{"taxonomy":"product_cat","embeddable":true,"href":"https:\/\/www.exclusive-golf-trolleys.de\/shop\/wp-json\/wp\/v2\/product_cat?post=7097"},{"taxonomy":"product_tag","embeddable":true,"href":"https:\/\/www.exclusive-golf-trolleys.de\/shop\/wp-json\/wp\/v2\/product_tag?post=7097"}],"curies":[{"name":"wp","href":"https:\/\/api.w.org\/{rel}","templated":true}]}}