{"id":7096,"date":"2026-04-13T17:26:45","date_gmt":"2026-04-13T15:26:45","guid":{"rendered":"https:\/\/www.exclusive-golf-trolleys.de\/shop\/?post_type=product&#038;p=7096"},"modified":"2026-04-13T17:29:04","modified_gmt":"2026-04-13T15:29:04","slug":"jucad-bag-style-dunkelblau-lederoptik","status":"publish","type":"product","link":"https:\/\/www.exclusive-golf-trolleys.de\/shop\/produkt\/jucad-bag-style-dunkelblau-lederoptik\/","title":{"rendered":"JuCad Bag Style Dunkelblau Lederoptik"},"content":{"rendered":"<h2>Das JuCad Bag Style in Lederoptik, elegant und sportlich \u2013 ein echter Blickfang<\/h2>\n<p>Mit einem modernen Design aus hochwertigen Materialien pr\u00e4sentiert sich die neue JuCad Bagserie Style sportlich und schick zugleich.<br \/>\nEine durchgehende 14-fache Schl\u00e4gereinteilung, eine extra gro\u00dfe Putterr\u00f6hre und ein K\u00fchlfach machen das 9 inch Golfbag zu einem funktionellen<br \/>\nBegleiter auf Ihrer Golfrunde.<br \/>\nApropos Funktionalit\u00e4t: Die Anh\u00e4ngetasche, das Extrafach f\u00fcr den JuCad Powerpack und viele kleine und gro\u00dfe Au\u00dfentaschen sorgen f\u00fcr reichlich Stauraum und<br \/>\nerm\u00f6glichen einen schnellen Zugriff auf Ihre Golfausr\u00fcstung.<br \/>\nDas in der Schl\u00e4gerhaube integrierte Regencover sch\u00fctzt das Bag auch bei schlechtem Wetter. Das JuCad Bag Style garantiert Ihnen absoluten Golfkomfort!<\/p>\n<p><strong>Details:<\/strong><\/p>\n<ul>\n<li>14-fache durchgehende Schl\u00e4gereinteilung, 9 inch<\/li>\n<li>Externe Oversize-Putterr\u00f6hre<\/li>\n<li>Teehalterung<\/li>\n<li>Sehr ger\u00e4umige, leicht zug\u00e4ngliche Au\u00dfentaschen<\/li>\n<li>Wertsachenfach mit Softauskleidung und Netztasche<\/li>\n<li>Extra Schirmfach<\/li>\n<li>Gro\u00dfes isoliertes K\u00fchlfach f\u00fcr Getr\u00e4nke<\/li>\n<li>\u00a0Handschuh- und Handtuchhalter<\/li>\n<li>Abnehmbare Accessoiretasche<\/li>\n<li>Bequeme Tragegriffe<\/li>\n<li>Extrafach f\u00fcr JuCad Powerpack<\/li>\n<li>Inkl. Schl\u00e4gerhaube mit integriertem Regencover und Tragegurt<\/li>\n<li>Gewicht 3.5 kg<\/li>\n<li>Personalisierbar mit Namen, Initialen oder Logo<\/li>\n<\/ul>\n","protected":false},"excerpt":{"rendered":"<h2>JuCad Bag Style in Lederoptik<br \/>\nFarbe: Dunkelblau<\/h2>\n<p>Weitere 14 tolle Farben verf\u00fcgbar,<br \/>\ngerne lackieren wir ihren JuCad\/JuStar oder nur ihre Felgen in der passenden Bagfarbe.<\/p>\n","protected":false},"featured_media":7082,"comment_status":"open","ping_status":"closed","template":"","meta":{"ocean_post_layout":"","ocean_both_sidebars_style":"","ocean_both_sidebars_content_width":0,"ocean_both_sidebars_sidebars_width":0,"ocean_sidebar":"0","ocean_second_sidebar":"0","ocean_disable_margins":"enable","ocean_add_body_class":"","ocean_shortcode_before_top_bar":"","ocean_shortcode_after_top_bar":"","ocean_shortcode_before_header":"","ocean_shortcode_after_header":"","ocean_has_shortcode":"","ocean_shortcode_after_title":"","ocean_shortcode_before_footer_widgets":"","ocean_shortcode_after_footer_widgets":"","ocean_shortcode_before_footer_bottom":"","ocean_shortcode_after_footer_bottom":"","ocean_display_top_bar":"default","ocean_display_header":"default","ocean_header_style":"","ocean_center_header_left_menu":"0","ocean_custom_header_template":"0","ocean_custom_logo":0,"ocean_custom_retina_logo":0,"ocean_custom_logo_max_width":0,"ocean_custom_logo_tablet_max_width":0,"ocean_custom_logo_mobile_max_width":0,"ocean_custom_logo_max_height":0,"ocean_custom_logo_tablet_max_height":0,"ocean_custom_logo_mobile_max_height":0,"ocean_header_custom_menu":"0","ocean_menu_typo_font_family":"0","ocean_menu_typo_font_subset":"","ocean_menu_typo_font_size":0,"ocean_menu_typo_font_size_tablet":0,"ocean_menu_typo_font_size_mobile":0,"ocean_menu_typo_font_size_unit":"px","ocean_menu_typo_font_weight":"","ocean_menu_typo_font_weight_tablet":"","ocean_menu_typo_font_weight_mobile":"","ocean_menu_typo_transform":"","ocean_menu_typo_transform_tablet":"","ocean_menu_typo_transform_mobile":"","ocean_menu_typo_line_height":0,"ocean_menu_typo_line_height_tablet":0,"ocean_menu_typo_line_height_mobile":0,"ocean_menu_typo_line_height_unit":"","ocean_menu_typo_spacing":0,"ocean_menu_typo_spacing_tablet":0,"ocean_menu_typo_spacing_mobile":0,"ocean_menu_typo_spacing_unit":"","ocean_menu_link_color":"","ocean_menu_link_color_hover":"","ocean_menu_link_color_active":"","ocean_menu_link_background":"","ocean_menu_link_hover_background":"","ocean_menu_link_active_background":"","ocean_menu_social_links_bg":"","ocean_menu_social_hover_links_bg":"","ocean_menu_social_links_color":"","ocean_menu_social_hover_links_color":"","ocean_disable_title":"default","ocean_disable_heading":"default","ocean_post_title":"","ocean_post_subheading":"","ocean_post_title_style":"","ocean_post_title_background_color":"","ocean_post_title_background":0,"ocean_post_title_bg_image_position":"","ocean_post_title_bg_image_attachment":"","ocean_post_title_bg_image_repeat":"","ocean_post_title_bg_image_size":"","ocean_post_title_height":0,"ocean_post_title_bg_overlay":0.5,"ocean_post_title_bg_overlay_color":"","ocean_disable_breadcrumbs":"default","ocean_breadcrumbs_color":"","ocean_breadcrumbs_separator_color":"","ocean_breadcrumbs_links_color":"","ocean_breadcrumbs_links_hover_color":"","ocean_display_footer_widgets":"default","ocean_display_footer_bottom":"default","ocean_custom_footer_template":"0","omw_enable_modal_window":"enable","osh_disable_topbar_sticky":"default","osh_disable_header_sticky":"default","osh_sticky_header_style":"default","osh_sticky_header_effect":"","osh_custom_sticky_logo":0,"osh_custom_retina_sticky_logo":0,"osh_custom_sticky_logo_height":0,"osh_background_color":"","osh_links_color":"","osh_links_hover_color":"","osh_links_active_color":"","osh_links_bg_color":"","osh_links_hover_bg_color":"","osh_links_active_bg_color":"","osh_menu_social_links_color":"","osh_menu_social_hover_links_color":""},"product_brand":[1034],"product_cat":[45,58],"product_tag":[105,52,78,1168,200],"class_list":{"0":"post-7096","1":"product","2":"type-product","3":"status-publish","4":"has-post-thumbnail","6":"product_brand-jucad","7":"product_cat-jucad-justar-golfbags","8":"product_cat-jucad","9":"product_tag-dunkelblau","10":"product_tag-golfbag","11":"product_tag-jucad","12":"product_tag-jucad-bag-style","13":"product_tag-lederoptik","14":"tm-no-options","16":"entry","17":"has-media","19":"first","20":"instock","21":"sale","22":"taxable","23":"shipping-taxable","24":"purchasable","25":"product-type-simple","26":"col","27":"span_1_of_3","28":"owp-content-center","29":"owp-thumbs-layout-horizontal","30":"owp-btn-normal","31":"owp-tabs-layout-horizontal","32":"circle-sale"},"_links":{"self":[{"href":"https:\/\/www.exclusive-golf-trolleys.de\/shop\/wp-json\/wp\/v2\/product\/7096","targetHints":{"allow":["GET"]}}],"collection":[{"href":"https:\/\/www.exclusive-golf-trolleys.de\/shop\/wp-json\/wp\/v2\/product"}],"about":[{"href":"https:\/\/www.exclusive-golf-trolleys.de\/shop\/wp-json\/wp\/v2\/types\/product"}],"replies":[{"embeddable":true,"href":"https:\/\/www.exclusive-golf-trolleys.de\/shop\/wp-json\/wp\/v2\/comments?post=7096"}],"wp:featuredmedia":[{"embeddable":true,"href":"https:\/\/www.exclusive-golf-trolleys.de\/shop\/wp-json\/wp\/v2\/media\/7082"}],"wp:attachment":[{"href":"https:\/\/www.exclusive-golf-trolleys.de\/shop\/wp-json\/wp\/v2\/media?parent=7096"}],"wp:term":[{"taxonomy":"product_brand","embeddable":true,"href":"https:\/\/www.exclusive-golf-trolleys.de\/shop\/wp-json\/wp\/v2\/product_brand?post=7096"},{"taxonomy":"product_cat","embeddable":true,"href":"https:\/\/www.exclusive-golf-trolleys.de\/shop\/wp-json\/wp\/v2\/product_cat?post=7096"},{"taxonomy":"product_tag","embeddable":true,"href":"https:\/\/www.exclusive-golf-trolleys.de\/shop\/wp-json\/wp\/v2\/product_tag?post=7096"}],"curies":[{"name":"wp","href":"https:\/\/api.w.org\/{rel}","templated":true}]}}