{"id":7057,"date":"2026-04-12T16:39:06","date_gmt":"2026-04-12T14:39:06","guid":{"rendered":"https:\/\/www.exclusive-golf-trolleys.de\/shop\/?post_type=product&#038;p=7057"},"modified":"2026-04-12T16:41:26","modified_gmt":"2026-04-12T14:41:26","slug":"jucad-bag-first-class-revolution-koenigsblau-weiss","status":"publish","type":"product","link":"https:\/\/www.exclusive-golf-trolleys.de\/shop\/produkt\/jucad-bag-first-class-revolution-koenigsblau-weiss\/","title":{"rendered":"JuCad Bag First Class Revolution K\u00f6nigsblau Wei\u00df"},"content":{"rendered":"<h2>JuCad Bag First Class Revolution<br \/>\nelegant und sportlich, Erste Klasse mit Organizer \u2013 ein echter Blickfang<\/h2>\n<p>Dieses brandneue JuCad Golfbag Dieses Bag der Extraklasse mit wasserabweisender Oberfl\u00e4che im Leder-Design steckt voller Funktionen.<br \/>\nDer schaftfreundliche Organizer verhindert klappernde Schl\u00e4ger und sorgt f\u00fcr Ruhe bei Ihrem Spiel auf dem Fairway.<br \/>\nDie vorderen zwei Au\u00dfentaschen werden schnell und einfach mit Magnetverschl\u00fcssen bedient.<br \/>\nDas obere Taschenfach mit Magnetverschluss sorgt f\u00fcr einen superschnellen Zugriff (z.B. f\u00fcr den Entfernungsmesser) und l\u00e4sst sich zudem per<br \/>\nKlettverschluss l\u00f6sen und die Bagbefestigungen darunter verschwinden.<br \/>\nEbenfalls einen superschnellen Zugriff, dank Magnetverschluss, hat das gro\u00dfr\u00e4umige Getr\u00e4nkefach.<br \/>\nWertsachen werden in einer innen liegenden Rei\u00dfverschluss-Tasche aufbewahrt und viele weitere Accessoiref\u00e4cher erleichtern das Handling beim Spiel.<\/p>\n<p><strong>Lieferbar in 3 tollen Farben.<\/strong><\/p>\n<ul>\n<li>Wasserabweisendes Material mit high-end Magnet- und Rei\u00df-Verschl\u00fcssen<\/li>\n<li>14-fache durchgehende Schl\u00e4gereinteilung mit fester Schl\u00e4gerkopff\u00fchrung f\u00fcr die Eisen, 9 inch<\/li>\n<li>Integriertes Oversize-Putterfach<\/li>\n<li>Ger\u00e4umige wasserdichte, leicht zug\u00e4ngliche Au\u00dfentaschen<\/li>\n<li>Verschlie\u00dfbares Wertsachenfach innenliegend<\/li>\n<li>Gro\u00dfes isoliertes K\u00fchlfach mit Magnetverschluss<\/li>\n<li>Zwei weitere dehnbare Falttaschen f\u00fcr Getr\u00e4nke<\/li>\n<li>Vorderes Schnellzugriff-Fach mit Magnetverschlus<\/li>\n<li>Sonnenbrillenfach<\/li>\n<li>Scorecard-, Stifte- und Teetaschen<\/li>\n<li>Extra Schirmhalterung<\/li>\n<li>Handschuh- und Handtuchhalter<\/li>\n<li>Abnehmbare Accessoiretasche<\/li>\n<li>Bequeme Tragegriffe<\/li>\n<li>Extrafach f\u00fcr JuCad Powerpack<\/li>\n<li>Inkl. Schl\u00e4gerhaube und Tragegurt<\/li>\n<li>Bagh\u00f6he: 104 cm<\/li>\n<li>Gewicht 4,2 kg<\/li>\n<li>Personalisierbar mit ihrem Namen, ihren Initialen ( + 30 Euro) oder ihren Firmen- oder Club Logo (+ 49 Euro)<\/li>\n<\/ul>\n","protected":false},"excerpt":{"rendered":"<h2>JuCad Bag First Class Revolution<\/h2>\n<h2>\u00a0mit Magnetverschl\u00fcssen<\/h2>\n<p>In 5 tollen Farben lieferbar<\/p>\n<p>&nbsp;<\/p>\n","protected":false},"featured_media":6760,"comment_status":"open","ping_status":"closed","template":"","meta":{"ocean_post_layout":"","ocean_both_sidebars_style":"","ocean_both_sidebars_content_width":0,"ocean_both_sidebars_sidebars_width":0,"ocean_sidebar":"0","ocean_second_sidebar":"0","ocean_disable_margins":"enable","ocean_add_body_class":"","ocean_shortcode_before_top_bar":"","ocean_shortcode_after_top_bar":"","ocean_shortcode_before_header":"","ocean_shortcode_after_header":"","ocean_has_shortcode":"","ocean_shortcode_after_title":"","ocean_shortcode_before_footer_widgets":"","ocean_shortcode_after_footer_widgets":"","ocean_shortcode_before_footer_bottom":"","ocean_shortcode_after_footer_bottom":"","ocean_display_top_bar":"default","ocean_display_header":"default","ocean_header_style":"","ocean_center_header_left_menu":"0","ocean_custom_header_template":"0","ocean_custom_logo":0,"ocean_custom_retina_logo":0,"ocean_custom_logo_max_width":0,"ocean_custom_logo_tablet_max_width":0,"ocean_custom_logo_mobile_max_width":0,"ocean_custom_logo_max_height":0,"ocean_custom_logo_tablet_max_height":0,"ocean_custom_logo_mobile_max_height":0,"ocean_header_custom_menu":"0","ocean_menu_typo_font_family":"0","ocean_menu_typo_font_subset":"","ocean_menu_typo_font_size":0,"ocean_menu_typo_font_size_tablet":0,"ocean_menu_typo_font_size_mobile":0,"ocean_menu_typo_font_size_unit":"px","ocean_menu_typo_font_weight":"","ocean_menu_typo_font_weight_tablet":"","ocean_menu_typo_font_weight_mobile":"","ocean_menu_typo_transform":"","ocean_menu_typo_transform_tablet":"","ocean_menu_typo_transform_mobile":"","ocean_menu_typo_line_height":0,"ocean_menu_typo_line_height_tablet":0,"ocean_menu_typo_line_height_mobile":0,"ocean_menu_typo_line_height_unit":"","ocean_menu_typo_spacing":0,"ocean_menu_typo_spacing_tablet":0,"ocean_menu_typo_spacing_mobile":0,"ocean_menu_typo_spacing_unit":"","ocean_menu_link_color":"","ocean_menu_link_color_hover":"","ocean_menu_link_color_active":"","ocean_menu_link_background":"","ocean_menu_link_hover_background":"","ocean_menu_link_active_background":"","ocean_menu_social_links_bg":"","ocean_menu_social_hover_links_bg":"","ocean_menu_social_links_color":"","ocean_menu_social_hover_links_color":"","ocean_disable_title":"default","ocean_disable_heading":"default","ocean_post_title":"","ocean_post_subheading":"","ocean_post_title_style":"","ocean_post_title_background_color":"","ocean_post_title_background":0,"ocean_post_title_bg_image_position":"","ocean_post_title_bg_image_attachment":"","ocean_post_title_bg_image_repeat":"","ocean_post_title_bg_image_size":"","ocean_post_title_height":0,"ocean_post_title_bg_overlay":0.5,"ocean_post_title_bg_overlay_color":"","ocean_disable_breadcrumbs":"default","ocean_breadcrumbs_color":"","ocean_breadcrumbs_separator_color":"","ocean_breadcrumbs_links_color":"","ocean_breadcrumbs_links_hover_color":"","ocean_display_footer_widgets":"default","ocean_display_footer_bottom":"default","ocean_custom_footer_template":"0","omw_enable_modal_window":"enable","osh_disable_topbar_sticky":"default","osh_disable_header_sticky":"default","osh_sticky_header_style":"default","osh_sticky_header_effect":"","osh_custom_sticky_logo":0,"osh_custom_retina_sticky_logo":0,"osh_custom_sticky_logo_height":0,"osh_background_color":"","osh_links_color":"","osh_links_hover_color":"","osh_links_active_color":"","osh_links_bg_color":"","osh_links_hover_bg_color":"","osh_links_active_bg_color":"","osh_menu_social_links_color":"","osh_menu_social_hover_links_color":""},"product_brand":[1034],"product_cat":[45,70,58,63],"product_tag":[78,1161,751,1162],"class_list":{"0":"post-7057","1":"product","2":"type-product","3":"status-publish","4":"has-post-thumbnail","6":"product_brand-jucad","7":"product_cat-jucad-justar-golfbags","8":"product_cat-golfartikel-golfprodukte","9":"product_cat-jucad","10":"product_cat-justar","11":"product_tag-jucad","12":"product_tag-jucad-bag-first-class-revolution","13":"product_tag-jucad-golfbag","14":"product_tag-koenigsblau-weiss","15":"tm-has-options","17":"entry","18":"has-media","20":"first","21":"instock","22":"sale","23":"taxable","24":"shipping-taxable","25":"purchasable","26":"product-type-simple","27":"col","28":"span_1_of_3","29":"owp-content-center","30":"owp-thumbs-layout-horizontal","31":"owp-btn-normal","32":"owp-tabs-layout-horizontal","33":"circle-sale"},"_links":{"self":[{"href":"https:\/\/www.exclusive-golf-trolleys.de\/shop\/wp-json\/wp\/v2\/product\/7057","targetHints":{"allow":["GET"]}}],"collection":[{"href":"https:\/\/www.exclusive-golf-trolleys.de\/shop\/wp-json\/wp\/v2\/product"}],"about":[{"href":"https:\/\/www.exclusive-golf-trolleys.de\/shop\/wp-json\/wp\/v2\/types\/product"}],"replies":[{"embeddable":true,"href":"https:\/\/www.exclusive-golf-trolleys.de\/shop\/wp-json\/wp\/v2\/comments?post=7057"}],"wp:featuredmedia":[{"embeddable":true,"href":"https:\/\/www.exclusive-golf-trolleys.de\/shop\/wp-json\/wp\/v2\/media\/6760"}],"wp:attachment":[{"href":"https:\/\/www.exclusive-golf-trolleys.de\/shop\/wp-json\/wp\/v2\/media?parent=7057"}],"wp:term":[{"taxonomy":"product_brand","embeddable":true,"href":"https:\/\/www.exclusive-golf-trolleys.de\/shop\/wp-json\/wp\/v2\/product_brand?post=7057"},{"taxonomy":"product_cat","embeddable":true,"href":"https:\/\/www.exclusive-golf-trolleys.de\/shop\/wp-json\/wp\/v2\/product_cat?post=7057"},{"taxonomy":"product_tag","embeddable":true,"href":"https:\/\/www.exclusive-golf-trolleys.de\/shop\/wp-json\/wp\/v2\/product_tag?post=7057"}],"curies":[{"name":"wp","href":"https:\/\/api.w.org\/{rel}","templated":true}]}}