{"id":7007,"date":"2026-04-08T12:19:46","date_gmt":"2026-04-08T10:19:46","guid":{"rendered":"https:\/\/www.exclusive-golf-trolleys.de\/shop\/?post_type=product&#038;p=7007"},"modified":"2026-04-08T12:32:19","modified_gmt":"2026-04-08T10:32:19","slug":"justar-powerpack-1-0","status":"publish","type":"product","link":"https:\/\/www.exclusive-golf-trolleys.de\/shop\/produkt\/justar-powerpack-1-0\/","title":{"rendered":"JuStar Powerpack 1.0"},"content":{"rendered":"<p><strong>JuStar Powerpack 1.0<\/strong><br \/>\nVersion 1.0 f\u00fcr Golftrolleys mit silbernem Stecker und separater Ladebuchse 3-Polig.<\/p>\n<p>F\u00fcr ihren JuStar 1.0 ben\u00f6tigen sie ein neues Powerpack, aus welchen Gr\u00fcnden auch immer?<br \/>\nMit dem original JuStar Powerpack Akku mit silbernem Stecker und separater Ladebuchse (Version 1.0)<br \/>\nund einer Reichweite von ca. +\/- 45-Loch haben sie immer Energie f\u00fcr viele unbeschwerte Golfrunden.<\/p>\n<p>Artikel Nr.: JPP-2<br \/>\nFarbe: Schwarz<br \/>\nLieferumfang: Powerpack 1.0 mit Schutzh\u00fclle und Schutzball f\u00fcr den Stecker<\/p>\n<p><strong>Bitte unbedingt vor Bestellung Steckerinnenfarbe unter Optionen w\u00e4hlen!<\/strong><br \/>\nGr\u00fcn\/Wei\u00df: passt f\u00fcr die meisten Modelle<br \/>\nBlau\/Wei\u00df: \u00e4lter Modelle<br \/>\nPink\/Wei\u00df: f\u00fcr JuStar Modelle mit Elektr. Parkbremse<\/p>\n<p>Wenn sie sich unsicher sind, bitte vorab mit unserem Kundenservice 0170 5250050 in Kontakt treten.<\/p>\n<p><strong>Wichtiger Hinweis f\u00fcr ihre geplante Flugreise:<\/strong><br \/>\nWenn sie ihren JuStar 1.0 mit in den Urlaub nehmen wollen, empfehlen wir ihnen unseren Flugakku Leihservice.<br \/>\nBitte fr\u00fchzeitig mit uns in Kontakt treten um die Verf\u00fcgbarkeit zu erfahren.<\/p>\n<p><strong>JuStar Flugakkus \/ Flug-Powerpacks sind getestet, gepr\u00fcft und nach UN-Transporttest BU-202000217-B1 zertifiziert!<\/strong><br \/>\nDas Zertifikat zur Vorlage bei ihrer Fluggesellschaft erhalten sie mit der Lieferung.<\/p>\n","protected":false},"excerpt":{"rendered":"<p>JuStar Powerpack 1.0 f\u00fcr alle JuStar Golftrolley Version 1.0<br \/>\nmit silbernem Stecker (siehe Produktbilder)<br \/>\nBitte auf ihre Steckerinnenfarbe achten!<\/p>\n","protected":false},"featured_media":1760,"comment_status":"open","ping_status":"closed","template":"","meta":{"ocean_post_layout":"","ocean_both_sidebars_style":"","ocean_both_sidebars_content_width":0,"ocean_both_sidebars_sidebars_width":0,"ocean_sidebar":"0","ocean_second_sidebar":"0","ocean_disable_margins":"enable","ocean_add_body_class":"","ocean_shortcode_before_top_bar":"","ocean_shortcode_after_top_bar":"","ocean_shortcode_before_header":"","ocean_shortcode_after_header":"","ocean_has_shortcode":"","ocean_shortcode_after_title":"","ocean_shortcode_before_footer_widgets":"","ocean_shortcode_after_footer_widgets":"","ocean_shortcode_before_footer_bottom":"","ocean_shortcode_after_footer_bottom":"","ocean_display_top_bar":"default","ocean_display_header":"default","ocean_header_style":"","ocean_center_header_left_menu":"0","ocean_custom_header_template":"0","ocean_custom_logo":0,"ocean_custom_retina_logo":0,"ocean_custom_logo_max_width":0,"ocean_custom_logo_tablet_max_width":0,"ocean_custom_logo_mobile_max_width":0,"ocean_custom_logo_max_height":0,"ocean_custom_logo_tablet_max_height":0,"ocean_custom_logo_mobile_max_height":0,"ocean_header_custom_menu":"0","ocean_menu_typo_font_family":"0","ocean_menu_typo_font_subset":"","ocean_menu_typo_font_size":0,"ocean_menu_typo_font_size_tablet":0,"ocean_menu_typo_font_size_mobile":0,"ocean_menu_typo_font_size_unit":"px","ocean_menu_typo_font_weight":"","ocean_menu_typo_font_weight_tablet":"","ocean_menu_typo_font_weight_mobile":"","ocean_menu_typo_transform":"","ocean_menu_typo_transform_tablet":"","ocean_menu_typo_transform_mobile":"","ocean_menu_typo_line_height":0,"ocean_menu_typo_line_height_tablet":0,"ocean_menu_typo_line_height_mobile":0,"ocean_menu_typo_line_height_unit":"","ocean_menu_typo_spacing":0,"ocean_menu_typo_spacing_tablet":0,"ocean_menu_typo_spacing_mobile":0,"ocean_menu_typo_spacing_unit":"","ocean_menu_link_color":"","ocean_menu_link_color_hover":"","ocean_menu_link_color_active":"","ocean_menu_link_background":"","ocean_menu_link_hover_background":"","ocean_menu_link_active_background":"","ocean_menu_social_links_bg":"","ocean_menu_social_hover_links_bg":"","ocean_menu_social_links_color":"","ocean_menu_social_hover_links_color":"","ocean_disable_title":"default","ocean_disable_heading":"default","ocean_post_title":"","ocean_post_subheading":"","ocean_post_title_style":"","ocean_post_title_background_color":"","ocean_post_title_background":0,"ocean_post_title_bg_image_position":"","ocean_post_title_bg_image_attachment":"","ocean_post_title_bg_image_repeat":"","ocean_post_title_bg_image_size":"","ocean_post_title_height":0,"ocean_post_title_bg_overlay":0.5,"ocean_post_title_bg_overlay_color":"","ocean_disable_breadcrumbs":"default","ocean_breadcrumbs_color":"","ocean_breadcrumbs_separator_color":"","ocean_breadcrumbs_links_color":"","ocean_breadcrumbs_links_hover_color":"","ocean_display_footer_widgets":"default","ocean_display_footer_bottom":"default","ocean_custom_footer_template":"0","omw_enable_modal_window":"enable","osh_disable_topbar_sticky":"default","osh_disable_header_sticky":"default","osh_sticky_header_style":"default","osh_sticky_header_effect":"","osh_custom_sticky_logo":0,"osh_custom_retina_sticky_logo":0,"osh_custom_sticky_logo_height":0,"osh_background_color":"","osh_links_color":"","osh_links_hover_color":"","osh_links_active_color":"","osh_links_bg_color":"","osh_links_hover_bg_color":"","osh_links_active_bg_color":"","osh_menu_social_links_color":"","osh_menu_social_hover_links_color":""},"product_brand":[1007],"product_cat":[15,44,63,468],"product_tag":[204,515,72,73,1136,1135,469],"class_list":{"0":"post-7007","1":"product","2":"type-product","3":"status-publish","4":"has-post-thumbnail","6":"product_brand-justar","7":"product_cat-zubehoer","8":"product_cat-golftrolleys","9":"product_cat-justar","10":"product_cat-justar-service","11":"product_tag-1-0","12":"product_tag-akku","13":"product_tag-golftrolley","14":"product_tag-justar","15":"product_tag-justar-akku","16":"product_tag-justar-powerpack-1-0","17":"product_tag-powerpack","18":"tm-has-options","20":"entry","21":"has-media","23":"first","24":"instock","25":"sale","26":"taxable","27":"shipping-taxable","28":"purchasable","29":"product-type-simple","30":"col","31":"span_1_of_3","32":"owp-content-center","33":"owp-thumbs-layout-horizontal","34":"owp-btn-normal","35":"owp-tabs-layout-horizontal","36":"has-no-thumbnails","37":"circle-sale"},"_links":{"self":[{"href":"https:\/\/www.exclusive-golf-trolleys.de\/shop\/wp-json\/wp\/v2\/product\/7007","targetHints":{"allow":["GET"]}}],"collection":[{"href":"https:\/\/www.exclusive-golf-trolleys.de\/shop\/wp-json\/wp\/v2\/product"}],"about":[{"href":"https:\/\/www.exclusive-golf-trolleys.de\/shop\/wp-json\/wp\/v2\/types\/product"}],"replies":[{"embeddable":true,"href":"https:\/\/www.exclusive-golf-trolleys.de\/shop\/wp-json\/wp\/v2\/comments?post=7007"}],"wp:featuredmedia":[{"embeddable":true,"href":"https:\/\/www.exclusive-golf-trolleys.de\/shop\/wp-json\/wp\/v2\/media\/1760"}],"wp:attachment":[{"href":"https:\/\/www.exclusive-golf-trolleys.de\/shop\/wp-json\/wp\/v2\/media?parent=7007"}],"wp:term":[{"taxonomy":"product_brand","embeddable":true,"href":"https:\/\/www.exclusive-golf-trolleys.de\/shop\/wp-json\/wp\/v2\/product_brand?post=7007"},{"taxonomy":"product_cat","embeddable":true,"href":"https:\/\/www.exclusive-golf-trolleys.de\/shop\/wp-json\/wp\/v2\/product_cat?post=7007"},{"taxonomy":"product_tag","embeddable":true,"href":"https:\/\/www.exclusive-golf-trolleys.de\/shop\/wp-json\/wp\/v2\/product_tag?post=7007"}],"curies":[{"name":"wp","href":"https:\/\/api.w.org\/{rel}","templated":true}]}}