{"id":6765,"date":"2026-01-07T22:54:48","date_gmt":"2026-01-07T21:54:48","guid":{"rendered":"https:\/\/www.exclusive-golf-trolleys.de\/shop\/?post_type=product&#038;p=6765"},"modified":"2026-01-18T11:21:28","modified_gmt":"2026-01-18T10:21:28","slug":"jucad-carbon-travel-royal-navy-3-0","status":"publish","type":"product","link":"https:\/\/www.exclusive-golf-trolleys.de\/shop\/produkt\/jucad-carbon-travel-royal-navy-3-0\/","title":{"rendered":"JuCad Carbon Travel Royal Navy 3.0"},"content":{"rendered":"<h1 class=\"product-detail-description-title\" data-pid=\"019b304f404273c7aec97e6f69e38ef7\">JuCad Carbon Travel Royal Navy 3.0<\/h1>\n<p><strong>NEU &#8211; Slope Balance Control (SBC\u00ae) f\u00fcr optimalen Hangausgleich um immer in der Spur zu bleiben.<\/strong><br \/>\nBrandneues Modell 2026 &#8211; JuCad 3.0<\/p>\n<p>Der JuCad Carbon Travel Royal Navy 3.0 begeistert in tiefem, edlen Matt-Blau mit wei\u00dfen Streifen \u2013 elegant und kraftvoll f\u00fcr die stilvolle Performance.<br \/>\nDas Sondermodell sticht jedoch nicht nur optisch hervor. Auch in Sachen Technik verspricht der Royal Navy mit leichten 5,8 Kilo und zwei kraftvollen Motoren Fahrfreude pur.<br \/>\nDank seines extrem stabilen Vollcarbon-Rahmens, der von uns speziell f\u00fcr die hohen Anforderungen auf dem Golfplatz ausgelegt wurde, bietet der Caddy trotz seines geringen Gewichts absolute Stabilit\u00e4t.<br \/>\nDas neue, intelligente Technikpaket 3.0 sorgt f\u00fcr weiteren Komfort und beinhaltet leise Brushless Motoren mit einer beidseitigen elektronischen Parkbremse f\u00fcr sicheren Halt auf steilstem Gel\u00e4nde sowie Magnetstecker, eine integrierte Ladestandsanzeige und<br \/>\n<strong>NEU &#8211; Slope Balance Control (SBC\u00ae) f\u00fcr optimalen Hangausgleich um immer in der Spur zu bleiben.<\/strong><\/p>\n<p>Der JuCad Carbon Travel Royal Navy 3.0 erreicht ein Mini-Packma\u00df von nur 65x35x15 cm und ist der ideale Reisebegleiter.<br \/>\nEr l\u00e4sst sich samt Golfbag ins Travelcover packen und Sie reisen mit nur einem Gep\u00e4ckst\u00fcck.<br \/>\nDer stufenlose Gasgriff, die automatische Vorw\u00e4rts- und R\u00fcckw\u00e4rtsfunktion und der leise permanente Zweiradantrieb machen jede Golfrunde zum Vergn\u00fcgen.<br \/>\nOptional ist der JuCad Carbon Travel Royal Navy 3.0 mit der JuCad Fernsteuerung erh\u00e4ltlich, so sparen Sie viele Wege und k\u00f6nnen sich voll auf Ihr Spiel konzentrieren.<\/p>\n<p>Technische Details:<\/p>\n<ul>\n<li>Integriertes Technikpaket 3.0 mit beidseitiger elektronischer Parkbremse, Brushless Motoren, Magnetstecker, Ladestandsanzeige und<br \/>\nNEU!\u00a0<b>Slope Balance Control (SBC\u00ae) f\u00fcr optimalen Hangausgleich um immer in der Spur zu bleiben<\/b><\/li>\n<li>48V Antriebssystem<\/li>\n<li>Stufenloser Gasgriff f\u00fcr eine einfache Bedienung<\/li>\n<li>Drehschalter mit Vorw\u00e4rts-, R\u00fcckw\u00e4rts und Freilauffunktion<\/li>\n<li>Schirmhalterung f\u00fcr JuCad Schirm<\/li>\n<li>H\u00f6henverstellbare Griffstange<\/li>\n<li>Klapp- und drehbare Bagauflage oben und unten<\/li>\n<li>Leichtes Ziehen und Schieben auch ohne Akku m\u00f6glich<\/li>\n<li>Automatische Vorlauffunktion (Distanzgeber 10-20-30 Meter)<\/li>\n<li>Elektronische Bergbremse (Tempomat)<\/li>\n<li>Keine sichtbaren Kabel, Akkus und Motoren<\/li>\n<li>Lithium-Hochleistungsakku bis zu 45 Loch mit kleinem Ladeger\u00e4t \u2013 getestet, gepr\u00fcft und nach UN-Transporttest BU-202100303-B1 und ZMGX20250307UN02 zertifiziert<\/li>\n<li>Extrem stabile Leichtlaufr\u00e4der<\/li>\n<li>Reifen mit Luftpolsterfederung<\/li>\n<li>Leicht und klein zusammenlegbares Mini-Packma\u00df: 65x35x15 cm<\/li>\n<li>Vollcarbon-Rahmen mit 6 Jahren Garantie<\/li>\n<li>3-Speichenfelge in Mattblau<\/li>\n<li>Gewicht Rahmen und R\u00e4der 5,8 kg<\/li>\n<\/ul>\n<p>Optional mit JuCad Fernsteuerung (Aufpreis 399 Euro)<\/p>\n","protected":false},"excerpt":{"rendered":"<h1 class=\"product-detail-description-title\" data-pid=\"019b304f404273c7aec97e6f69e38ef7\">JuCad Carbon Travel Royal Navy 3.0<\/h1>\n<p>Modell 2026<br \/>\nBis 31.05.2026 Lieferung incl. kostenfreier JuCad Transporttasche \u201eTravel\u201c<br \/>\nJuCad Zubeh\u00f6r-Set zum Vorzugspreis (optional)<\/p>\n","protected":false},"featured_media":6801,"comment_status":"open","ping_status":"closed","template":"","meta":{"ocean_post_layout":"","ocean_both_sidebars_style":"","ocean_both_sidebars_content_width":0,"ocean_both_sidebars_sidebars_width":0,"ocean_sidebar":"0","ocean_second_sidebar":"0","ocean_disable_margins":"enable","ocean_add_body_class":"","ocean_shortcode_before_top_bar":"","ocean_shortcode_after_top_bar":"","ocean_shortcode_before_header":"","ocean_shortcode_after_header":"","ocean_has_shortcode":"","ocean_shortcode_after_title":"","ocean_shortcode_before_footer_widgets":"","ocean_shortcode_after_footer_widgets":"","ocean_shortcode_before_footer_bottom":"","ocean_shortcode_after_footer_bottom":"","ocean_display_top_bar":"default","ocean_display_header":"default","ocean_header_style":"","ocean_center_header_left_menu":"0","ocean_custom_header_template":"0","ocean_custom_logo":0,"ocean_custom_retina_logo":0,"ocean_custom_logo_max_width":0,"ocean_custom_logo_tablet_max_width":0,"ocean_custom_logo_mobile_max_width":0,"ocean_custom_logo_max_height":0,"ocean_custom_logo_tablet_max_height":0,"ocean_custom_logo_mobile_max_height":0,"ocean_header_custom_menu":"0","ocean_menu_typo_font_family":"0","ocean_menu_typo_font_subset":"","ocean_menu_typo_font_size":0,"ocean_menu_typo_font_size_tablet":0,"ocean_menu_typo_font_size_mobile":0,"ocean_menu_typo_font_size_unit":"px","ocean_menu_typo_font_weight":"","ocean_menu_typo_font_weight_tablet":"","ocean_menu_typo_font_weight_mobile":"","ocean_menu_typo_transform":"","ocean_menu_typo_transform_tablet":"","ocean_menu_typo_transform_mobile":"","ocean_menu_typo_line_height":0,"ocean_menu_typo_line_height_tablet":0,"ocean_menu_typo_line_height_mobile":0,"ocean_menu_typo_line_height_unit":"","ocean_menu_typo_spacing":0,"ocean_menu_typo_spacing_tablet":0,"ocean_menu_typo_spacing_mobile":0,"ocean_menu_typo_spacing_unit":"","ocean_menu_link_color":"","ocean_menu_link_color_hover":"","ocean_menu_link_color_active":"","ocean_menu_link_background":"","ocean_menu_link_hover_background":"","ocean_menu_link_active_background":"","ocean_menu_social_links_bg":"","ocean_menu_social_hover_links_bg":"","ocean_menu_social_links_color":"","ocean_menu_social_hover_links_color":"","ocean_disable_title":"default","ocean_disable_heading":"default","ocean_post_title":"","ocean_post_subheading":"","ocean_post_title_style":"","ocean_post_title_background_color":"","ocean_post_title_background":0,"ocean_post_title_bg_image_position":"","ocean_post_title_bg_image_attachment":"","ocean_post_title_bg_image_repeat":"","ocean_post_title_bg_image_size":"","ocean_post_title_height":0,"ocean_post_title_bg_overlay":0.5,"ocean_post_title_bg_overlay_color":"","ocean_disable_breadcrumbs":"default","ocean_breadcrumbs_color":"","ocean_breadcrumbs_separator_color":"","ocean_breadcrumbs_links_color":"","ocean_breadcrumbs_links_hover_color":"","ocean_display_footer_widgets":"default","ocean_display_footer_bottom":"default","ocean_custom_footer_template":"0","omw_enable_modal_window":"enable","osh_disable_topbar_sticky":"default","osh_disable_header_sticky":"default","osh_sticky_header_style":"default","osh_sticky_header_effect":"","osh_custom_sticky_logo":0,"osh_custom_retina_sticky_logo":0,"osh_custom_sticky_logo_height":0,"osh_background_color":"","osh_links_color":"","osh_links_hover_color":"","osh_links_active_color":"","osh_links_bg_color":"","osh_links_hover_bg_color":"","osh_links_active_bg_color":"","osh_menu_social_links_color":"","osh_menu_social_hover_links_color":""},"product_brand":[1034],"product_cat":[58,44,62],"product_tag":[78,1107,1108,940],"class_list":{"0":"post-6765","1":"product","2":"type-product","3":"status-publish","4":"has-post-thumbnail","6":"product_brand-jucad","7":"product_cat-jucad","8":"product_cat-golftrolleys","9":"product_cat-jucad-carbon-golftrolleys","10":"product_tag-jucad","11":"product_tag-jucad-carbon-travel-3-0","12":"product_tag-jucad-carbon-travel-royal-navy-3-0","13":"product_tag-jucad-golftrolley","14":"tm-has-options","16":"entry","17":"has-media","19":"first","20":"instock","21":"sale","22":"taxable","23":"shipping-taxable","24":"purchasable","25":"product-type-simple","26":"col","27":"span_1_of_3","28":"owp-content-center","29":"owp-thumbs-layout-horizontal","30":"owp-btn-normal","31":"owp-tabs-layout-horizontal","32":"circle-sale"},"_links":{"self":[{"href":"https:\/\/www.exclusive-golf-trolleys.de\/shop\/wp-json\/wp\/v2\/product\/6765","targetHints":{"allow":["GET"]}}],"collection":[{"href":"https:\/\/www.exclusive-golf-trolleys.de\/shop\/wp-json\/wp\/v2\/product"}],"about":[{"href":"https:\/\/www.exclusive-golf-trolleys.de\/shop\/wp-json\/wp\/v2\/types\/product"}],"replies":[{"embeddable":true,"href":"https:\/\/www.exclusive-golf-trolleys.de\/shop\/wp-json\/wp\/v2\/comments?post=6765"}],"wp:featuredmedia":[{"embeddable":true,"href":"https:\/\/www.exclusive-golf-trolleys.de\/shop\/wp-json\/wp\/v2\/media\/6801"}],"wp:attachment":[{"href":"https:\/\/www.exclusive-golf-trolleys.de\/shop\/wp-json\/wp\/v2\/media?parent=6765"}],"wp:term":[{"taxonomy":"product_brand","embeddable":true,"href":"https:\/\/www.exclusive-golf-trolleys.de\/shop\/wp-json\/wp\/v2\/product_brand?post=6765"},{"taxonomy":"product_cat","embeddable":true,"href":"https:\/\/www.exclusive-golf-trolleys.de\/shop\/wp-json\/wp\/v2\/product_cat?post=6765"},{"taxonomy":"product_tag","embeddable":true,"href":"https:\/\/www.exclusive-golf-trolleys.de\/shop\/wp-json\/wp\/v2\/product_tag?post=6765"}],"curies":[{"name":"wp","href":"https:\/\/api.w.org\/{rel}","templated":true}]}}