{"id":6763,"date":"2026-01-07T22:15:06","date_gmt":"2026-01-07T21:15:06","guid":{"rendered":"https:\/\/www.exclusive-golf-trolleys.de\/shop\/?post_type=product&#038;p=6763"},"modified":"2026-01-18T11:19:16","modified_gmt":"2026-01-18T10:19:16","slug":"jucad-phantom-titan-ex-3-0-golftrolley","status":"publish","type":"product","link":"https:\/\/www.exclusive-golf-trolleys.de\/shop\/produkt\/jucad-phantom-titan-ex-3-0-golftrolley\/","title":{"rendered":"JuCad Phantom Titan eX 3.0 Golftrolley"},"content":{"rendered":"<h3><strong>JuCad Phantom Titan eX 3.0 Golftrolley <\/strong><\/h3>\n<p>Wie ein Phantom gleitet dieser JuCad Titan-Elektrocaddy auf seinen unvergleichlichen Design-Felgen \u00fcber das Fairway.<br \/>\nDie eleganten Einspeichenfelgen aus Vollcarbon des JuCad Phantom Titan eX 3.0 sind schon eine Sensation f\u00fcr sich.<br \/>\nMit diesen Felgen und dem schlanken Titanrahmen, hervorgehoben durch die bekannte Einarmschwinge am Vorderrad und der eleganten Griffstange mit stufenlosem Geschwindigkeitsregler, wirkt der Caddy wie eine schwebende Erscheinung. Das intelligente Technikpaket sorgt f\u00fcr weiteren Komfort und beinhaltet leise Brushless Motoren mit einer beidseitigen elektronischen Parkbremse f\u00fcr sicheren Halt auf steilstem Gel\u00e4nde sowie Magnetstecker, eine integrierte Ladestandsanzeige und<br \/>\n<strong>NEU &#8211; Slope Balance Control (SBC\u00ae) f\u00fcr optimalen Hangausgleich um immer in der Spur zu bleiben.<\/strong><\/p>\n<p>Dank seiner komfortablen Falttechnik wird der Caddy in Sekundenschnelle auf ein superflaches Packma\u00df gebracht und verstaut.<br \/>\nH\u00f6chsten Fahrkomfort bieten der hochfeste Titanrahmen, das kraftvolle und leise 48V Antriebssystem mit den Funktionen Vorw\u00e4rts, R\u00fcckw\u00e4rts, Neutral und automatischer Vorlauf sowie die Fernsteuerung.<br \/>\nEin besonderes Highlight ist auch das JuCad Powerlock-System, das gleichzeitig die Fixierung der oberen Baghalterung sowie der Griffstange erm\u00f6glicht.<\/p>\n<p><strong>Der JuCad Phantom Titan eX 3.0 Golftrolley wird inklusive einer extra flachen Tragetasche und der bew\u00e4hrten Fernsteuerung geliefert.<\/strong><\/p>\n<p><strong>Technische Details des Phantom:<\/strong><\/p>\n<ul>\n<li>Integriertes Technikpaket 3.0 mit beidseitiger elektronischer Parkbremse, Brushless Motoren, Magnetstecker, Ladestandsanzeige und<b><br \/>\nNEU! Slope Balance Control (SBC\u00ae) f\u00fcr optimalen Hangausgleich um immer in der Spur zu bleiben<\/b><\/li>\n<li>48V Antriebssystem<\/li>\n<li>Stufenloser Gasgriff f\u00fcr eine einfache Bedienung<\/li>\n<li>Drehschalter mit Vorw\u00e4rts-, R\u00fcckw\u00e4rts und Freilauffunktion<\/li>\n<li>Schirmhalterung f\u00fcr JuCad Schirm<\/li>\n<li>H\u00f6henverstellbare Griffstange<\/li>\n<li>Klapp- und drehbare Bagauflage oben und unten<\/li>\n<li>Leichtes Ziehen und Schieben auch ohne Akku m\u00f6glich<\/li>\n<li>Automatische Vorlauffunktion (Distanzgeber 10-20-30 Meter)<\/li>\n<li>Elektronische Bergbremse (Tempomat)<\/li>\n<li>Keine sichtbaren Kabel, Akkus und Motoren<\/li>\n<li>Lithium-Hochleistungsakku bis zu 45 Loch mit kleinem Ladeger\u00e4t \u2013 getestet, gepr\u00fcft und nach UN-Transporttest BU-202100303-B1 und ZMGX20250307UN02 zertifiziert<\/li>\n<li>Extrem stabile Leichtlaufr\u00e4der<\/li>\n<li>Reifen mit Luftpolsterfederung, Reifenbelag wechselbar<\/li>\n<li>Verschiedene Felgen- und Reifenfarben ohne Aufpreis<\/li>\n<li>Gleichzeitige Fixierung der h\u00f6henverstellbaren Griffstange und der oberen Baghalterung mit praktischem Fl\u00fcgelgriff<\/li>\n<li>Innovative Falttechnik f\u00fcr flaches Klapp-Packma\u00df: 65 x 60 x 11 cm<\/li>\n<li>Inklusive JuCad Griffschutz<\/li>\n<li>Inklusive Fernsteuerung und Tragetasche<\/li>\n<li>Titan-Rahmen mit 6 Jahren Garantie<\/li>\n<li>High-Tech-Einspeichenfelgen aus Vollcarbon<\/li>\n<li>Gewicht Rahmen und R\u00e4der 6,5 kg<\/li>\n<li><\/li>\n<li><strong>Der JuCad Phantom Titan eX 3.0 wird inklusive einer praktischen Tragetasche mit separatem R\u00e4derbeutel und der bew\u00e4hrten JuCad Fernsteuerung geliefert.<\/strong><\/li>\n<\/ul>\n","protected":false},"excerpt":{"rendered":"<p>JuCad Phantom Titan eX 3.0 Golftrolley, ein sowohl optisches wie technisches Meisterwerk aus edlem Titan.<br \/>\nUnser Spitzenmodell um das sie garantiert jeder beneiden wird.<\/p>\n","protected":false},"featured_media":6804,"comment_status":"open","ping_status":"closed","template":"","meta":{"ocean_post_layout":"","ocean_both_sidebars_style":"","ocean_both_sidebars_content_width":0,"ocean_both_sidebars_sidebars_width":0,"ocean_sidebar":"0","ocean_second_sidebar":"0","ocean_disable_margins":"enable","ocean_add_body_class":"","ocean_shortcode_before_top_bar":"","ocean_shortcode_after_top_bar":"","ocean_shortcode_before_header":"","ocean_shortcode_after_header":"","ocean_has_shortcode":"","ocean_shortcode_after_title":"","ocean_shortcode_before_footer_widgets":"","ocean_shortcode_after_footer_widgets":"","ocean_shortcode_before_footer_bottom":"","ocean_shortcode_after_footer_bottom":"","ocean_display_top_bar":"default","ocean_display_header":"default","ocean_header_style":"","ocean_center_header_left_menu":"0","ocean_custom_header_template":"0","ocean_custom_logo":0,"ocean_custom_retina_logo":0,"ocean_custom_logo_max_width":0,"ocean_custom_logo_tablet_max_width":0,"ocean_custom_logo_mobile_max_width":0,"ocean_custom_logo_max_height":0,"ocean_custom_logo_tablet_max_height":0,"ocean_custom_logo_mobile_max_height":0,"ocean_header_custom_menu":"0","ocean_menu_typo_font_family":"0","ocean_menu_typo_font_subset":"","ocean_menu_typo_font_size":0,"ocean_menu_typo_font_size_tablet":0,"ocean_menu_typo_font_size_mobile":0,"ocean_menu_typo_font_size_unit":"px","ocean_menu_typo_font_weight":"","ocean_menu_typo_font_weight_tablet":"","ocean_menu_typo_font_weight_mobile":"","ocean_menu_typo_transform":"","ocean_menu_typo_transform_tablet":"","ocean_menu_typo_transform_mobile":"","ocean_menu_typo_line_height":0,"ocean_menu_typo_line_height_tablet":0,"ocean_menu_typo_line_height_mobile":0,"ocean_menu_typo_line_height_unit":"","ocean_menu_typo_spacing":0,"ocean_menu_typo_spacing_tablet":0,"ocean_menu_typo_spacing_mobile":0,"ocean_menu_typo_spacing_unit":"","ocean_menu_link_color":"","ocean_menu_link_color_hover":"","ocean_menu_link_color_active":"","ocean_menu_link_background":"","ocean_menu_link_hover_background":"","ocean_menu_link_active_background":"","ocean_menu_social_links_bg":"","ocean_menu_social_hover_links_bg":"","ocean_menu_social_links_color":"","ocean_menu_social_hover_links_color":"","ocean_disable_title":"default","ocean_disable_heading":"default","ocean_post_title":"","ocean_post_subheading":"","ocean_post_title_style":"","ocean_post_title_background_color":"","ocean_post_title_background":0,"ocean_post_title_bg_image_position":"","ocean_post_title_bg_image_attachment":"","ocean_post_title_bg_image_repeat":"","ocean_post_title_bg_image_size":"","ocean_post_title_height":0,"ocean_post_title_bg_overlay":0.5,"ocean_post_title_bg_overlay_color":"","ocean_disable_breadcrumbs":"default","ocean_breadcrumbs_color":"","ocean_breadcrumbs_separator_color":"","ocean_breadcrumbs_links_color":"","ocean_breadcrumbs_links_hover_color":"","ocean_display_footer_widgets":"default","ocean_display_footer_bottom":"default","ocean_custom_footer_template":"0","omw_enable_modal_window":"enable","osh_disable_topbar_sticky":"default","osh_disable_header_sticky":"default","osh_sticky_header_style":"default","osh_sticky_header_effect":"","osh_custom_sticky_logo":0,"osh_custom_retina_sticky_logo":0,"osh_custom_sticky_logo_height":0,"osh_background_color":"","osh_links_color":"","osh_links_hover_color":"","osh_links_active_color":"","osh_links_bg_color":"","osh_links_hover_bg_color":"","osh_links_active_bg_color":"","osh_menu_social_links_color":"","osh_menu_social_hover_links_color":""},"product_brand":[1034],"product_cat":[58,44,59],"product_tag":[78,1090,1105,1128],"class_list":{"0":"post-6763","1":"product","2":"type-product","3":"status-publish","4":"has-post-thumbnail","6":"product_brand-jucad","7":"product_cat-jucad","8":"product_cat-golftrolleys","9":"product_cat-jucad-titan-golftrolleys","10":"product_tag-jucad","11":"product_tag-jucad-3-0","12":"product_tag-jucad-phantom-titan-ex-3-0-golftrolley","13":"product_tag-jucad-titan-3-0","14":"tm-has-options","16":"entry","17":"has-media","19":"first","20":"instock","21":"sale","22":"taxable","23":"shipping-taxable","24":"purchasable","25":"product-type-simple","26":"col","27":"span_1_of_3","28":"owp-content-center","29":"owp-thumbs-layout-horizontal","30":"owp-btn-normal","31":"owp-tabs-layout-horizontal","32":"circle-sale"},"_links":{"self":[{"href":"https:\/\/www.exclusive-golf-trolleys.de\/shop\/wp-json\/wp\/v2\/product\/6763","targetHints":{"allow":["GET"]}}],"collection":[{"href":"https:\/\/www.exclusive-golf-trolleys.de\/shop\/wp-json\/wp\/v2\/product"}],"about":[{"href":"https:\/\/www.exclusive-golf-trolleys.de\/shop\/wp-json\/wp\/v2\/types\/product"}],"replies":[{"embeddable":true,"href":"https:\/\/www.exclusive-golf-trolleys.de\/shop\/wp-json\/wp\/v2\/comments?post=6763"}],"wp:featuredmedia":[{"embeddable":true,"href":"https:\/\/www.exclusive-golf-trolleys.de\/shop\/wp-json\/wp\/v2\/media\/6804"}],"wp:attachment":[{"href":"https:\/\/www.exclusive-golf-trolleys.de\/shop\/wp-json\/wp\/v2\/media?parent=6763"}],"wp:term":[{"taxonomy":"product_brand","embeddable":true,"href":"https:\/\/www.exclusive-golf-trolleys.de\/shop\/wp-json\/wp\/v2\/product_brand?post=6763"},{"taxonomy":"product_cat","embeddable":true,"href":"https:\/\/www.exclusive-golf-trolleys.de\/shop\/wp-json\/wp\/v2\/product_cat?post=6763"},{"taxonomy":"product_tag","embeddable":true,"href":"https:\/\/www.exclusive-golf-trolleys.de\/shop\/wp-json\/wp\/v2\/product_tag?post=6763"}],"curies":[{"name":"wp","href":"https:\/\/api.w.org\/{rel}","templated":true}]}}