{"id":6721,"date":"2026-01-06T12:42:11","date_gmt":"2026-01-06T11:42:11","guid":{"rendered":"https:\/\/www.exclusive-golf-trolleys.de\/shop\/?post_type=product&#038;p=6721"},"modified":"2026-03-19T14:14:22","modified_gmt":"2026-03-19T13:14:22","slug":"jucad-carbon-drive-classic-3-0","status":"publish","type":"product","link":"https:\/\/www.exclusive-golf-trolleys.de\/shop\/produkt\/jucad-carbon-drive-classic-3-0\/","title":{"rendered":"JuCad Carbon Drive Classic 3.0"},"content":{"rendered":"<h2><strong>JuCad Carbon Drive Classic 3.0<\/strong><\/h2>\n<h2><strong>Brandneues Modell 3.0 \/ Bj. 2026<br \/>\nNEU &#8211; Slope Balance Control (SBC\u00ae) f\u00fcr optimalen Hangausgleich um immer in der Spur zu bleiben<br \/>\n<\/strong><strong>Angebot inkl. kompletten Zubeh\u00f6rpaket:<\/strong><\/h2>\n<ul>\n<li><strong>JuCad Scorekartenhalter in Schwarz<br \/>\nJuCad Griff- u. K\u00e4lteschutz 2.tlg.<br \/>\nJuCad Transporttasche mit Teleskopgriff und Rollen<br \/>\nJuCad Golfschirm mit 99% UV-Protection<\/strong><\/li>\n<\/ul>\n<p>Der JuCad Carbon Drive Classic 3.0 mit seiner einzigartigen, leicht schimmernden 3K-Carbon-Oberfl\u00e4che zeichnet sich durch seine bedienerfreundliche Technik und hochwertige Verarbeitung aus. Durch die elegante Linienf\u00fchrung ohne sichtbare Kabel, Akkus und Motoren wirkt der JuCad Carbon drive Classic 3.0 mit Vollcarbon-Rahmen so anmutig wie ein Golfcaddy ohne Antrieb.<\/p>\n<p>Das intelligente Technikpaket 3.0 sorgt f\u00fcr hohen Komfort und beinhaltet leise Brushless Motoren mit einer beidseitigen elektronischen Parkbremse f\u00fcr sicheren Halt auf steilstem Gel\u00e4nde sowie Magnetstecker, eine integrierte Ladestandsanzeige und<br \/>\n<strong><span style=\"color: #ff0000;\">NEU<\/span> &#8211; Slope Balance Control (SBC\u00ae) f\u00fcr optimalen Hangausgleich um immer in der Spur zu bleiben<\/strong>.<br \/>\nMit nur 5,5 kg ist das Leichtgewicht ein absoluter Spitzenreiter unter den Elektrotrolleys!<br \/>\nDennoch gibt es bei diesem Modell keine Gewichtsbegrenzung f\u00fcr das Golfbag.<br \/>\nMit dem stufenlosen Drehgriff wird der Caddy in Bewegung gesetzt und bietet durch die bew\u00e4hrte JuCad Technik erstklassigen Fahrkomfort.<br \/>\nDer kraftvolle Traktionsantrieb kann so auch auf bergigen Golfpl\u00e4tzen sein K\u00f6nnen unter Beweis stellen.<br \/>\nNach der Golfrunde ist der JuCad Carbon Drive Classic 3.0 mit wenigen Handgriffen flach zusammengeklappt und kann in der Caddybox oder im Kofferraum verstaut werden.<\/p>\n<p><strong>Technische Details:<\/strong><\/p>\n<ul>\n<li>Integriertes Technikpaket 3.0 mit beidseitiger elektronischer Parkbremse, Brushless Motoren, Magnetstecker, Ladestandsanzeige<br \/>\n<span style=\"color: #ff0000;\">NEU!\u00a0<\/span><b>Slope Balance Control (SBC\u00ae) f\u00fcr optimalen Hangausgleich um immer in der Spur zu bleiben<\/b><\/li>\n<li>48V Antriebssystem<\/li>\n<li>Stufenloser Gasgriff f\u00fcr eine einfache Bedienung<\/li>\n<li>Schalter mit Vorw\u00e4rts- und Freilauffunktion<\/li>\n<li>Schirmhalterung f\u00fcr JuCad Schirm<\/li>\n<li>H\u00f6henverstellbare Griffstange<\/li>\n<li>Klapp- und drehbare Bagauflage oben und unten<\/li>\n<li>Leichtes Ziehen und Schieben auch ohne Akku m\u00f6glich<\/li>\n<li>Automatische Vorlauffunktion (Distanzgeber 10-20-30 Meter)<\/li>\n<li>Elektronische Bergbremse (Tempomat)<\/li>\n<li>Keine sichtbaren Kabel, Akkus und Motoren<\/li>\n<li>Lithium-Hochleistungsakku bis zu 45 Loch mit kleinem Ladeger\u00e4t \u2013 getestet, gepr\u00fcft und nach UN-Transporttest BU-202100303-B1 und ZMGX20250307UN02 zertifiziert<\/li>\n<li>Extrem stabile Leichtlaufr\u00e4der<\/li>\n<li>Reifen mit Luftpolsterfederung, Reifenbelag wechselbar<\/li>\n<li>Verschiedene Felgen- und Reifenfarben ohne Aufpreis<\/li>\n<li>Leicht und flach klappbares Packma\u00df: 65 x 60 x 10 cm<\/li>\n<li>Vollcarbon-Rahmen in Matt-Schwarz mit 6 Jahren Garantie<\/li>\n<li>Gewicht Rahmen und R\u00e4der 5,5 kg<\/li>\n<li>Optional mit Fernsteuerung &#8211; Aufpreis 399 Euro bei Neubestellung<\/li>\n<li><b>Inkl. JuCad Golfschirm Silber mit UV-Schutz,<br \/>\nScorekartenhalter schwarz,<br \/>\nTransporttasche<br \/>\nGriffschutz<\/b><\/li>\n<\/ul>\n","protected":false},"excerpt":{"rendered":"<h2><strong>JuCad Carbon Drive Classic 3.0<\/strong><\/h2>\n<h2><strong>Brandneues Modell 3.0 \/ Bj. 2026<br \/>\nNEU &#8211; Slope Balance Control (SBC\u00ae) f\u00fcr optimalen Hangausgleich um immer in der Spur zu bleiben<br \/>\n<\/strong><strong>Angebot inkl. kompletten Zubeh\u00f6rpaket,<br \/>\ng\u00fcltig bis 30.April 2026<\/strong><\/h2>\n","protected":false},"featured_media":6799,"comment_status":"open","ping_status":"closed","template":"","meta":{"ocean_post_layout":"","ocean_both_sidebars_style":"","ocean_both_sidebars_content_width":0,"ocean_both_sidebars_sidebars_width":0,"ocean_sidebar":"0","ocean_second_sidebar":"0","ocean_disable_margins":"enable","ocean_add_body_class":"","ocean_shortcode_before_top_bar":"","ocean_shortcode_after_top_bar":"","ocean_shortcode_before_header":"","ocean_shortcode_after_header":"","ocean_has_shortcode":"","ocean_shortcode_after_title":"","ocean_shortcode_before_footer_widgets":"","ocean_shortcode_after_footer_widgets":"","ocean_shortcode_before_footer_bottom":"","ocean_shortcode_after_footer_bottom":"","ocean_display_top_bar":"default","ocean_display_header":"default","ocean_header_style":"","ocean_center_header_left_menu":"0","ocean_custom_header_template":"0","ocean_custom_logo":0,"ocean_custom_retina_logo":0,"ocean_custom_logo_max_width":0,"ocean_custom_logo_tablet_max_width":0,"ocean_custom_logo_mobile_max_width":0,"ocean_custom_logo_max_height":0,"ocean_custom_logo_tablet_max_height":0,"ocean_custom_logo_mobile_max_height":0,"ocean_header_custom_menu":"0","ocean_menu_typo_font_family":"0","ocean_menu_typo_font_subset":"","ocean_menu_typo_font_size":0,"ocean_menu_typo_font_size_tablet":0,"ocean_menu_typo_font_size_mobile":0,"ocean_menu_typo_font_size_unit":"px","ocean_menu_typo_font_weight":"","ocean_menu_typo_font_weight_tablet":"","ocean_menu_typo_font_weight_mobile":"","ocean_menu_typo_transform":"","ocean_menu_typo_transform_tablet":"","ocean_menu_typo_transform_mobile":"","ocean_menu_typo_line_height":0,"ocean_menu_typo_line_height_tablet":0,"ocean_menu_typo_line_height_mobile":0,"ocean_menu_typo_line_height_unit":"","ocean_menu_typo_spacing":0,"ocean_menu_typo_spacing_tablet":0,"ocean_menu_typo_spacing_mobile":0,"ocean_menu_typo_spacing_unit":"","ocean_menu_link_color":"","ocean_menu_link_color_hover":"","ocean_menu_link_color_active":"","ocean_menu_link_background":"","ocean_menu_link_hover_background":"","ocean_menu_link_active_background":"","ocean_menu_social_links_bg":"","ocean_menu_social_hover_links_bg":"","ocean_menu_social_links_color":"","ocean_menu_social_hover_links_color":"","ocean_disable_title":"default","ocean_disable_heading":"default","ocean_post_title":"","ocean_post_subheading":"","ocean_post_title_style":"","ocean_post_title_background_color":"","ocean_post_title_background":0,"ocean_post_title_bg_image_position":"","ocean_post_title_bg_image_attachment":"","ocean_post_title_bg_image_repeat":"","ocean_post_title_bg_image_size":"","ocean_post_title_height":0,"ocean_post_title_bg_overlay":0.5,"ocean_post_title_bg_overlay_color":"","ocean_disable_breadcrumbs":"default","ocean_breadcrumbs_color":"","ocean_breadcrumbs_separator_color":"","ocean_breadcrumbs_links_color":"","ocean_breadcrumbs_links_hover_color":"","ocean_display_footer_widgets":"default","ocean_display_footer_bottom":"default","ocean_custom_footer_template":"0","omw_enable_modal_window":"enable","osh_disable_topbar_sticky":"default","osh_disable_header_sticky":"default","osh_sticky_header_style":"default","osh_sticky_header_effect":"","osh_custom_sticky_logo":0,"osh_custom_retina_sticky_logo":0,"osh_custom_sticky_logo_height":0,"osh_background_color":"","osh_links_color":"","osh_links_hover_color":"","osh_links_active_color":"","osh_links_bg_color":"","osh_links_hover_bg_color":"","osh_links_active_bg_color":"","osh_menu_social_links_color":"","osh_menu_social_hover_links_color":""},"product_brand":[1034],"product_cat":[58,44,62,15],"product_tag":[1090,592,1092,1091],"class_list":{"0":"post-6721","1":"product","2":"type-product","3":"status-publish","4":"has-post-thumbnail","6":"product_brand-jucad","7":"product_cat-jucad","8":"product_cat-golftrolleys","9":"product_cat-jucad-carbon-golftrolleys","10":"product_cat-zubehoer","11":"product_tag-jucad-3-0","12":"product_tag-jucad-carbon-drive","13":"product_tag-jucad-carbon-drive-classic-3-0","14":"product_tag-jucad-drive-classic","15":"tm-has-options","17":"entry","18":"has-media","20":"first","21":"instock","22":"sale","23":"taxable","24":"shipping-taxable","25":"purchasable","26":"product-type-simple","27":"col","28":"span_1_of_3","29":"owp-content-center","30":"owp-thumbs-layout-horizontal","31":"owp-btn-normal","32":"owp-tabs-layout-horizontal","33":"circle-sale"},"_links":{"self":[{"href":"https:\/\/www.exclusive-golf-trolleys.de\/shop\/wp-json\/wp\/v2\/product\/6721","targetHints":{"allow":["GET"]}}],"collection":[{"href":"https:\/\/www.exclusive-golf-trolleys.de\/shop\/wp-json\/wp\/v2\/product"}],"about":[{"href":"https:\/\/www.exclusive-golf-trolleys.de\/shop\/wp-json\/wp\/v2\/types\/product"}],"replies":[{"embeddable":true,"href":"https:\/\/www.exclusive-golf-trolleys.de\/shop\/wp-json\/wp\/v2\/comments?post=6721"}],"wp:featuredmedia":[{"embeddable":true,"href":"https:\/\/www.exclusive-golf-trolleys.de\/shop\/wp-json\/wp\/v2\/media\/6799"}],"wp:attachment":[{"href":"https:\/\/www.exclusive-golf-trolleys.de\/shop\/wp-json\/wp\/v2\/media?parent=6721"}],"wp:term":[{"taxonomy":"product_brand","embeddable":true,"href":"https:\/\/www.exclusive-golf-trolleys.de\/shop\/wp-json\/wp\/v2\/product_brand?post=6721"},{"taxonomy":"product_cat","embeddable":true,"href":"https:\/\/www.exclusive-golf-trolleys.de\/shop\/wp-json\/wp\/v2\/product_cat?post=6721"},{"taxonomy":"product_tag","embeddable":true,"href":"https:\/\/www.exclusive-golf-trolleys.de\/shop\/wp-json\/wp\/v2\/product_tag?post=6721"}],"curies":[{"name":"wp","href":"https:\/\/api.w.org\/{rel}","templated":true}]}}