{"id":5349,"date":"2025-02-19T13:55:18","date_gmt":"2025-02-19T12:55:18","guid":{"rendered":"https:\/\/www.exclusive-golf-trolleys.de\/shop\/?post_type=product&#038;p=5349"},"modified":"2026-01-07T22:29:57","modified_gmt":"2026-01-07T21:29:57","slug":"jucad-phantom-titan-rose-2-0-golftrolley","status":"publish","type":"product","link":"https:\/\/www.exclusive-golf-trolleys.de\/shop\/produkt\/jucad-phantom-titan-rose-2-0-golftrolley\/","title":{"rendered":"JuCad Phantom Titan Rose 2.0 Golftrolley"},"content":{"rendered":"<h2><strong>JuCad Phantom Titan Ros\u00e8 2.0 Golftrolley <\/strong><\/h2>\n<p>Mit seinen exquisiten Einspeichen Vollcarbonfelgen im edlen Ros\u00e9-Gold Design zieht dieser Titan Elektrocaddy alle Blicke auf sich und verwandelt jeden Golfplatz in eine<br \/>\nB\u00fchne f\u00fcr stilvolle Auftritte.<br \/>\n<strong>Die Details in Ros\u00e9 Gold Optik sorgen f\u00fcr absoluten Luxus auf dem Fairway.<\/strong><br \/>\nMit dem schlanken Titanrahmen, hervorgehoben durch die bekannte Einarmschwinge am Vorderrad und der eleganten Griffstange mit stufenlosem Geschwindigkeitsregler,<br \/>\nwirkt der Caddy wie eine schwebende Erscheinung.<br \/>\nDas intelligente Technikpaket sorgt f\u00fcr optimalen Komfort und beinhaltet leise Brushless Motoren mit einer beidseitigen Parkbremse f\u00fcr sicheren Halt auf steilstem<br \/>\nGel\u00e4nde sowie Magnetstecker und eine integrierte Ladestandsanzeige.<br \/>\nDank seiner komfortablen Falttechnik wird der Caddy in Sekundenschnelle auf ein superflaches Packma\u00df gebracht und verstaut.<br \/>\nH\u00f6chsten Fahrkomfort bieten der hochfeste Titanrahmen, das kraftvolle und leise 48V Antriebssystem mit den Funktionen Vorw\u00e4rts, R\u00fcckw\u00e4rts, Neutral und automatischer<br \/>\nVorlauf sowie die optionale Fernsteuerung.<br \/>\nEin besonderes Highlight ist auch das JuCad Powerlock-System, das gleichzeitig die Fixierung der oberen Baghalterung sowie der Griffstange erm\u00f6glicht.<br \/>\nDer JuCad Phantom Titan Ros\u00e9 2.0 wird inklusive einer extra flachen Tragetasche und separatem R\u00e4derbeutel geliefert.<\/p>\n<p><strong>Technische Details des JuCad Phantom Titan Ros\u00e8:<\/strong><\/p>\n<ul>\n<li>Integriertes Technikpaket 2.0 mit beidseitiger elektronischer Parkbremse,<\/li>\n<li>Brushless Motoren, Magnetstecker und Ladestandanzeige<\/li>\n<li>48V Antriebssystem<\/li>\n<li>Stufenloser Gasgriff f\u00fcr eine einfache Bedienung<\/li>\n<li>Drehschalter mit Vorw\u00e4rts-, R\u00fcckw\u00e4rts und Freilauffunktion<\/li>\n<li>Schirmhalterung f\u00fcr JuCad Schirm<\/li>\n<li>H\u00f6henverstellbare Griffstange<\/li>\n<li>Klapp- und drehbare Bagauflage oben und unten<\/li>\n<li>Leichtes Ziehen und Schieben auch ohne Akku m\u00f6glich<\/li>\n<li>Automatische Vorlauffunktion (Distanzgeber 10-20-30 Meter)<\/li>\n<li>Elektronische Bergbremse (Tempomat)<\/li>\n<li>Keine sichtbaren Kabel, Akkus und Motoren<\/li>\n<li>Lithium-Hochleistungsakku bis zu 45 Loch mit kleinem Schnellladeger\u00e4t \u2013 getestet, gepr\u00fcft und nach UN-Transporttest BU-202100303-B1 zertifiziert<\/li>\n<li>Extrem stabile Leichtlaufr\u00e4der<\/li>\n<li>Reifen mit Luftpolsterfederung, Reifenbelag wechselbar<\/li>\n<li>Verschiedene Felgen- und Reifenfarben ohne Aufpreis<\/li>\n<li>Gleichzeitige Fixierung der h\u00f6henverstellbaren Griffstange und der oberen Baghalterung mit praktischem Fl\u00fcgelgriff<\/li>\n<li>Innovative Falttechnik f\u00fcr flaches Klapp-Packma\u00df: 65x60x11 cm<\/li>\n<li>Inklusive JuCad Griffschutz<\/li>\n<li>Inklusive Tragetasche<\/li>\n<li>Titan-Rahmen mit 6 Jahren Garantie<\/li>\n<li>High-Tech Einspeichen-Felgen aus Vollcarbon in Ros\u00e8gold lackiert<\/li>\n<li>Gewicht Rahmen und R\u00e4der 6,5 kg<\/li>\n<li>Optional mit JuCad Fernsteuerung (Aufpreis 399 Euro)<\/li>\n<\/ul>\n<p><strong>Bestellen sie gleich das optimal farblich passende JuCad Golfbag mit dazu.<\/strong><br \/>\nDas finden sie unter Optionen.<br \/>\nJBFC-GR<\/p>\n<p>Preis: 369,00 Euro<\/p>\n","protected":false},"excerpt":{"rendered":"<p>Der JuCad Phantom Titan Ros\u00e8 2.0, ein sowohl optisches wie technisches Meisterwerk aus edlem Titan.<br \/>\nUnser Spitzenmodell um das sie jeder garantiert beneiden wird.<\/p>\n","protected":false},"featured_media":5849,"comment_status":"open","ping_status":"closed","template":"","meta":{"ocean_post_layout":"","ocean_both_sidebars_style":"","ocean_both_sidebars_content_width":0,"ocean_both_sidebars_sidebars_width":0,"ocean_sidebar":"0","ocean_second_sidebar":"0","ocean_disable_margins":"enable","ocean_add_body_class":"","ocean_shortcode_before_top_bar":"","ocean_shortcode_after_top_bar":"","ocean_shortcode_before_header":"","ocean_shortcode_after_header":"","ocean_has_shortcode":"","ocean_shortcode_after_title":"","ocean_shortcode_before_footer_widgets":"","ocean_shortcode_after_footer_widgets":"","ocean_shortcode_before_footer_bottom":"","ocean_shortcode_after_footer_bottom":"","ocean_display_top_bar":"default","ocean_display_header":"default","ocean_header_style":"","ocean_center_header_left_menu":"0","ocean_custom_header_template":"0","ocean_custom_logo":0,"ocean_custom_retina_logo":0,"ocean_custom_logo_max_width":0,"ocean_custom_logo_tablet_max_width":0,"ocean_custom_logo_mobile_max_width":0,"ocean_custom_logo_max_height":0,"ocean_custom_logo_tablet_max_height":0,"ocean_custom_logo_mobile_max_height":0,"ocean_header_custom_menu":"0","ocean_menu_typo_font_family":"0","ocean_menu_typo_font_subset":"","ocean_menu_typo_font_size":0,"ocean_menu_typo_font_size_tablet":0,"ocean_menu_typo_font_size_mobile":0,"ocean_menu_typo_font_size_unit":"px","ocean_menu_typo_font_weight":"","ocean_menu_typo_font_weight_tablet":"","ocean_menu_typo_font_weight_mobile":"","ocean_menu_typo_transform":"","ocean_menu_typo_transform_tablet":"","ocean_menu_typo_transform_mobile":"","ocean_menu_typo_line_height":0,"ocean_menu_typo_line_height_tablet":0,"ocean_menu_typo_line_height_mobile":0,"ocean_menu_typo_line_height_unit":"","ocean_menu_typo_spacing":0,"ocean_menu_typo_spacing_tablet":0,"ocean_menu_typo_spacing_mobile":0,"ocean_menu_typo_spacing_unit":"","ocean_menu_link_color":"","ocean_menu_link_color_hover":"","ocean_menu_link_color_active":"","ocean_menu_link_background":"","ocean_menu_link_hover_background":"","ocean_menu_link_active_background":"","ocean_menu_social_links_bg":"","ocean_menu_social_hover_links_bg":"","ocean_menu_social_links_color":"","ocean_menu_social_hover_links_color":"","ocean_disable_title":"default","ocean_disable_heading":"default","ocean_post_title":"","ocean_post_subheading":"","ocean_post_title_style":"","ocean_post_title_background_color":"","ocean_post_title_background":0,"ocean_post_title_bg_image_position":"","ocean_post_title_bg_image_attachment":"","ocean_post_title_bg_image_repeat":"","ocean_post_title_bg_image_size":"","ocean_post_title_height":0,"ocean_post_title_bg_overlay":0.5,"ocean_post_title_bg_overlay_color":"","ocean_disable_breadcrumbs":"default","ocean_breadcrumbs_color":"","ocean_breadcrumbs_separator_color":"","ocean_breadcrumbs_links_color":"","ocean_breadcrumbs_links_hover_color":"","ocean_display_footer_widgets":"default","ocean_display_footer_bottom":"default","ocean_custom_footer_template":"0","omw_enable_modal_window":"enable","osh_disable_topbar_sticky":"default","osh_disable_header_sticky":"default","osh_sticky_header_style":"default","osh_sticky_header_effect":"","osh_custom_sticky_logo":0,"osh_custom_retina_sticky_logo":0,"osh_custom_sticky_logo_height":0,"osh_background_color":"","osh_links_color":"","osh_links_hover_color":"","osh_links_active_color":"","osh_links_bg_color":"","osh_links_hover_bg_color":"","osh_links_active_bg_color":"","osh_menu_social_links_color":"","osh_menu_social_hover_links_color":""},"product_brand":[1034],"product_cat":[58,44,59],"product_tag":[72,78,995],"class_list":{"0":"post-5349","1":"product","2":"type-product","3":"status-publish","4":"has-post-thumbnail","6":"product_brand-jucad","7":"product_cat-jucad","8":"product_cat-golftrolleys","9":"product_cat-jucad-titan-golftrolleys","10":"product_tag-golftrolley","11":"product_tag-jucad","12":"product_tag-jucad-phantom-titan-rose-2-0","13":"tm-has-options","15":"entry","16":"has-media","18":"first","19":"instock","20":"sale","21":"taxable","22":"shipping-taxable","23":"purchasable","24":"product-type-simple","25":"col","26":"span_1_of_3","27":"owp-content-center","28":"owp-thumbs-layout-horizontal","29":"owp-btn-normal","30":"owp-tabs-layout-horizontal","31":"circle-sale"},"_links":{"self":[{"href":"https:\/\/www.exclusive-golf-trolleys.de\/shop\/wp-json\/wp\/v2\/product\/5349","targetHints":{"allow":["GET"]}}],"collection":[{"href":"https:\/\/www.exclusive-golf-trolleys.de\/shop\/wp-json\/wp\/v2\/product"}],"about":[{"href":"https:\/\/www.exclusive-golf-trolleys.de\/shop\/wp-json\/wp\/v2\/types\/product"}],"replies":[{"embeddable":true,"href":"https:\/\/www.exclusive-golf-trolleys.de\/shop\/wp-json\/wp\/v2\/comments?post=5349"}],"wp:featuredmedia":[{"embeddable":true,"href":"https:\/\/www.exclusive-golf-trolleys.de\/shop\/wp-json\/wp\/v2\/media\/5849"}],"wp:attachment":[{"href":"https:\/\/www.exclusive-golf-trolleys.de\/shop\/wp-json\/wp\/v2\/media?parent=5349"}],"wp:term":[{"taxonomy":"product_brand","embeddable":true,"href":"https:\/\/www.exclusive-golf-trolleys.de\/shop\/wp-json\/wp\/v2\/product_brand?post=5349"},{"taxonomy":"product_cat","embeddable":true,"href":"https:\/\/www.exclusive-golf-trolleys.de\/shop\/wp-json\/wp\/v2\/product_cat?post=5349"},{"taxonomy":"product_tag","embeddable":true,"href":"https:\/\/www.exclusive-golf-trolleys.de\/shop\/wp-json\/wp\/v2\/product_tag?post=5349"}],"curies":[{"name":"wp","href":"https:\/\/api.w.org\/{rel}","templated":true}]}}