{"id":5224,"date":"2024-10-19T14:00:24","date_gmt":"2024-10-19T12:00:24","guid":{"rendered":"https:\/\/www.exclusive-golf-trolleys.de\/shop\/?post_type=product&#038;p=5224"},"modified":"2025-07-12T14:09:40","modified_gmt":"2025-07-12T12:09:40","slug":"golf-pride-z-grip","status":"publish","type":"product","link":"https:\/\/www.exclusive-golf-trolleys.de\/shop\/produkt\/golf-pride-z-grip\/","title":{"rendered":"Golf Pride Z Grip"},"content":{"rendered":"<p><strong>Golf Pride Z Grip Golfgriff<\/strong><br \/>\nDer Z GRIP ist der festeste Kordelgriff von Golf Pride <sup>\u00ae<\/sup>\u00a0.<br \/>\nDer Z GRIP kombiniert zwei Texturschichten f\u00fcr Feedback und Kontrolle und verf\u00fcgt \u00fcber ein tiefes Z-f\u00f6rmiges Texturmuster,<br \/>\ndas sich vertikal um den Griff windet und so f\u00fcr Kontrolle sorgt, w\u00e4hrend eine dicke Kordeltextur f\u00fcr Feuchtigkeitsmanagement sorgt.<br \/>\nDieses Designmuster wird durch eine wei\u00dfe Endkappe und eine markante wei\u00dfe Lackierung aufgewertet.<br \/>\nJetzt in mittlerer Gr\u00f6\u00dfe erh\u00e4ltlich.<\/p>\n<h3 class=\"slogan\">Am schnellsten wachsender Full Cord Griff auf der Tour<br \/>\nhttps:\/\/www.golfpride.com\/grips\/zgrip\/<\/h3>\n<p><strong>Z Grip Spezifikation:<\/strong><br \/>\nModell: Golf Pride Z Grip<br \/>\nGriffst\u00e4rke: Standard<br \/>\nGewicht: 50,5 Gramm<br \/>\nFarbe: Blau-Rot<\/p>\n<p>Modell: Golf Pride Z Grip<br \/>\nGriffst\u00e4rke: Midsize<br \/>\nGewicht: 57,5 Gramm<br \/>\nFarbe: Blau-Rot<\/p>\n","protected":false},"excerpt":{"rendered":"<p><strong><a href=\"https:\/\/www.exclusive-golf-trolleys.de\/shop\/wp-content\/uploads\/Griffwechsel-2024.pdf\">Bitte hier das PDF zum Griffwechsel \u00f6ffnen:<br \/>\nGriffwechsel 2024<\/a><\/strong><\/p>\n<p>Gerne Montage in unserem Shop, 5,00 pro Griff zuz\u00fcgl. Preis f\u00fcr den Griff ihrer Wahl<br \/>\nGriffst\u00e4rke: Herren Standard + Midsize<br \/>\nFarbe: Blau-Rot<\/p>\n","protected":false},"featured_media":5227,"comment_status":"open","ping_status":"closed","template":"","meta":{"ocean_post_layout":"","ocean_both_sidebars_style":"","ocean_both_sidebars_content_width":0,"ocean_both_sidebars_sidebars_width":0,"ocean_sidebar":"0","ocean_second_sidebar":"0","ocean_disable_margins":"enable","ocean_add_body_class":"","ocean_shortcode_before_top_bar":"","ocean_shortcode_after_top_bar":"","ocean_shortcode_before_header":"","ocean_shortcode_after_header":"","ocean_has_shortcode":"","ocean_shortcode_after_title":"","ocean_shortcode_before_footer_widgets":"","ocean_shortcode_after_footer_widgets":"","ocean_shortcode_before_footer_bottom":"","ocean_shortcode_after_footer_bottom":"","ocean_display_top_bar":"default","ocean_display_header":"default","ocean_header_style":"","ocean_center_header_left_menu":"0","ocean_custom_header_template":"0","ocean_custom_logo":0,"ocean_custom_retina_logo":0,"ocean_custom_logo_max_width":0,"ocean_custom_logo_tablet_max_width":0,"ocean_custom_logo_mobile_max_width":0,"ocean_custom_logo_max_height":0,"ocean_custom_logo_tablet_max_height":0,"ocean_custom_logo_mobile_max_height":0,"ocean_header_custom_menu":"0","ocean_menu_typo_font_family":"0","ocean_menu_typo_font_subset":"","ocean_menu_typo_font_size":0,"ocean_menu_typo_font_size_tablet":0,"ocean_menu_typo_font_size_mobile":0,"ocean_menu_typo_font_size_unit":"px","ocean_menu_typo_font_weight":"","ocean_menu_typo_font_weight_tablet":"","ocean_menu_typo_font_weight_mobile":"","ocean_menu_typo_transform":"","ocean_menu_typo_transform_tablet":"","ocean_menu_typo_transform_mobile":"","ocean_menu_typo_line_height":0,"ocean_menu_typo_line_height_tablet":0,"ocean_menu_typo_line_height_mobile":0,"ocean_menu_typo_line_height_unit":"","ocean_menu_typo_spacing":0,"ocean_menu_typo_spacing_tablet":0,"ocean_menu_typo_spacing_mobile":0,"ocean_menu_typo_spacing_unit":"","ocean_menu_link_color":"","ocean_menu_link_color_hover":"","ocean_menu_link_color_active":"","ocean_menu_link_background":"","ocean_menu_link_hover_background":"","ocean_menu_link_active_background":"","ocean_menu_social_links_bg":"","ocean_menu_social_hover_links_bg":"","ocean_menu_social_links_color":"","ocean_menu_social_hover_links_color":"","ocean_disable_title":"default","ocean_disable_heading":"default","ocean_post_title":"","ocean_post_subheading":"","ocean_post_title_style":"","ocean_post_title_background_color":"","ocean_post_title_background":0,"ocean_post_title_bg_image_position":"","ocean_post_title_bg_image_attachment":"","ocean_post_title_bg_image_repeat":"","ocean_post_title_bg_image_size":"","ocean_post_title_height":0,"ocean_post_title_bg_overlay":0.5,"ocean_post_title_bg_overlay_color":"","ocean_disable_breadcrumbs":"default","ocean_breadcrumbs_color":"","ocean_breadcrumbs_separator_color":"","ocean_breadcrumbs_links_color":"","ocean_breadcrumbs_links_hover_color":"","ocean_display_footer_widgets":"default","ocean_display_footer_bottom":"default","ocean_custom_footer_template":"0","omw_enable_modal_window":"enable","osh_disable_topbar_sticky":"default","osh_disable_header_sticky":"default","osh_sticky_header_style":"default","osh_sticky_header_effect":"","osh_custom_sticky_logo":0,"osh_custom_retina_sticky_logo":0,"osh_custom_sticky_logo_height":0,"osh_background_color":"","osh_links_color":"","osh_links_hover_color":"","osh_links_active_color":"","osh_links_bg_color":"","osh_links_hover_bg_color":"","osh_links_active_bg_color":"","osh_menu_social_links_color":"","osh_menu_social_hover_links_color":""},"product_brand":[1041],"product_cat":[15,618,608],"product_tag":[963,609,962,961],"class_list":{"0":"post-5224","1":"product","2":"type-product","3":"status-publish","4":"has-post-thumbnail","6":"product_brand-golf-pride","7":"product_cat-zubehoer","8":"product_cat-golfgriffe-schlaegergriffe-puttergriffe","9":"product_cat-schlaegergriffe-golf-pride","10":"product_tag-blau-rot-z-grip","11":"product_tag-golf-pride","12":"product_tag-golf-pride-z-grip","13":"product_tag-z-grip","14":"tm-has-options","16":"entry","17":"has-media","19":"first","20":"instock","21":"sale","22":"taxable","23":"shipping-taxable","24":"purchasable","25":"product-type-simple","26":"col","27":"span_1_of_3","28":"owp-content-center","29":"owp-thumbs-layout-horizontal","30":"owp-btn-normal","31":"owp-tabs-layout-horizontal","32":"circle-sale"},"_links":{"self":[{"href":"https:\/\/www.exclusive-golf-trolleys.de\/shop\/wp-json\/wp\/v2\/product\/5224","targetHints":{"allow":["GET"]}}],"collection":[{"href":"https:\/\/www.exclusive-golf-trolleys.de\/shop\/wp-json\/wp\/v2\/product"}],"about":[{"href":"https:\/\/www.exclusive-golf-trolleys.de\/shop\/wp-json\/wp\/v2\/types\/product"}],"replies":[{"embeddable":true,"href":"https:\/\/www.exclusive-golf-trolleys.de\/shop\/wp-json\/wp\/v2\/comments?post=5224"}],"wp:featuredmedia":[{"embeddable":true,"href":"https:\/\/www.exclusive-golf-trolleys.de\/shop\/wp-json\/wp\/v2\/media\/5227"}],"wp:attachment":[{"href":"https:\/\/www.exclusive-golf-trolleys.de\/shop\/wp-json\/wp\/v2\/media?parent=5224"}],"wp:term":[{"taxonomy":"product_brand","embeddable":true,"href":"https:\/\/www.exclusive-golf-trolleys.de\/shop\/wp-json\/wp\/v2\/product_brand?post=5224"},{"taxonomy":"product_cat","embeddable":true,"href":"https:\/\/www.exclusive-golf-trolleys.de\/shop\/wp-json\/wp\/v2\/product_cat?post=5224"},{"taxonomy":"product_tag","embeddable":true,"href":"https:\/\/www.exclusive-golf-trolleys.de\/shop\/wp-json\/wp\/v2\/product_tag?post=5224"}],"curies":[{"name":"wp","href":"https:\/\/api.w.org\/{rel}","templated":true}]}}