{"id":4795,"date":"2024-03-07T15:04:17","date_gmt":"2024-03-07T14:04:17","guid":{"rendered":"https:\/\/www.exclusive-golf-trolleys.de\/shop\/?post_type=product&#038;p=4795"},"modified":"2025-10-31T11:25:56","modified_gmt":"2025-10-31T10:25:56","slug":"jucad-phantom-titan-1-0-ex-refurbished","status":"publish","type":"product","link":"https:\/\/www.exclusive-golf-trolleys.de\/shop\/produkt\/jucad-phantom-titan-1-0-ex-refurbished\/","title":{"rendered":"JuCad Phantom Titan 1.0 eX Refurbished"},"content":{"rendered":"<p><strong>JuCad Phantom Titan 1.0 eX Refurbished<\/strong><br \/>\nInkl. JuCad Fernsteuerung und JuCad Transporttasche Modell Phantom<\/p>\n<p><strong>Alter: &lt;1 Jahr als Ausstellungsst\u00fcck auf\u00a0 Messen und bei Golfturnieren<\/strong><br \/>\n<strong>Powerpack + Fernsteuerung Zustand: 97% Leistung<\/strong><br \/>\n<strong>Zustand 2++<\/strong><br \/>\n<strong>M\u00e4ngel: keine<br \/>\nGebrauchsspuren: Keine, nahezu makellos<br \/>\nJuCad Garantie ab Kaufdatum:<br \/>\nAuf alle Rahmenteile: 5 Jahre<br \/>\nElektronikbauteile: 2 Jahre<br \/>\nPowerpack mit Fernsteuerung: 12 Monate<br \/>\n<\/strong><\/p>\n<p><strong>Refurbished:<\/strong> Kompletter JuCad Service wurde im September 2024 durch unsere Fachwerkstatt hier im Haus gemacht.<br \/>\n<strong>Neuteile:<\/strong> Griffschutz 2-tlg, Scorekartendeckel neu, 4x Bagauflagen und 2x Baghalteb\u00e4nder neu, 3x Reifen neu Schwarz<br \/>\nMotoren ausgebaut und gepr\u00fcft, alle Dichtungen erneuert, Powerpack ist 1\/2 Jahre alt, mit Fernsteuerung, h\u00e4lt locker \u00fcber ++36 Loch.<br \/>\nDer Titanrahmen sieht aus wie neu, keine sichtbaren Kratzer o. \u00e4.<\/p>\n<p><strong>Fotos zeigen das Neuprodukt, Archivbilder.<\/strong><br \/>\nIch kann auf Wunsch aber gerne Originalbilder machen und zusenden, gerne auch per Facetime.<\/p>\n<p>Der JuCad Phantom Titan 1.0 eX Golftrolley gleitet auf seinen unvergleichlichen silberfarbenen Carbon Designer Einspeichenfelgen \u00fcber das Fairway.<br \/>\nDie hocheleganten Einspeichen Felgen aus Vollcarbon des JuCad Phantom Titan eX 1.0 sind schon alleine eine Sensation f\u00fcr sich.<br \/>\nMit diesen Felgen und dem schlanken Titanrahmen, hervorgehoben durch die bekannte Einarmschwinge am Vorderrad und die elegante Griffstange<br \/>\nmit stufenlosem Geschwindigkeitsregler, wirkt der Phantom wie eine schwebende Erscheinung, eben wie ein Phantom.<br \/>\nDas intelligente Technikpaket 1.0 sorgt f\u00fcr optimalen Komfort und beinhaltet leise Brushless Motoren.<\/p>\n<p>Dank seiner komfortablen Falttechnik wird der Phantom in Sekundenschnelle auf ein superflaches Packma\u00df gebracht und verstaut.<br \/>\nH\u00f6chsten Fahrkomfort bieten der extrem steife Titanrahmen, das kraftvolle und leise 48V Antriebssystem mit den Funktionen<br \/>\nVorw\u00e4rts, R\u00fcckw\u00e4rts, Neutral und automatischer Vorlauf sowie die im Lieferumfang bereits enthaltene JuCad Fernsteuerung.<\/p>\n<p>Ein besonderes Highlight ist auch das JuCad Powerlock-System, das gleichzeitig die Fixierung der oberen Baghalterung sowie der Griffstange erm\u00f6glicht.<br \/>\nDer JuCad Phantom Titan 1.0 eX wird inklusive einer praktischen Transporttasche und der bew\u00e4hrten JuCad Fernsteuerung geliefert.<\/p>\n<p><strong>Technische Details:<\/strong><\/p>\n<ul>\n<li style=\"list-style-type: none;\">\n<ul>\n<li>Integriertes Technikpaket 1.0, Brushless Motoren,<\/li>\n<li>48V Antriebssystem<\/li>\n<li>Stufenloser Gasgriff f\u00fcr eine einfache Bedienung<\/li>\n<li>Drehschalter mit Vorw\u00e4rts-, R\u00fcckw\u00e4rts und Freilauffunktion<\/li>\n<li>Schirmhalterung f\u00fcr JuCad Schirm<\/li>\n<li>H\u00f6henverstellbare Griffstange<\/li>\n<li>Klapp- und drehbare Bagauflage oben und unten<\/li>\n<li>Leichtes Ziehen und Schieben auch ohne Akku m\u00f6glich<\/li>\n<li>Automatische Vorlauffunktion (Distanzgeber 10-20-30 Meter)<\/li>\n<li>Elektronische Bergbremse (Tempomat)<\/li>\n<li>Keine sichtbaren Kabel, Akkus und Motoren<\/li>\n<li>Lithium-Hochleistungsakku bis zu 45 Loch mit kleinem Schnellladeger\u00e4t \u2013 getestet, gepr\u00fcft und nach UN-Transporttest BU-202100303-B1 zertifiziert<\/li>\n<li>Extrem stabile Leichtlaufr\u00e4der<\/li>\n<li>Reifen mit Luftpolsterfederung, Reifenbelag wechselbar<\/li>\n<li>Verschiedene Felgen- und Reifenfarben ohne Aufpreis<\/li>\n<li>Gleichzeitige Fixierung der h\u00f6henverstellbaren Griffstange und der oberen Baghalterung mit praktischem Fl\u00fcgelgriff<\/li>\n<li>Innovative Falttechnik f\u00fcr flaches Klapp-Packma\u00df: 65x60x11 cm<\/li>\n<li>Inklusive JuCad Griffschutz<br \/>\nInklusive JuCad Fernsteuerung und Transporttasche<\/li>\n<\/ul>\n<\/li>\n<\/ul>\n<ul>\n<li>Gewicht Rahmen und R\u00e4der 6,5 kg<\/li>\n<\/ul>\n","protected":false},"excerpt":{"rendered":"<p>Absolut edles, bildsch\u00f6nes Unikat mit exklusivster Vollausstattung<br \/>\nincl. JuCad Fernsteuerung, Scorekartenhalter und Transporttasche<\/p>\n","protected":false},"featured_media":1167,"comment_status":"open","ping_status":"closed","template":"","meta":{"ocean_post_layout":"","ocean_both_sidebars_style":"","ocean_both_sidebars_content_width":0,"ocean_both_sidebars_sidebars_width":0,"ocean_sidebar":"0","ocean_second_sidebar":"0","ocean_disable_margins":"enable","ocean_add_body_class":"","ocean_shortcode_before_top_bar":"","ocean_shortcode_after_top_bar":"","ocean_shortcode_before_header":"","ocean_shortcode_after_header":"","ocean_has_shortcode":"","ocean_shortcode_after_title":"","ocean_shortcode_before_footer_widgets":"","ocean_shortcode_after_footer_widgets":"","ocean_shortcode_before_footer_bottom":"","ocean_shortcode_after_footer_bottom":"","ocean_display_top_bar":"default","ocean_display_header":"default","ocean_header_style":"","ocean_center_header_left_menu":"0","ocean_custom_header_template":"0","ocean_custom_logo":0,"ocean_custom_retina_logo":0,"ocean_custom_logo_max_width":0,"ocean_custom_logo_tablet_max_width":0,"ocean_custom_logo_mobile_max_width":0,"ocean_custom_logo_max_height":0,"ocean_custom_logo_tablet_max_height":0,"ocean_custom_logo_mobile_max_height":0,"ocean_header_custom_menu":"0","ocean_menu_typo_font_family":"0","ocean_menu_typo_font_subset":"","ocean_menu_typo_font_size":0,"ocean_menu_typo_font_size_tablet":0,"ocean_menu_typo_font_size_mobile":0,"ocean_menu_typo_font_size_unit":"px","ocean_menu_typo_font_weight":"","ocean_menu_typo_font_weight_tablet":"","ocean_menu_typo_font_weight_mobile":"","ocean_menu_typo_transform":"","ocean_menu_typo_transform_tablet":"","ocean_menu_typo_transform_mobile":"","ocean_menu_typo_line_height":0,"ocean_menu_typo_line_height_tablet":0,"ocean_menu_typo_line_height_mobile":0,"ocean_menu_typo_line_height_unit":"","ocean_menu_typo_spacing":0,"ocean_menu_typo_spacing_tablet":0,"ocean_menu_typo_spacing_mobile":0,"ocean_menu_typo_spacing_unit":"","ocean_menu_link_color":"","ocean_menu_link_color_hover":"","ocean_menu_link_color_active":"","ocean_menu_link_background":"","ocean_menu_link_hover_background":"","ocean_menu_link_active_background":"","ocean_menu_social_links_bg":"","ocean_menu_social_hover_links_bg":"","ocean_menu_social_links_color":"","ocean_menu_social_hover_links_color":"","ocean_disable_title":"default","ocean_disable_heading":"default","ocean_post_title":"","ocean_post_subheading":"","ocean_post_title_style":"","ocean_post_title_background_color":"","ocean_post_title_background":0,"ocean_post_title_bg_image_position":"","ocean_post_title_bg_image_attachment":"","ocean_post_title_bg_image_repeat":"","ocean_post_title_bg_image_size":"","ocean_post_title_height":0,"ocean_post_title_bg_overlay":0.5,"ocean_post_title_bg_overlay_color":"","ocean_disable_breadcrumbs":"default","ocean_breadcrumbs_color":"","ocean_breadcrumbs_separator_color":"","ocean_breadcrumbs_links_color":"","ocean_breadcrumbs_links_hover_color":"","ocean_display_footer_widgets":"default","ocean_display_footer_bottom":"default","ocean_custom_footer_template":"0","omw_enable_modal_window":"enable","osh_disable_topbar_sticky":"default","osh_disable_header_sticky":"default","osh_sticky_header_style":"default","osh_sticky_header_effect":"","osh_custom_sticky_logo":0,"osh_custom_retina_sticky_logo":0,"osh_custom_sticky_logo_height":0,"osh_background_color":"","osh_links_color":"","osh_links_hover_color":"","osh_links_active_color":"","osh_links_bg_color":"","osh_links_hover_bg_color":"","osh_links_active_bg_color":"","osh_menu_social_links_color":"","osh_menu_social_hover_links_color":""},"product_brand":[1034],"product_cat":[58,44,59,68],"product_tag":[178,72,78,729,920,177,89],"class_list":{"0":"post-4795","1":"product","2":"type-product","3":"status-publish","4":"has-post-thumbnail","6":"product_brand-jucad","7":"product_cat-jucad","8":"product_cat-golftrolleys","9":"product_cat-jucad-titan-golftrolleys","10":"product_cat-jucad-justar-golftrolleys-gebraucht","11":"product_tag-ex","12":"product_tag-golftrolley","13":"product_tag-jucad","14":"product_tag-jucad-fernsteuerung","15":"product_tag-jucad-phantom-titan-1-0-ex-refurbished","16":"product_tag-phantom","17":"product_tag-titan","18":"tm-has-options","20":"entry","21":"has-media","23":"first","24":"instock","25":"sale","26":"taxable","27":"shipping-taxable","28":"purchasable","29":"product-type-simple","30":"col","31":"span_1_of_3","32":"owp-content-center","33":"owp-thumbs-layout-horizontal","34":"owp-btn-normal","35":"owp-tabs-layout-horizontal","36":"circle-sale"},"_links":{"self":[{"href":"https:\/\/www.exclusive-golf-trolleys.de\/shop\/wp-json\/wp\/v2\/product\/4795","targetHints":{"allow":["GET"]}}],"collection":[{"href":"https:\/\/www.exclusive-golf-trolleys.de\/shop\/wp-json\/wp\/v2\/product"}],"about":[{"href":"https:\/\/www.exclusive-golf-trolleys.de\/shop\/wp-json\/wp\/v2\/types\/product"}],"replies":[{"embeddable":true,"href":"https:\/\/www.exclusive-golf-trolleys.de\/shop\/wp-json\/wp\/v2\/comments?post=4795"}],"wp:featuredmedia":[{"embeddable":true,"href":"https:\/\/www.exclusive-golf-trolleys.de\/shop\/wp-json\/wp\/v2\/media\/1167"}],"wp:attachment":[{"href":"https:\/\/www.exclusive-golf-trolleys.de\/shop\/wp-json\/wp\/v2\/media?parent=4795"}],"wp:term":[{"taxonomy":"product_brand","embeddable":true,"href":"https:\/\/www.exclusive-golf-trolleys.de\/shop\/wp-json\/wp\/v2\/product_brand?post=4795"},{"taxonomy":"product_cat","embeddable":true,"href":"https:\/\/www.exclusive-golf-trolleys.de\/shop\/wp-json\/wp\/v2\/product_cat?post=4795"},{"taxonomy":"product_tag","embeddable":true,"href":"https:\/\/www.exclusive-golf-trolleys.de\/shop\/wp-json\/wp\/v2\/product_tag?post=4795"}],"curies":[{"name":"wp","href":"https:\/\/api.w.org\/{rel}","templated":true}]}}