{"id":4602,"date":"2024-01-20T17:09:08","date_gmt":"2024-01-20T16:09:08","guid":{"rendered":"https:\/\/www.exclusive-golf-trolleys.de\/shop\/?post_type=product&#038;p=4602"},"modified":"2025-07-11T19:17:17","modified_gmt":"2025-07-11T17:17:17","slug":"jucad-carbon-verde-rose-3-rad-golftrolley","status":"publish","type":"product","link":"https:\/\/www.exclusive-golf-trolleys.de\/shop\/produkt\/jucad-carbon-verde-rose-3-rad-golftrolley\/","title":{"rendered":"JuCad Carbon Verde Rose 3-Rad Golftrolley"},"content":{"rendered":"<p><strong>JuCad Carbon Verde Ros\u00e8 Golftrolley in neuer Trendfarbgestaltung<br \/>\nErst ab Ende M\u00e4rz 2024 lieferbar &#8211; bitte unbedingt vorbestellen<\/strong><\/p>\n<p>Die harmonisch changierenden Gr\u00fcnt\u00f6ne dieses anmutigen manuellen 3-Rad Golftrolleys lassen diesen Vollcarbon Rahmen elegant schimmern und die Ros\u00e8farbenen matten<br \/>\nFelgen erg\u00e4nzen diesen coolen Look perfekt.<br \/>\nDer leichte und stabile Golftrolley mit Travel Steckverbindung passt zusammengelegt in jeden Sportwagen Kofferraum sowie samt Golfbag in unsere Travelcover.<br \/>\nInspired by Nature.<\/p>\n<p><strong>Technische Details:<\/strong><\/p>\n<ul>\n<li>F\u00fcr jede Baggr\u00f6\u00dfe geeignet, keine Gewichtsbegrenzung f\u00fcr das Bag<\/li>\n<li>Leicht und klein zusammenlegbares Mini-Packma\u00df: 65x35x10 cm<\/li>\n<li>Vollcarbon-Rahmen mit 6 Jahren Garantie<\/li>\n<li>Gewicht Rahmen und R\u00e4der 4,5 kg<\/li>\n<li><strong>Inklusive praktischer Tragetasche<\/strong><\/li>\n<li>H\u00f6henverstellbare Griffstange<\/li>\n<li>Klapp- und drehbare Bagauflage oben und unten<\/li>\n<li>Extrem stabile Leichtlaufr\u00e4der<\/li>\n<li>Reifen mit Luftpolsterfederung<\/li>\n<li>Reifenbelag wechselbar<\/li>\n<li>Verschiedene Felgen- und Reifenfarben ohne Aufpreis<\/li>\n<li>Schirmhalterung f\u00fcr JuCad Schirm<\/li>\n<li><strong>Inklusive JuCad Tragetasche<\/strong><\/li>\n<\/ul>\n","protected":false},"excerpt":{"rendered":"<p>Wieder ein aktueller Trendsetter im stylischem Farbdesign<br \/>\nFelgen sind in Ros\u00e8 matt lackiert, Reifen in Schwarz<br \/>\n<strong>Inkl. der JuCad Tragetasche<\/strong><\/p>\n","protected":false},"featured_media":4603,"comment_status":"open","ping_status":"closed","template":"","meta":{"ocean_post_layout":"","ocean_both_sidebars_style":"","ocean_both_sidebars_content_width":0,"ocean_both_sidebars_sidebars_width":0,"ocean_sidebar":"0","ocean_second_sidebar":"0","ocean_disable_margins":"enable","ocean_add_body_class":"","ocean_shortcode_before_top_bar":"","ocean_shortcode_after_top_bar":"","ocean_shortcode_before_header":"","ocean_shortcode_after_header":"","ocean_has_shortcode":"","ocean_shortcode_after_title":"","ocean_shortcode_before_footer_widgets":"","ocean_shortcode_after_footer_widgets":"","ocean_shortcode_before_footer_bottom":"","ocean_shortcode_after_footer_bottom":"","ocean_display_top_bar":"default","ocean_display_header":"default","ocean_header_style":"","ocean_center_header_left_menu":"0","ocean_custom_header_template":"0","ocean_custom_logo":0,"ocean_custom_retina_logo":0,"ocean_custom_logo_max_width":0,"ocean_custom_logo_tablet_max_width":0,"ocean_custom_logo_mobile_max_width":0,"ocean_custom_logo_max_height":0,"ocean_custom_logo_tablet_max_height":0,"ocean_custom_logo_mobile_max_height":0,"ocean_header_custom_menu":"0","ocean_menu_typo_font_family":"0","ocean_menu_typo_font_subset":"","ocean_menu_typo_font_size":0,"ocean_menu_typo_font_size_tablet":0,"ocean_menu_typo_font_size_mobile":0,"ocean_menu_typo_font_size_unit":"px","ocean_menu_typo_font_weight":"","ocean_menu_typo_font_weight_tablet":"","ocean_menu_typo_font_weight_mobile":"","ocean_menu_typo_transform":"","ocean_menu_typo_transform_tablet":"","ocean_menu_typo_transform_mobile":"","ocean_menu_typo_line_height":0,"ocean_menu_typo_line_height_tablet":0,"ocean_menu_typo_line_height_mobile":0,"ocean_menu_typo_line_height_unit":"","ocean_menu_typo_spacing":0,"ocean_menu_typo_spacing_tablet":0,"ocean_menu_typo_spacing_mobile":0,"ocean_menu_typo_spacing_unit":"","ocean_menu_link_color":"","ocean_menu_link_color_hover":"","ocean_menu_link_color_active":"","ocean_menu_link_background":"","ocean_menu_link_hover_background":"","ocean_menu_link_active_background":"","ocean_menu_social_links_bg":"","ocean_menu_social_hover_links_bg":"","ocean_menu_social_links_color":"","ocean_menu_social_hover_links_color":"","ocean_disable_title":"default","ocean_disable_heading":"default","ocean_post_title":"","ocean_post_subheading":"","ocean_post_title_style":"","ocean_post_title_background_color":"","ocean_post_title_background":0,"ocean_post_title_bg_image_position":"","ocean_post_title_bg_image_attachment":"","ocean_post_title_bg_image_repeat":"","ocean_post_title_bg_image_size":"","ocean_post_title_height":0,"ocean_post_title_bg_overlay":0.5,"ocean_post_title_bg_overlay_color":"","ocean_disable_breadcrumbs":"default","ocean_breadcrumbs_color":"","ocean_breadcrumbs_separator_color":"","ocean_breadcrumbs_links_color":"","ocean_breadcrumbs_links_hover_color":"","ocean_display_footer_widgets":"default","ocean_display_footer_bottom":"default","ocean_custom_footer_template":"0","omw_enable_modal_window":"enable","osh_disable_topbar_sticky":"default","osh_disable_header_sticky":"default","osh_sticky_header_style":"default","osh_sticky_header_effect":"","osh_custom_sticky_logo":0,"osh_custom_retina_sticky_logo":0,"osh_custom_sticky_logo_height":0,"osh_background_color":"","osh_links_color":"","osh_links_hover_color":"","osh_links_active_color":"","osh_links_bg_color":"","osh_links_hover_bg_color":"","osh_links_active_bg_color":"","osh_menu_social_links_color":"","osh_menu_social_hover_links_color":""},"product_brand":[1034],"product_cat":[58,44,62],"product_tag":[72,789,899,155],"class_list":{"0":"post-4602","1":"product","2":"type-product","3":"status-publish","4":"has-post-thumbnail","6":"product_brand-jucad","7":"product_cat-jucad","8":"product_cat-golftrolleys","9":"product_cat-jucad-carbon-golftrolleys","10":"product_tag-golftrolley","11":"product_tag-jucad-carbon-3-rad","12":"product_tag-jucad-carbon-verde-rose","13":"product_tag-manuell","14":"tm-no-options","16":"entry","17":"has-media","19":"first","20":"instock","21":"sale","22":"taxable","23":"shipping-taxable","24":"purchasable","25":"product-type-simple","26":"col","27":"span_1_of_3","28":"owp-content-center","29":"owp-thumbs-layout-horizontal","30":"owp-btn-normal","31":"owp-tabs-layout-horizontal","32":"circle-sale"},"_links":{"self":[{"href":"https:\/\/www.exclusive-golf-trolleys.de\/shop\/wp-json\/wp\/v2\/product\/4602","targetHints":{"allow":["GET"]}}],"collection":[{"href":"https:\/\/www.exclusive-golf-trolleys.de\/shop\/wp-json\/wp\/v2\/product"}],"about":[{"href":"https:\/\/www.exclusive-golf-trolleys.de\/shop\/wp-json\/wp\/v2\/types\/product"}],"replies":[{"embeddable":true,"href":"https:\/\/www.exclusive-golf-trolleys.de\/shop\/wp-json\/wp\/v2\/comments?post=4602"}],"wp:featuredmedia":[{"embeddable":true,"href":"https:\/\/www.exclusive-golf-trolleys.de\/shop\/wp-json\/wp\/v2\/media\/4603"}],"wp:attachment":[{"href":"https:\/\/www.exclusive-golf-trolleys.de\/shop\/wp-json\/wp\/v2\/media?parent=4602"}],"wp:term":[{"taxonomy":"product_brand","embeddable":true,"href":"https:\/\/www.exclusive-golf-trolleys.de\/shop\/wp-json\/wp\/v2\/product_brand?post=4602"},{"taxonomy":"product_cat","embeddable":true,"href":"https:\/\/www.exclusive-golf-trolleys.de\/shop\/wp-json\/wp\/v2\/product_cat?post=4602"},{"taxonomy":"product_tag","embeddable":true,"href":"https:\/\/www.exclusive-golf-trolleys.de\/shop\/wp-json\/wp\/v2\/product_tag?post=4602"}],"curies":[{"name":"wp","href":"https:\/\/api.w.org\/{rel}","templated":true}]}}