{"id":4588,"date":"2024-01-20T15:08:49","date_gmt":"2024-01-20T14:08:49","guid":{"rendered":"https:\/\/www.exclusive-golf-trolleys.de\/shop\/?post_type=product&#038;p=4588"},"modified":"2026-01-17T11:52:26","modified_gmt":"2026-01-17T10:52:26","slug":"jucad-edelstahl-drive-3-0-golftrolley","status":"publish","type":"product","link":"https:\/\/www.exclusive-golf-trolleys.de\/shop\/produkt\/jucad-edelstahl-drive-3-0-golftrolley\/","title":{"rendered":"JuCad Edelstahl Drive 3.0 Golftrolley"},"content":{"rendered":"<h2><strong>JuCad Edelstahl Drive 3.0<\/strong><\/h2>\n<h2><strong>Brandneues Modell 3.0 \/ Bj. 2026<br \/>\nNEU &#8211; Slope Balance Control (SBC\u00ae) f\u00fcr optimalen Hangausgleich um immer in der Spur zu bleiben<br \/>\n<\/strong><strong>Angebot inkl. kompletten Zubeh\u00f6rpaket:<\/strong><\/h2>\n<ul>\n<li><strong>JuCad Scorekartenhalter in Schwarz<br \/>\nJuCad Griff- u. K\u00e4lteschutz 2.tlg.<br \/>\nJuCad Transporttasche mit Teleskopgriff und Rollen<br \/>\nJuCad Golfschirm mit 99% UV-Protection<\/p>\n<p><\/strong><\/li>\n<\/ul>\n<p>Der brandneue, elegante Elektrotrolley JuCad Edelstahl Drive 3.0 aus satiniertem Edelstahl ist in Sachen Pr\u00e4zision, Robustheit und Funktionalit\u00e4t eine gute Alternative<br \/>\nzu den exklusiven JuCad Titan Elektrotrolleys.<br \/>\nDer komfortable Golftrolley mit nur einer Steckverbindung und dem besonders flachen Packma\u00df von 65x60x10 cm passt in fast jeden Sportwagen-Kofferraum.<br \/>\nDas neue intelligente Technikpaket 3.0 sorgt f\u00fcr weiteren Komfort und beinhaltet leise Brushless Motoren mit einer beidseitigen elektronischen Parkbremse f\u00fcr sicheren Halt<br \/>\nauf steilstem Gel\u00e4nde sowie Magnetstecker und eine integrierte Ladestandsanzeige.<br \/>\nDank der bedienerfreundlichen Drehgriffschaltung und der elektronischen Bremse (Tempomat) ist der Fahrspa\u00df auch auf\u00a0 schwerem Gel\u00e4nde gew\u00e4hrleistet.<br \/>\nDer umweltfreundliche JuCad Powerpack mit neuester Lithium-Akkutechnik wird sicher in Ihrem Golfbag untergebracht, so wird die Langlebigkeit der Technik garantiert<br \/>\nund das Design des Caddys bleibt sportlich elegant.<\/p>\n<p>Auch in optischer Hinsicht k\u00f6nnen sie diesen JuCad Drive Edelstahl 3.0 ganz individuell, kostenfrei nach ihrem Geschmack gestalten.<\/p>\n<p><strong>Bestellen sie zum Sonderpreis direkt das JuCad Zubeh\u00f6r-Set &#8222;Drive&#8220; dazu.<\/strong><br \/>\nBei Bestellung des Zubeh\u00f6r-Set`s k\u00f6nnen sie den Golfschirm und den Deckel des Scorekartenhalters farblich frei w\u00e4hlen.<br \/>\nDie Felgen- und Reifenfarbe kann ebenfalls frei nach Wunsch ausgew\u00e4hlt werden, ohne Mehrkosten, auch ohne Kauf des Zubeh\u00f6r-Set`s.<\/p>\n<p><strong>Optional bestellbar:<\/strong><br \/>\nJuCad Fernsteuerung (Aufpreis 399 Euro)<\/p>\n<p><strong>Technische Details 3.0:<\/strong><\/p>\n<ul>\n<li>Integriertes Technikpaket 3.0 mit beidseitiger elektronischer Parkbremse, Brushless Motoren, Magnetstecker, Ladestandsanzeige und<br \/>\n<strong>NEU! Slope Balance Control (SBC\u00ae) f\u00fcr optimalen Hangausgleich um immer in der Spur zu bleiben<\/strong><\/li>\n<li>Einfache Bedienung durch stufenlosen Gasgriff<\/li>\n<li>H\u00f6henverstellbare Griffstange<\/li>\n<li>Drehschalter f\u00fcr Vorw\u00e4rts- und R\u00fcckw\u00e4rtsfunktion, Freilauf<\/li>\n<li>Automatische Vorlauffunktion (Distanzgeber 10-20-30 Meter)<\/li>\n<li>Leichtes Ziehen und Schieben auch ohne Akku m\u00f6glich<\/li>\n<li>Keine sichtbaren Kabel, Akkus und Motoren<\/li>\n<li>Elektronische Bergbremse (Tempomat)<\/li>\n<li>Klapp-, drehbare Bagauflage oben und unten<\/li>\n<li>Extrem stabile Leichtlaufr\u00e4der<\/li>\n<li>Reifen mit Luftpolsterfederung, Reifenbelag wechselbar<\/li>\n<li>Verschiedene Felgen- und Reifenfarben ohne Aufpreis<\/li>\n<li>Leicht und flach zusammenlegbar<\/li>\n<li>Schirmhalterung f\u00fcr JuCad Schirm<\/li>\n<li>Lithium-Hochleistungsakku bis zu 45 Loch und Energier\u00fcckgewinnung, inklusive Ladeger\u00e4t<\/li>\n<li>Gewicht Rahmen und R\u00e4der 7,2 kg<\/li>\n<li>Flaches Packma\u00df zum Stecken: 65x60x10 cm<\/li>\n<li>Edelstahl-Rahmen mit 6 Jahren Garantie<\/li>\n<li>Optional mit Fernsteuerung<\/li>\n<\/ul>\n","protected":false},"excerpt":{"rendered":"<h2><strong>JuCad Edelstahl Drive 3.0<\/strong><\/h2>\n<h2><strong>Brandneues Modell 3.0 \/ Bj. 2026<br \/>\nNEU &#8211; Slope Balance Control (SBC\u00ae) f\u00fcr optimalen Hangausgleich um immer in der Spur zu bleiben<br \/>\n<\/strong><strong>Angebot inkl. kompletten Zubeh\u00f6rpaket,<br \/>\ng\u00fcltig bis 30.April 2026<\/strong><\/h2>\n","protected":false},"featured_media":5891,"comment_status":"open","ping_status":"closed","template":"","meta":{"ocean_post_layout":"","ocean_both_sidebars_style":"","ocean_both_sidebars_content_width":0,"ocean_both_sidebars_sidebars_width":0,"ocean_sidebar":"0","ocean_second_sidebar":"0","ocean_disable_margins":"enable","ocean_add_body_class":"","ocean_shortcode_before_top_bar":"","ocean_shortcode_after_top_bar":"","ocean_shortcode_before_header":"","ocean_shortcode_after_header":"","ocean_has_shortcode":"","ocean_shortcode_after_title":"","ocean_shortcode_before_footer_widgets":"","ocean_shortcode_after_footer_widgets":"","ocean_shortcode_before_footer_bottom":"","ocean_shortcode_after_footer_bottom":"","ocean_display_top_bar":"default","ocean_display_header":"default","ocean_header_style":"","ocean_center_header_left_menu":"0","ocean_custom_header_template":"0","ocean_custom_logo":0,"ocean_custom_retina_logo":0,"ocean_custom_logo_max_width":0,"ocean_custom_logo_tablet_max_width":0,"ocean_custom_logo_mobile_max_width":0,"ocean_custom_logo_max_height":0,"ocean_custom_logo_tablet_max_height":0,"ocean_custom_logo_mobile_max_height":0,"ocean_header_custom_menu":"0","ocean_menu_typo_font_family":"0","ocean_menu_typo_font_subset":"","ocean_menu_typo_font_size":0,"ocean_menu_typo_font_size_tablet":0,"ocean_menu_typo_font_size_mobile":0,"ocean_menu_typo_font_size_unit":"px","ocean_menu_typo_font_weight":"","ocean_menu_typo_font_weight_tablet":"","ocean_menu_typo_font_weight_mobile":"","ocean_menu_typo_transform":"","ocean_menu_typo_transform_tablet":"","ocean_menu_typo_transform_mobile":"","ocean_menu_typo_line_height":0,"ocean_menu_typo_line_height_tablet":0,"ocean_menu_typo_line_height_mobile":0,"ocean_menu_typo_line_height_unit":"","ocean_menu_typo_spacing":0,"ocean_menu_typo_spacing_tablet":0,"ocean_menu_typo_spacing_mobile":0,"ocean_menu_typo_spacing_unit":"","ocean_menu_link_color":"","ocean_menu_link_color_hover":"","ocean_menu_link_color_active":"","ocean_menu_link_background":"","ocean_menu_link_hover_background":"","ocean_menu_link_active_background":"","ocean_menu_social_links_bg":"","ocean_menu_social_hover_links_bg":"","ocean_menu_social_links_color":"","ocean_menu_social_hover_links_color":"","ocean_disable_title":"default","ocean_disable_heading":"default","ocean_post_title":"","ocean_post_subheading":"","ocean_post_title_style":"","ocean_post_title_background_color":"","ocean_post_title_background":0,"ocean_post_title_bg_image_position":"","ocean_post_title_bg_image_attachment":"","ocean_post_title_bg_image_repeat":"","ocean_post_title_bg_image_size":"","ocean_post_title_height":0,"ocean_post_title_bg_overlay":0.5,"ocean_post_title_bg_overlay_color":"","ocean_disable_breadcrumbs":"default","ocean_breadcrumbs_color":"","ocean_breadcrumbs_separator_color":"","ocean_breadcrumbs_links_color":"","ocean_breadcrumbs_links_hover_color":"","ocean_display_footer_widgets":"default","ocean_display_footer_bottom":"default","ocean_custom_footer_template":"0","omw_enable_modal_window":"enable","osh_disable_topbar_sticky":"default","osh_disable_header_sticky":"default","osh_sticky_header_style":"default","osh_sticky_header_effect":"","osh_custom_sticky_logo":0,"osh_custom_retina_sticky_logo":0,"osh_custom_sticky_logo_height":0,"osh_background_color":"","osh_links_color":"","osh_links_hover_color":"","osh_links_active_color":"","osh_links_bg_color":"","osh_links_hover_bg_color":"","osh_links_active_bg_color":"","osh_menu_social_links_color":"","osh_menu_social_hover_links_color":""},"product_brand":[1034],"product_cat":[58,44,60],"product_tag":[72,1090,1114,1127],"class_list":{"0":"post-4588","1":"product","2":"type-product","3":"status-publish","4":"has-post-thumbnail","6":"product_brand-jucad","7":"product_cat-jucad","8":"product_cat-golftrolleys","9":"product_cat-jucad-edelstahl-golftrolleys","10":"product_tag-golftrolley","11":"product_tag-jucad-3-0","12":"product_tag-jucad-edelstahl","13":"product_tag-jucad-edelstahl-drive-3-0","14":"tm-has-options","16":"entry","17":"has-media","19":"first","20":"instock","21":"sale","22":"taxable","23":"shipping-taxable","24":"purchasable","25":"product-type-simple","26":"col","27":"span_1_of_3","28":"owp-content-center","29":"owp-thumbs-layout-horizontal","30":"owp-btn-normal","31":"owp-tabs-layout-horizontal","32":"circle-sale"},"_links":{"self":[{"href":"https:\/\/www.exclusive-golf-trolleys.de\/shop\/wp-json\/wp\/v2\/product\/4588","targetHints":{"allow":["GET"]}}],"collection":[{"href":"https:\/\/www.exclusive-golf-trolleys.de\/shop\/wp-json\/wp\/v2\/product"}],"about":[{"href":"https:\/\/www.exclusive-golf-trolleys.de\/shop\/wp-json\/wp\/v2\/types\/product"}],"replies":[{"embeddable":true,"href":"https:\/\/www.exclusive-golf-trolleys.de\/shop\/wp-json\/wp\/v2\/comments?post=4588"}],"wp:featuredmedia":[{"embeddable":true,"href":"https:\/\/www.exclusive-golf-trolleys.de\/shop\/wp-json\/wp\/v2\/media\/5891"}],"wp:attachment":[{"href":"https:\/\/www.exclusive-golf-trolleys.de\/shop\/wp-json\/wp\/v2\/media?parent=4588"}],"wp:term":[{"taxonomy":"product_brand","embeddable":true,"href":"https:\/\/www.exclusive-golf-trolleys.de\/shop\/wp-json\/wp\/v2\/product_brand?post=4588"},{"taxonomy":"product_cat","embeddable":true,"href":"https:\/\/www.exclusive-golf-trolleys.de\/shop\/wp-json\/wp\/v2\/product_cat?post=4588"},{"taxonomy":"product_tag","embeddable":true,"href":"https:\/\/www.exclusive-golf-trolleys.de\/shop\/wp-json\/wp\/v2\/product_tag?post=4588"}],"curies":[{"name":"wp","href":"https:\/\/api.w.org\/{rel}","templated":true}]}}