{"id":4515,"date":"2023-12-11T16:58:19","date_gmt":"2023-12-11T15:58:19","guid":{"rendered":"https:\/\/www.exclusive-golf-trolleys.de\/shop\/?post_type=product&#038;p=4515"},"modified":"2025-11-20T10:27:53","modified_gmt":"2025-11-20T09:27:53","slug":"jucad-winter-service-check-1","status":"publish","type":"product","link":"https:\/\/www.exclusive-golf-trolleys.de\/shop\/produkt\/jucad-winter-service-check-1\/","title":{"rendered":"JuCad Winter Service-Check 1"},"content":{"rendered":"<p><strong>JuCad Winter Service-Check 1<br \/>\n<\/strong>Wir sind seit vielen Jahren ein Zertifizierter Service Partner der JuTec GmbH &amp; Co. KG (Hersteller von JuCad\/JuStar)<br \/>\nW\u00e4hlen sie unseren Hersteller konformen Winter Service-Check f\u00fcr Ihren JuCad Elektrotrolley E-Trolley E-Caddy<\/p>\n<p>Mit dem Kauf eines JuCad haben Sie sich f\u00fcr ein sehr hochwertiges Produkt \u2013 Handmade in Germany &#8211; entschieden.<br \/>\nAlle JuCad Trolleys werden in sorgf\u00e4ltiger Handarbeit im Hause JuTec gefertigt und sind nahezu wartungsfrei.<br \/>\nDie langlebige Qualit\u00e4t Ihres JuCad JuStar Trolleys erhalten Sie durch optimale Pflege und Bedienung.<br \/>\nUnser Service Team gibt Ihnen hierzu gerne weitere wertvolle Tipps.<\/p>\n<p><strong>JuCad Winter Service-Check<\/strong><br \/>\nMachen Sie Ihren JuCad Elektrotrolley fit f\u00fcr die neue Golfsaison 2026 mit unserem JuCad Winter Service-Check<\/p>\n<p><strong>JuCad Winter Service-Check 1<br \/>\n<\/strong><\/p>\n<p>Erneuerung der Scorekartenabdeckung auf die aktuelle Version<br \/>\nAustausch der 2\/4 Bagbefestigungsgummis<br \/>\nAustausch der 4 Bagb\u00fcgelschoner<br \/>\nAustausch des Bagb\u00fcgeladapters oben auf die aktuelle Version (nur bei festgestelltem Verschlei\u00df)<br \/>\nReinigung und Pr\u00fcfung aller Dreh- und Steckteile<br \/>\nJustierung der Fahrspur inkl. Felgen- u. Reifenkontrolle<br \/>\nJustierung und Einstellung aller beweglichen Teile<br \/>\nFunktions- und Leistungs\u00fcberpr\u00fcfung des JuCad\/JuStar Powerpacks Akkus (Geh\u00e4use, Kabel, Stecker)<br \/>\n\u00dcberpr\u00fcfung ihres JuCad Ladeger\u00e4tes<br \/>\n\u00dcberpr\u00fcfung aller elektronischen Funktionen sowie der beiden Motor- und Getriebeeinheiten<br \/>\nFunktionskontrolle aller Rahmenteile und Schwei\u00dfn\u00e4hte<br \/>\nAbschlie\u00dfende Probefahrt<\/p>\n<p><strong>Komplettpreis ohne Versandkosten: EUR 199,00<\/strong><\/p>\n<p>R\u00fccksendung nach Winter Check zuz\u00fcglich 20,00 Euro<br \/>\nEU L\u00e4nder auf Anfrage per GLS Paketdienst.<br \/>\nSchweiz\/UK: nur auf Anfrage (wegen der Zollbestimmungen)<strong><br \/>\n<\/strong><\/p>\n<p><strong>Wichtiger Hinweis:<\/strong><br \/>\nWenn Sie Ihren JuCad zu uns f\u00fcr den Winter Service-Check einsenden oder in unserem Shop abgeben, empfehlen wir alle Teile mitzubringen\/mitzuschicken.<br \/>\nSie haben keinen passenden, sicheren Karton daf\u00fcr zur Hand? Kein Problem, nutzen sie dazu einfach unseren Hin- u. R\u00fccksendeservice.<br \/>\nWir schicken ihnen vorab einen original JuCad Versandkarton samt Polstermaterial an ihre Heimatadresse.<br \/>\nDamit ist ihr JuCad sicher f\u00fcr den Versand zu uns verpackt und optimal gesch\u00fctzt.<\/p>\n<p>Die JuCad Transporttasche des Trolleys alleine stellt alleine keine ad\u00e4quate Verpackung dar und birgt das Risiko, dass sich der Paketschein abl\u00f6st<br \/>\nund Ihr Trolley verloren geht oder beim Transport besch\u00e4digt wird.<\/p>\n<p>Nutzen Sie dazu einfach unseren speziellen GLS Paketdienst Leerkarton + Abhol- und R\u00fccksendeservice,<br \/>\nhierf\u00fcr berechnen wir zus\u00e4tzlich zum Winter Service-Check 49,90 Euro.<\/p>\n<p>Nur die Abholung ihres Paketes an ihrer Haust\u00fcre durch GLS Paketdienst k\u00f6nnen wir gerne f\u00fcr 20,00 Euro zus\u00e4tzlich arrangieren.<br \/>\nGerne richten wir f\u00fcr sie einen Wunschtermin zur Abholung an ihrer Haust\u00fcre ein.<\/p>\n","protected":false},"excerpt":{"rendered":"<p><strong>JuCad JuStar Winter Service-Check<\/strong><br \/>\nWir sind vielen seit Jahren ein zertifizierter Service Partner der<br \/>\nJuTec GmbH &amp; Co. KG (Hersteller von JuCad\/JuStar)<\/p>\n<p>Aktionszeitraum ab 15.10.2025 &#8211; 31.03.2026<\/p>\n","protected":false},"featured_media":6638,"comment_status":"open","ping_status":"closed","template":"","meta":{"ocean_post_layout":"","ocean_both_sidebars_style":"","ocean_both_sidebars_content_width":0,"ocean_both_sidebars_sidebars_width":0,"ocean_sidebar":"0","ocean_second_sidebar":"0","ocean_disable_margins":"enable","ocean_add_body_class":"","ocean_shortcode_before_top_bar":"","ocean_shortcode_after_top_bar":"","ocean_shortcode_before_header":"","ocean_shortcode_after_header":"","ocean_has_shortcode":"","ocean_shortcode_after_title":"","ocean_shortcode_before_footer_widgets":"","ocean_shortcode_after_footer_widgets":"","ocean_shortcode_before_footer_bottom":"","ocean_shortcode_after_footer_bottom":"","ocean_display_top_bar":"default","ocean_display_header":"default","ocean_header_style":"","ocean_center_header_left_menu":"0","ocean_custom_header_template":"0","ocean_custom_logo":0,"ocean_custom_retina_logo":0,"ocean_custom_logo_max_width":0,"ocean_custom_logo_tablet_max_width":0,"ocean_custom_logo_mobile_max_width":0,"ocean_custom_logo_max_height":0,"ocean_custom_logo_tablet_max_height":0,"ocean_custom_logo_mobile_max_height":0,"ocean_header_custom_menu":"0","ocean_menu_typo_font_family":"0","ocean_menu_typo_font_subset":"","ocean_menu_typo_font_size":0,"ocean_menu_typo_font_size_tablet":0,"ocean_menu_typo_font_size_mobile":0,"ocean_menu_typo_font_size_unit":"px","ocean_menu_typo_font_weight":"","ocean_menu_typo_font_weight_tablet":"","ocean_menu_typo_font_weight_mobile":"","ocean_menu_typo_transform":"","ocean_menu_typo_transform_tablet":"","ocean_menu_typo_transform_mobile":"","ocean_menu_typo_line_height":0,"ocean_menu_typo_line_height_tablet":0,"ocean_menu_typo_line_height_mobile":0,"ocean_menu_typo_line_height_unit":"","ocean_menu_typo_spacing":0,"ocean_menu_typo_spacing_tablet":0,"ocean_menu_typo_spacing_mobile":0,"ocean_menu_typo_spacing_unit":"","ocean_menu_link_color":"","ocean_menu_link_color_hover":"","ocean_menu_link_color_active":"","ocean_menu_link_background":"","ocean_menu_link_hover_background":"","ocean_menu_link_active_background":"","ocean_menu_social_links_bg":"","ocean_menu_social_hover_links_bg":"","ocean_menu_social_links_color":"","ocean_menu_social_hover_links_color":"","ocean_disable_title":"default","ocean_disable_heading":"default","ocean_post_title":"","ocean_post_subheading":"","ocean_post_title_style":"","ocean_post_title_background_color":"","ocean_post_title_background":0,"ocean_post_title_bg_image_position":"","ocean_post_title_bg_image_attachment":"","ocean_post_title_bg_image_repeat":"","ocean_post_title_bg_image_size":"","ocean_post_title_height":0,"ocean_post_title_bg_overlay":0.5,"ocean_post_title_bg_overlay_color":"","ocean_disable_breadcrumbs":"default","ocean_breadcrumbs_color":"","ocean_breadcrumbs_separator_color":"","ocean_breadcrumbs_links_color":"","ocean_breadcrumbs_links_hover_color":"","ocean_display_footer_widgets":"default","ocean_display_footer_bottom":"default","ocean_custom_footer_template":"0","omw_enable_modal_window":"enable","osh_disable_topbar_sticky":"default","osh_disable_header_sticky":"default","osh_sticky_header_style":"default","osh_sticky_header_effect":"","osh_custom_sticky_logo":0,"osh_custom_retina_sticky_logo":0,"osh_custom_sticky_logo_height":0,"osh_background_color":"","osh_links_color":"","osh_links_hover_color":"","osh_links_active_color":"","osh_links_bg_color":"","osh_links_hover_bg_color":"","osh_links_active_bg_color":"","osh_menu_social_links_color":"","osh_menu_social_hover_links_color":""},"product_brand":[1034],"product_cat":[58,44,461,15],"product_tag":[78,671,944,766,73,673,1082],"class_list":{"0":"post-4515","1":"product","2":"type-product","3":"status-publish","4":"has-post-thumbnail","6":"product_brand-jucad","7":"product_cat-jucad","8":"product_cat-golftrolleys","9":"product_cat-jucad-service","10":"product_cat-zubehoer","11":"product_tag-jucad","12":"product_tag-jucad-service","13":"product_tag-jucad-winter-check","14":"product_tag-jucad-winter-service-check","15":"product_tag-justar","16":"product_tag-justar-service","17":"product_tag-justar-winter-service-check","18":"tm-no-options","20":"entry","21":"has-media","23":"first","24":"instock","25":"sale","26":"taxable","27":"shipping-taxable","28":"purchasable","29":"product-type-simple","30":"col","31":"span_1_of_3","32":"owp-content-center","33":"owp-thumbs-layout-horizontal","34":"owp-btn-normal","35":"owp-tabs-layout-horizontal","36":"circle-sale"},"_links":{"self":[{"href":"https:\/\/www.exclusive-golf-trolleys.de\/shop\/wp-json\/wp\/v2\/product\/4515","targetHints":{"allow":["GET"]}}],"collection":[{"href":"https:\/\/www.exclusive-golf-trolleys.de\/shop\/wp-json\/wp\/v2\/product"}],"about":[{"href":"https:\/\/www.exclusive-golf-trolleys.de\/shop\/wp-json\/wp\/v2\/types\/product"}],"replies":[{"embeddable":true,"href":"https:\/\/www.exclusive-golf-trolleys.de\/shop\/wp-json\/wp\/v2\/comments?post=4515"}],"wp:featuredmedia":[{"embeddable":true,"href":"https:\/\/www.exclusive-golf-trolleys.de\/shop\/wp-json\/wp\/v2\/media\/6638"}],"wp:attachment":[{"href":"https:\/\/www.exclusive-golf-trolleys.de\/shop\/wp-json\/wp\/v2\/media?parent=4515"}],"wp:term":[{"taxonomy":"product_brand","embeddable":true,"href":"https:\/\/www.exclusive-golf-trolleys.de\/shop\/wp-json\/wp\/v2\/product_brand?post=4515"},{"taxonomy":"product_cat","embeddable":true,"href":"https:\/\/www.exclusive-golf-trolleys.de\/shop\/wp-json\/wp\/v2\/product_cat?post=4515"},{"taxonomy":"product_tag","embeddable":true,"href":"https:\/\/www.exclusive-golf-trolleys.de\/shop\/wp-json\/wp\/v2\/product_tag?post=4515"}],"curies":[{"name":"wp","href":"https:\/\/api.w.org\/{rel}","templated":true}]}}