{"id":4264,"date":"2023-09-15T16:39:10","date_gmt":"2023-09-15T14:39:10","guid":{"rendered":"https:\/\/www.exclusive-golf-trolleys.de\/shop\/?post_type=product&#038;p=4264"},"modified":"2025-10-15T14:37:34","modified_gmt":"2025-10-15T12:37:34","slug":"jucad-fernsteuerung-aufpreis-bei-trolley-neukauf","status":"publish","type":"product","link":"https:\/\/www.exclusive-golf-trolleys.de\/shop\/produkt\/jucad-fernsteuerung-aufpreis-bei-trolley-neukauf\/","title":{"rendered":"JuCad Fernsteuerung -Aufpreis bei Trolley Neukauf"},"content":{"rendered":"<p><strong>JuCad Fernsteuerung &#8211; Aufpreis bei Trolley Neukauf<br \/>\n<\/strong><\/p>\n<p><strong>Hinweis: Angezeigter Preis nur bei gleichzeitiger Bestellung\/Kauf eines neuen JuCad Golftrolleys.<\/strong><\/p>\n<p>Eine Nachr\u00fcstung ist ebenfalls jederzeit m\u00f6glich, hierzu muss ihr JuCad Akku\/Powerpack zu uns eingesandt werden,<br \/>\ndamit dieser nachtr\u00e4glich mit der n\u00f6tigen Sende- Empfangseinheit + Software nachger\u00fcstet werden kann.<br \/>\nDer Preis f\u00fcr die Umr\u00fcstung ihres eigenen JuCad Powerpacks incl. dem JuCad Handsender liegt bei 429,90 Euro.<\/p>\n<p>Gesamtpreis inkl. der Umr\u00fcstung eines Fabrikneuen JuCad Powerpacks 1.0\u00a0 oder 2.0 auf JuCad Fernsteuerung:<br \/>\nListenpreis ab Werk: 449 Euro<br \/>\n<strong>Unser Angebot: 399,00 Euro<\/strong><\/p>\n<p>Ihr JuCad Golftrolley nimmt Ihnen auf der Runde schon eine Menge Arbeit ab, indem er nahezu wie von selbst \u00fcber den Platz rollt.<br \/>\nSo sparen Sie Kraft f\u00fcr Ihre Performance.<br \/>\nJuCad Fernsteuerung; sie ist mit \u00fcbersichtlichen, leicht bedienbaren Tasten ausgestattet, die sich einfach und von selbst erkl\u00e4ren.<\/p>\n<p>Sie haben hier die 5 Tasten f\u00fcr \u201eVorlauf\u201c, \u201eR\u00fccklauf\u201c, \u201elinks\u201c, \u201erechts\u201c und \u201eStopp\u201c, die den Golftrolley unmittelbar in Bewegung setzen.<br \/>\nDie Fernbedienung verf\u00fcgt au\u00dferdem \u00fcber eine Not-Aus Taste und die 3 Tasten f\u00fcr die Vorlauffunktion von 10, 20 und 30 Metern.<br \/>\nDamit haben Sie alle Optionen in einer Hand, die auch die direkte Bedienung am Steuergriff auch bietet, &#8211; nur mit dem Unterschied,<br \/>\ndass Sie nicht st\u00e4ndig zu Ihrem Golftrolley laufen m\u00fcssen, sondern ihn von jedem Punkt aus man\u00f6vrieren k\u00f6nnen, an dem Sie gerade stehen.<br \/>\nBequemer geht es nun wirklich nicht mehr!<\/p>\n<p><strong>ACHTUNG:<\/strong><br \/>\nWenn Sie bereits einen JuCad Golftrolley besitzen, muss zum nachtr\u00e4glichen Einrichten der Fernsteuerung Ihr Akku zu uns eingesandt werden!<\/p>\n<p>\u2022 JuCad Schriftzug<br \/>\n\u2022 Farbe: schwarz mit hellen Tasten<\/p>\n","protected":false},"excerpt":{"rendered":"<p>JuCad Fernsteuerung mit vielen Funktionen<br \/>\nincl. USB Ladebuchse mit Ladekabel<\/p>\n<p>-Aktionspreis bei Trolley Neukauf-<\/p>\n","protected":false},"featured_media":4265,"comment_status":"open","ping_status":"closed","template":"","meta":{"ocean_post_layout":"","ocean_both_sidebars_style":"","ocean_both_sidebars_content_width":0,"ocean_both_sidebars_sidebars_width":0,"ocean_sidebar":"0","ocean_second_sidebar":"0","ocean_disable_margins":"enable","ocean_add_body_class":"","ocean_shortcode_before_top_bar":"","ocean_shortcode_after_top_bar":"","ocean_shortcode_before_header":"","ocean_shortcode_after_header":"","ocean_has_shortcode":"","ocean_shortcode_after_title":"","ocean_shortcode_before_footer_widgets":"","ocean_shortcode_after_footer_widgets":"","ocean_shortcode_before_footer_bottom":"","ocean_shortcode_after_footer_bottom":"","ocean_display_top_bar":"default","ocean_display_header":"default","ocean_header_style":"","ocean_center_header_left_menu":"0","ocean_custom_header_template":"0","ocean_custom_logo":0,"ocean_custom_retina_logo":0,"ocean_custom_logo_max_width":0,"ocean_custom_logo_tablet_max_width":0,"ocean_custom_logo_mobile_max_width":0,"ocean_custom_logo_max_height":0,"ocean_custom_logo_tablet_max_height":0,"ocean_custom_logo_mobile_max_height":0,"ocean_header_custom_menu":"0","ocean_menu_typo_font_family":"0","ocean_menu_typo_font_subset":"","ocean_menu_typo_font_size":0,"ocean_menu_typo_font_size_tablet":0,"ocean_menu_typo_font_size_mobile":0,"ocean_menu_typo_font_size_unit":"px","ocean_menu_typo_font_weight":"","ocean_menu_typo_font_weight_tablet":"","ocean_menu_typo_font_weight_mobile":"","ocean_menu_typo_transform":"","ocean_menu_typo_transform_tablet":"","ocean_menu_typo_transform_mobile":"","ocean_menu_typo_line_height":0,"ocean_menu_typo_line_height_tablet":0,"ocean_menu_typo_line_height_mobile":0,"ocean_menu_typo_line_height_unit":"","ocean_menu_typo_spacing":0,"ocean_menu_typo_spacing_tablet":0,"ocean_menu_typo_spacing_mobile":0,"ocean_menu_typo_spacing_unit":"","ocean_menu_link_color":"","ocean_menu_link_color_hover":"","ocean_menu_link_color_active":"","ocean_menu_link_background":"","ocean_menu_link_hover_background":"","ocean_menu_link_active_background":"","ocean_menu_social_links_bg":"","ocean_menu_social_hover_links_bg":"","ocean_menu_social_links_color":"","ocean_menu_social_hover_links_color":"","ocean_disable_title":"default","ocean_disable_heading":"default","ocean_post_title":"","ocean_post_subheading":"","ocean_post_title_style":"","ocean_post_title_background_color":"","ocean_post_title_background":0,"ocean_post_title_bg_image_position":"","ocean_post_title_bg_image_attachment":"","ocean_post_title_bg_image_repeat":"","ocean_post_title_bg_image_size":"","ocean_post_title_height":0,"ocean_post_title_bg_overlay":0.5,"ocean_post_title_bg_overlay_color":"","ocean_disable_breadcrumbs":"default","ocean_breadcrumbs_color":"","ocean_breadcrumbs_separator_color":"","ocean_breadcrumbs_links_color":"","ocean_breadcrumbs_links_hover_color":"","ocean_display_footer_widgets":"default","ocean_display_footer_bottom":"default","ocean_custom_footer_template":"0","omw_enable_modal_window":"enable","osh_disable_topbar_sticky":"default","osh_disable_header_sticky":"default","osh_sticky_header_style":"default","osh_sticky_header_effect":"","osh_custom_sticky_logo":0,"osh_custom_retina_sticky_logo":0,"osh_custom_sticky_logo_height":0,"osh_background_color":"","osh_links_color":"","osh_links_hover_color":"","osh_links_active_color":"","osh_links_bg_color":"","osh_links_hover_bg_color":"","osh_links_active_bg_color":"","osh_menu_social_links_color":"","osh_menu_social_hover_links_color":""},"product_brand":[1034],"product_cat":[44,58,461,15],"product_tag":[127,508,72,78,729],"class_list":{"0":"post-4264","1":"product","2":"type-product","3":"status-publish","4":"has-post-thumbnail","6":"product_brand-jucad","7":"product_cat-golftrolleys","8":"product_cat-jucad","9":"product_cat-jucad-service","10":"product_cat-zubehoer","11":"product_tag-fernbedienung","12":"product_tag-fernsteuerung","13":"product_tag-golftrolley","14":"product_tag-jucad","15":"product_tag-jucad-fernsteuerung","16":"tm-no-options","18":"entry","19":"has-media","21":"first","22":"instock","23":"sale","24":"taxable","25":"shipping-taxable","26":"purchasable","27":"product-type-simple","28":"col","29":"span_1_of_3","30":"owp-content-center","31":"owp-thumbs-layout-horizontal","32":"owp-btn-normal","33":"owp-tabs-layout-horizontal","34":"has-no-thumbnails","35":"circle-sale"},"_links":{"self":[{"href":"https:\/\/www.exclusive-golf-trolleys.de\/shop\/wp-json\/wp\/v2\/product\/4264","targetHints":{"allow":["GET"]}}],"collection":[{"href":"https:\/\/www.exclusive-golf-trolleys.de\/shop\/wp-json\/wp\/v2\/product"}],"about":[{"href":"https:\/\/www.exclusive-golf-trolleys.de\/shop\/wp-json\/wp\/v2\/types\/product"}],"replies":[{"embeddable":true,"href":"https:\/\/www.exclusive-golf-trolleys.de\/shop\/wp-json\/wp\/v2\/comments?post=4264"}],"wp:featuredmedia":[{"embeddable":true,"href":"https:\/\/www.exclusive-golf-trolleys.de\/shop\/wp-json\/wp\/v2\/media\/4265"}],"wp:attachment":[{"href":"https:\/\/www.exclusive-golf-trolleys.de\/shop\/wp-json\/wp\/v2\/media?parent=4264"}],"wp:term":[{"taxonomy":"product_brand","embeddable":true,"href":"https:\/\/www.exclusive-golf-trolleys.de\/shop\/wp-json\/wp\/v2\/product_brand?post=4264"},{"taxonomy":"product_cat","embeddable":true,"href":"https:\/\/www.exclusive-golf-trolleys.de\/shop\/wp-json\/wp\/v2\/product_cat?post=4264"},{"taxonomy":"product_tag","embeddable":true,"href":"https:\/\/www.exclusive-golf-trolleys.de\/shop\/wp-json\/wp\/v2\/product_tag?post=4264"}],"curies":[{"name":"wp","href":"https:\/\/api.w.org\/{rel}","templated":true}]}}