{"id":4227,"date":"2023-08-29T18:15:02","date_gmt":"2023-08-29T16:15:02","guid":{"rendered":"https:\/\/www.exclusive-golf-trolleys.de\/shop\/?post_type=product&#038;p=4227"},"modified":"2026-04-24T17:35:27","modified_gmt":"2026-04-24T15:35:27","slug":"justar-ladegeraet-fuer-justar-powerpack","status":"publish","type":"product","link":"https:\/\/www.exclusive-golf-trolleys.de\/shop\/produkt\/justar-ladegeraet-fuer-justar-powerpack\/","title":{"rendered":"JuStar Ladeger\u00e4t f\u00fcr JuStar Powerpack"},"content":{"rendered":"<p><strong>JuStar Ladeger\u00e4t f\u00fcr JuStar Powerpack<br \/>\n<\/strong>Original JuStar Ersatzteil mit Herstellergarantie<strong><br \/>\n<\/strong><\/p>\n<p>Hinweis zum Ladevorgang:<br \/>\n1.) Der Stecker vom Ladeger\u00e4t wird mit der Buchse am JuStar Powerpack 1.0 verbunden<br \/>\n2.) Der Netzstecker des Ladeger\u00e4tes wird in die Steckdose (100-240 V) gesteckt<br \/>\nDer Ladevorgang beginnt<br \/>\nLED Leuchtfeld leuchtet rot: Akku wird geladen<br \/>\nLED Leuchtfeld leuchtet gr\u00fcn: Powerpack ist voll geladen (Ladeger\u00e4t geht in den Standby-Modus)<\/p>\n<p><strong>Hinweis:<\/strong><br \/>\nDa die Steuerungselektronik aller JuStar Golftrolleys sowie die JuStar Ladeger\u00e4te ausschlie\u00dflich auf die Original JuStar Akkuzellen<br \/>\nausgelegt und technisch aufeinander abgestimmt sind, sollte kein Austausch mit Produkten von Fremdanbietern vorgenommen werden,<br \/>\nandernfalls erlischt die Garantie.<\/p>\n<p>In Sommermonaten sollte das JuStar Powerpack nicht f\u00fcr l\u00e4ngere Zeit im hei\u00dfen Auto liegen, da es sonst \u00fcberhitzt.<br \/>\nBitte nicht in der prallen Sonne lagern.<br \/>\nIn der Winterpause oder bei l\u00e4ngeren Spielpausen \u00fcber mehrere Monate sollte das JuStar Powerpack an einem trockenen und k\u00fchlen Ort<br \/>\n(z.B. im Keller) gelagert werden.<br \/>\nBitte erst vor der ersten geplanten Benutzung wieder komplett aufladen.<\/p>\n","protected":false},"excerpt":{"rendered":"<p>original JuStar Ladeger\u00e4t mit 3-poligem Stecker<br \/>\npasst auch auf JuCad Powerpacks 1.0<\/p>\n","protected":false},"featured_media":3719,"comment_status":"open","ping_status":"closed","template":"","meta":{"ocean_post_layout":"","ocean_both_sidebars_style":"","ocean_both_sidebars_content_width":0,"ocean_both_sidebars_sidebars_width":0,"ocean_sidebar":"0","ocean_second_sidebar":"0","ocean_disable_margins":"enable","ocean_add_body_class":"","ocean_shortcode_before_top_bar":"","ocean_shortcode_after_top_bar":"","ocean_shortcode_before_header":"","ocean_shortcode_after_header":"","ocean_has_shortcode":"","ocean_shortcode_after_title":"","ocean_shortcode_before_footer_widgets":"","ocean_shortcode_after_footer_widgets":"","ocean_shortcode_before_footer_bottom":"","ocean_shortcode_after_footer_bottom":"","ocean_display_top_bar":"default","ocean_display_header":"default","ocean_header_style":"","ocean_center_header_left_menu":"0","ocean_custom_header_template":"0","ocean_custom_logo":0,"ocean_custom_retina_logo":0,"ocean_custom_logo_max_width":0,"ocean_custom_logo_tablet_max_width":0,"ocean_custom_logo_mobile_max_width":0,"ocean_custom_logo_max_height":0,"ocean_custom_logo_tablet_max_height":0,"ocean_custom_logo_mobile_max_height":0,"ocean_header_custom_menu":"0","ocean_menu_typo_font_family":"0","ocean_menu_typo_font_subset":"","ocean_menu_typo_font_size":0,"ocean_menu_typo_font_size_tablet":0,"ocean_menu_typo_font_size_mobile":0,"ocean_menu_typo_font_size_unit":"px","ocean_menu_typo_font_weight":"","ocean_menu_typo_font_weight_tablet":"","ocean_menu_typo_font_weight_mobile":"","ocean_menu_typo_transform":"","ocean_menu_typo_transform_tablet":"","ocean_menu_typo_transform_mobile":"","ocean_menu_typo_line_height":0,"ocean_menu_typo_line_height_tablet":0,"ocean_menu_typo_line_height_mobile":0,"ocean_menu_typo_line_height_unit":"","ocean_menu_typo_spacing":0,"ocean_menu_typo_spacing_tablet":0,"ocean_menu_typo_spacing_mobile":0,"ocean_menu_typo_spacing_unit":"","ocean_menu_link_color":"","ocean_menu_link_color_hover":"","ocean_menu_link_color_active":"","ocean_menu_link_background":"","ocean_menu_link_hover_background":"","ocean_menu_link_active_background":"","ocean_menu_social_links_bg":"","ocean_menu_social_hover_links_bg":"","ocean_menu_social_links_color":"","ocean_menu_social_hover_links_color":"","ocean_disable_title":"default","ocean_disable_heading":"default","ocean_post_title":"","ocean_post_subheading":"","ocean_post_title_style":"","ocean_post_title_background_color":"","ocean_post_title_background":0,"ocean_post_title_bg_image_position":"","ocean_post_title_bg_image_attachment":"","ocean_post_title_bg_image_repeat":"","ocean_post_title_bg_image_size":"","ocean_post_title_height":0,"ocean_post_title_bg_overlay":0.5,"ocean_post_title_bg_overlay_color":"","ocean_disable_breadcrumbs":"default","ocean_breadcrumbs_color":"","ocean_breadcrumbs_separator_color":"","ocean_breadcrumbs_links_color":"","ocean_breadcrumbs_links_hover_color":"","ocean_display_footer_widgets":"default","ocean_display_footer_bottom":"default","ocean_custom_footer_template":"0","omw_enable_modal_window":"enable","osh_disable_topbar_sticky":"default","osh_disable_header_sticky":"default","osh_sticky_header_style":"default","osh_sticky_header_effect":"","osh_custom_sticky_logo":0,"osh_custom_retina_sticky_logo":0,"osh_custom_sticky_logo_height":0,"osh_background_color":"","osh_links_color":"","osh_links_hover_color":"","osh_links_active_color":"","osh_links_bg_color":"","osh_links_hover_bg_color":"","osh_links_active_bg_color":"","osh_menu_social_links_color":"","osh_menu_social_hover_links_color":""},"product_brand":[1007],"product_cat":[15,44,63,468],"product_tag":[73,784,726,297,785,658],"class_list":{"0":"post-4227","1":"product","2":"type-product","3":"status-publish","4":"has-post-thumbnail","6":"product_brand-justar","7":"product_cat-zubehoer","8":"product_cat-golftrolleys","9":"product_cat-justar","10":"product_cat-justar-service","11":"product_tag-justar","12":"product_tag-justar-ladegeraet","13":"product_tag-justar-powerpack","14":"product_tag-ladegeraet","15":"product_tag-ladestecker-3-polig","16":"product_tag-mit-steckverbindung","17":"tm-no-options","19":"entry","20":"has-media","22":"first","23":"instock","24":"sale","25":"taxable","26":"shipping-taxable","27":"purchasable","28":"product-type-simple","29":"col","30":"span_1_of_3","31":"owp-content-center","32":"owp-thumbs-layout-horizontal","33":"owp-btn-normal","34":"owp-tabs-layout-horizontal","35":"circle-sale"},"_links":{"self":[{"href":"https:\/\/www.exclusive-golf-trolleys.de\/shop\/wp-json\/wp\/v2\/product\/4227","targetHints":{"allow":["GET"]}}],"collection":[{"href":"https:\/\/www.exclusive-golf-trolleys.de\/shop\/wp-json\/wp\/v2\/product"}],"about":[{"href":"https:\/\/www.exclusive-golf-trolleys.de\/shop\/wp-json\/wp\/v2\/types\/product"}],"replies":[{"embeddable":true,"href":"https:\/\/www.exclusive-golf-trolleys.de\/shop\/wp-json\/wp\/v2\/comments?post=4227"}],"wp:featuredmedia":[{"embeddable":true,"href":"https:\/\/www.exclusive-golf-trolleys.de\/shop\/wp-json\/wp\/v2\/media\/3719"}],"wp:attachment":[{"href":"https:\/\/www.exclusive-golf-trolleys.de\/shop\/wp-json\/wp\/v2\/media?parent=4227"}],"wp:term":[{"taxonomy":"product_brand","embeddable":true,"href":"https:\/\/www.exclusive-golf-trolleys.de\/shop\/wp-json\/wp\/v2\/product_brand?post=4227"},{"taxonomy":"product_cat","embeddable":true,"href":"https:\/\/www.exclusive-golf-trolleys.de\/shop\/wp-json\/wp\/v2\/product_cat?post=4227"},{"taxonomy":"product_tag","embeddable":true,"href":"https:\/\/www.exclusive-golf-trolleys.de\/shop\/wp-json\/wp\/v2\/product_tag?post=4227"}],"curies":[{"name":"wp","href":"https:\/\/api.w.org\/{rel}","templated":true}]}}