{"id":3960,"date":"2023-04-12T17:02:39","date_gmt":"2023-04-12T15:02:39","guid":{"rendered":"https:\/\/www.exclusive-golf-trolleys.de\/shop\/?post_type=product&#038;p=3960"},"modified":"2025-08-22T15:39:23","modified_gmt":"2025-08-22T13:39:23","slug":"scorekartenmappe-personalisiert-leder","status":"publish","type":"product","link":"https:\/\/www.exclusive-golf-trolleys.de\/shop\/produkt\/scorekartenmappe-personalisiert-leder\/","title":{"rendered":"Scorekartenmappe personalisiert Leder"},"content":{"rendered":"<p><strong>Scorekartenmappe personalisiert aus Leder<\/strong><br \/>\nBietet ausreichend Platz f\u00fcr Scorekarte, Birdie-Book (Yardage Book) Fahnenplan etc.<br \/>\n&#8211; mit Ihrem Logo, Wunschtext und\/oder mit Ihrem Namen<br \/>\n&#8211; und\/oder mit personalisiertem Text Vorder- oder\/ und R\u00fcckseite<br \/>\n&#8211; Stifthalterung aus Leder, genietet + 2 Gummib\u00e4nder zur Sicherung Ihrer Scorekarte<br \/>\n&#8211; Lieferung ist bereits ab 1 St\u00fcck ohne Aufpreis m\u00f6glich<br \/>\n&#8211; keine Einrichtungskosten, alles inklusive<br \/>\n&#8211; Versand erfolgt per DHL im Geschenkkarton<\/p>\n<p>Einfach ein &#8222;must have&#8220; f\u00fcr jeden Golfer, ein sehr exklusives, pers\u00f6nliches Geschenk f\u00fcr Golfer die schon &#8222;alles haben&#8220;.<br \/>\nF\u00fcr Ihre Mannschaft, f\u00fcr Ihren Club oder einfach nur ganz individuell f\u00fcr Sie selbst.<\/p>\n<p>Gestalten Sie einfach ihre eigene exklusive Scorekartenmappe aus bestem Leder, die in vielen Farben verf\u00fcgbar ist.<br \/>\nz. B. Hellbraun, Mittelbraun, Rotbraun, Braun, Dunkelblau, Schwarz, Rot, Orange (siehe Fotos)<br \/>\nJede Scorekartenmappe ist ein handgefertigtes Unikat, produziert in Deutschland.<br \/>\nLieferung ist bereits ab 1 St\u00fcck m\u00f6glich.<br \/>\nVersand erfolgt per DHL im Geschenkkarton.<\/p>\n<p><strong>Material:<\/strong><br \/>\nHochwertiges Vollleder, das mit pflanzlichen Gerbstoffen schadstofffrei und umweltschonend gegerbt wurde.<br \/>\nDie ungef\u00e4rbten Ledermappen haben ihre hellbraune Farbe daher, das keinerlei F\u00e4rbemittel verwendet wurden.<br \/>\nH\u00e4lt sicher ein ganzes Golferleben lang.<\/p>\n<p>Hinweis: Mit der Zeit kann sich durch Licht, Sonne und t\u00e4gl. Gebrauch die Farbe minimal ver\u00e4ndern bzw. Patina erhalten.<\/p>\n<p><strong>Ma\u00dfe:<\/strong> L\u00e4nge ca. 17,5 cm \/ Breite ca. 11,5 cm \/ die Lederdicke ca. 3,5 mm<br \/>\nInnenma\u00df: (Platz f\u00fcr die Scorekarte) 10,70 cm vom Bandanfang bis Bandende (siehe Foto)<br \/>\n<strong>Zubeh\u00f6r:<\/strong> Stifthalterung aus Leder, genietet + 2 Gummib\u00e4nder zur Sicherung Ihrer Scorekarte.<br \/>\n<strong>Lieferzeit:<\/strong> in der Regel innerhalb von 10 Werktagen nach Logo- Textfreigabe.<\/p>\n<p>Text- Logovorlagen: Bitte als PDF<\/p>\n","protected":false},"excerpt":{"rendered":"<p>Scorekartenmappe aus Vollleder, mit Stifthalter und Haltegummis<br \/>\nJedes Logo- und\/oder Text m\u00f6glich, wird gelasert, nicht gedruckt<br \/>\nIhre Wunschgrafik \/-Text auf Vorder- u. R\u00fcckseite m\u00f6glich<\/p>\n","protected":false},"featured_media":3962,"comment_status":"open","ping_status":"closed","template":"","meta":{"ocean_post_layout":"","ocean_both_sidebars_style":"","ocean_both_sidebars_content_width":0,"ocean_both_sidebars_sidebars_width":0,"ocean_sidebar":"0","ocean_second_sidebar":"0","ocean_disable_margins":"enable","ocean_add_body_class":"","ocean_shortcode_before_top_bar":"","ocean_shortcode_after_top_bar":"","ocean_shortcode_before_header":"","ocean_shortcode_after_header":"","ocean_has_shortcode":"","ocean_shortcode_after_title":"","ocean_shortcode_before_footer_widgets":"","ocean_shortcode_after_footer_widgets":"","ocean_shortcode_before_footer_bottom":"","ocean_shortcode_after_footer_bottom":"","ocean_display_top_bar":"default","ocean_display_header":"default","ocean_header_style":"","ocean_center_header_left_menu":"0","ocean_custom_header_template":"0","ocean_custom_logo":0,"ocean_custom_retina_logo":0,"ocean_custom_logo_max_width":0,"ocean_custom_logo_tablet_max_width":0,"ocean_custom_logo_mobile_max_width":0,"ocean_custom_logo_max_height":0,"ocean_custom_logo_tablet_max_height":0,"ocean_custom_logo_mobile_max_height":0,"ocean_header_custom_menu":"0","ocean_menu_typo_font_family":"0","ocean_menu_typo_font_subset":"","ocean_menu_typo_font_size":0,"ocean_menu_typo_font_size_tablet":0,"ocean_menu_typo_font_size_mobile":0,"ocean_menu_typo_font_size_unit":"px","ocean_menu_typo_font_weight":"","ocean_menu_typo_font_weight_tablet":"","ocean_menu_typo_font_weight_mobile":"","ocean_menu_typo_transform":"","ocean_menu_typo_transform_tablet":"","ocean_menu_typo_transform_mobile":"","ocean_menu_typo_line_height":0,"ocean_menu_typo_line_height_tablet":0,"ocean_menu_typo_line_height_mobile":0,"ocean_menu_typo_line_height_unit":"","ocean_menu_typo_spacing":0,"ocean_menu_typo_spacing_tablet":0,"ocean_menu_typo_spacing_mobile":0,"ocean_menu_typo_spacing_unit":"","ocean_menu_link_color":"","ocean_menu_link_color_hover":"","ocean_menu_link_color_active":"","ocean_menu_link_background":"","ocean_menu_link_hover_background":"","ocean_menu_link_active_background":"","ocean_menu_social_links_bg":"","ocean_menu_social_hover_links_bg":"","ocean_menu_social_links_color":"","ocean_menu_social_hover_links_color":"","ocean_disable_title":"default","ocean_disable_heading":"default","ocean_post_title":"","ocean_post_subheading":"","ocean_post_title_style":"","ocean_post_title_background_color":"","ocean_post_title_background":0,"ocean_post_title_bg_image_position":"","ocean_post_title_bg_image_attachment":"","ocean_post_title_bg_image_repeat":"","ocean_post_title_bg_image_size":"","ocean_post_title_height":0,"ocean_post_title_bg_overlay":0.5,"ocean_post_title_bg_overlay_color":"","ocean_disable_breadcrumbs":"default","ocean_breadcrumbs_color":"","ocean_breadcrumbs_separator_color":"","ocean_breadcrumbs_links_color":"","ocean_breadcrumbs_links_hover_color":"","ocean_display_footer_widgets":"default","ocean_display_footer_bottom":"default","ocean_custom_footer_template":"0","omw_enable_modal_window":"enable","osh_disable_topbar_sticky":"default","osh_disable_header_sticky":"default","osh_sticky_header_style":"default","osh_sticky_header_effect":"","osh_custom_sticky_logo":0,"osh_custom_retina_sticky_logo":0,"osh_custom_sticky_logo_height":0,"osh_background_color":"","osh_links_color":"","osh_links_hover_color":"","osh_links_active_color":"","osh_links_bg_color":"","osh_links_hover_bg_color":"","osh_links_active_bg_color":"","osh_menu_social_links_color":"","osh_menu_social_hover_links_color":""},"product_brand":[],"product_cat":[15,70,698,436],"product_tag":[707,699,702,705,701,355,706,703,700,708],"class_list":{"0":"post-3960","1":"product","2":"type-product","3":"status-publish","4":"has-post-thumbnail","6":"product_cat-zubehoer","7":"product_cat-golfartikel-golfprodukte","8":"product_cat-scorekartenmappe","9":"product_cat-zubehoer-fremdhersteller","10":"product_tag-birdie-book","11":"product_tag-leder","12":"product_tag-logo","13":"product_tag-personalisiert","14":"product_tag-scorekartenetui","15":"product_tag-scorekartenmappe","16":"product_tag-scorekartenmappe-personalisiert-leder","17":"product_tag-text-und-logo","18":"product_tag-vollleder","19":"product_tag-yardage-book","20":"tm-has-options","22":"entry","23":"has-media","25":"first","26":"instock","27":"taxable","28":"shipping-taxable","29":"purchasable","30":"product-type-simple","31":"col","32":"span_1_of_3","33":"owp-content-center","34":"owp-thumbs-layout-horizontal","35":"owp-btn-normal","36":"owp-tabs-layout-horizontal","37":"circle-sale"},"_links":{"self":[{"href":"https:\/\/www.exclusive-golf-trolleys.de\/shop\/wp-json\/wp\/v2\/product\/3960","targetHints":{"allow":["GET"]}}],"collection":[{"href":"https:\/\/www.exclusive-golf-trolleys.de\/shop\/wp-json\/wp\/v2\/product"}],"about":[{"href":"https:\/\/www.exclusive-golf-trolleys.de\/shop\/wp-json\/wp\/v2\/types\/product"}],"replies":[{"embeddable":true,"href":"https:\/\/www.exclusive-golf-trolleys.de\/shop\/wp-json\/wp\/v2\/comments?post=3960"}],"wp:featuredmedia":[{"embeddable":true,"href":"https:\/\/www.exclusive-golf-trolleys.de\/shop\/wp-json\/wp\/v2\/media\/3962"}],"wp:attachment":[{"href":"https:\/\/www.exclusive-golf-trolleys.de\/shop\/wp-json\/wp\/v2\/media?parent=3960"}],"wp:term":[{"taxonomy":"product_brand","embeddable":true,"href":"https:\/\/www.exclusive-golf-trolleys.de\/shop\/wp-json\/wp\/v2\/product_brand?post=3960"},{"taxonomy":"product_cat","embeddable":true,"href":"https:\/\/www.exclusive-golf-trolleys.de\/shop\/wp-json\/wp\/v2\/product_cat?post=3960"},{"taxonomy":"product_tag","embeddable":true,"href":"https:\/\/www.exclusive-golf-trolleys.de\/shop\/wp-json\/wp\/v2\/product_tag?post=3960"}],"curies":[{"name":"wp","href":"https:\/\/api.w.org\/{rel}","templated":true}]}}