{"id":3733,"date":"2023-01-28T14:11:57","date_gmt":"2023-01-28T13:11:57","guid":{"rendered":"https:\/\/www.exclusive-golf-trolleys.de\/shop\/?post_type=product&#038;p=3733"},"modified":"2025-07-11T18:52:00","modified_gmt":"2025-07-11T16:52:00","slug":"jucad-schnellladegeraet-in-1-std-fuer-18-loch","status":"publish","type":"product","link":"https:\/\/www.exclusive-golf-trolleys.de\/shop\/produkt\/jucad-schnellladegeraet-in-1-std-fuer-18-loch\/","title":{"rendered":"JuCad Schnellladeger\u00e4t, in 1h f\u00fcr 18 Loch"},"content":{"rendered":"<p><strong>JuCad Schnellladeger\u00e4t, in 1h f\u00fcr 18 Loch<\/strong><br \/>\nl\u00e4dt ihr JuCad \/ JuStar Powerpack innerhalb nur 1 Stunde f\u00fcr weitere 18 L\u00f6cher auf,<br \/>\npraktisch f\u00fcr Viel- und Marathonspieler z. B. Clubmeisterschaften etc.<br \/>\nJuCad Sonderanfertigung<\/p>\n<p>F\u00fcr Situationen, in denen die Akku-Ladekapazit\u00e4t des Elektrotrolleys auf der Runde droht, gegen Null zu gehen,<br \/>\nist dieses leistungsstarke JuCad Schnellladeger\u00e4t geradezu perfekt geeignet.<\/p>\n<p>Das leistungsstarke Schnellladeger\u00e4t von JuCad wird an die Ladebuchse des Powerpacks 1.0 angeschlossen und l\u00e4dt ihn<br \/>\ninnerhalb von einer Stunde auf, sodass er wieder eine Reichweite von 18 Loch hat. <\/p>\n<p>Schnellladeger\u00e4t f\u00fcr alle JuCad \/ JuStar Powerpacks Version 1.0\u2028\u2028<br \/>\nLadezeit f\u00fcr eine weitere Kapazit\u00e4t von min. 18 Loch: gerade mal nur 1 Stunde\u2028\u2028<\/p>\n<p>Hinweis:<br \/>\nDa die Steuerungselektronik aller JuCad Golftrolleys sowie die JuCad Ladeger\u00e4te ausschlie\u00dflich auf die Original JuCad Akkuzellen<br \/>\nausgelegt und technisch aufeinander abgestimmt sind, sollte kein Austausch mit Produkten von Fremdanbietern vorgenommen werden,<br \/>\nandernfalls erlischt die Garantie.<\/p>\n<p>In Sommermonaten sollte das Powerpack nicht f\u00fcr l\u00e4ngere Zeit im hei\u00dfen Auto liegen, da es sonst \u00fcberhitzten k\u00f6nnte.<br \/>\nBitte nicht in der prallen Sonne lagern.<br \/>\nIn der Winterpause oder bei l\u00e4ngeren Spielpausen \u00fcber mehrere Monate sollte das Powerpack an einem trockenen und k\u00fchlen Ort<br \/>\n(z.B. im Keller) gelagert werden.<br \/>\nBitte erst vor der ersten geplanten Benutzung nach l\u00e4ngerer Spielpause mit dem JuCad Standard Ladeger\u00e4t komplett aufladen.<\/p>\n","protected":false},"excerpt":{"rendered":"<p><strong>JuCad Schnellladeger\u00e4t f\u00fcr Powerpack<\/strong><br \/>\nVersion 1.0 mit Metallstecker, 3-Polige Buchse<br \/>\nJuCad Sonderanfertigung<\/p>\n","protected":false},"featured_media":3736,"comment_status":"open","ping_status":"closed","template":"","meta":{"ocean_post_layout":"","ocean_both_sidebars_style":"","ocean_both_sidebars_content_width":0,"ocean_both_sidebars_sidebars_width":0,"ocean_sidebar":"0","ocean_second_sidebar":"0","ocean_disable_margins":"enable","ocean_add_body_class":"","ocean_shortcode_before_top_bar":"","ocean_shortcode_after_top_bar":"","ocean_shortcode_before_header":"","ocean_shortcode_after_header":"","ocean_has_shortcode":"","ocean_shortcode_after_title":"","ocean_shortcode_before_footer_widgets":"","ocean_shortcode_after_footer_widgets":"","ocean_shortcode_before_footer_bottom":"","ocean_shortcode_after_footer_bottom":"","ocean_display_top_bar":"default","ocean_display_header":"default","ocean_header_style":"","ocean_center_header_left_menu":"0","ocean_custom_header_template":"0","ocean_custom_logo":0,"ocean_custom_retina_logo":0,"ocean_custom_logo_max_width":0,"ocean_custom_logo_tablet_max_width":0,"ocean_custom_logo_mobile_max_width":0,"ocean_custom_logo_max_height":0,"ocean_custom_logo_tablet_max_height":0,"ocean_custom_logo_mobile_max_height":0,"ocean_header_custom_menu":"0","ocean_menu_typo_font_family":"0","ocean_menu_typo_font_subset":"","ocean_menu_typo_font_size":0,"ocean_menu_typo_font_size_tablet":0,"ocean_menu_typo_font_size_mobile":0,"ocean_menu_typo_font_size_unit":"px","ocean_menu_typo_font_weight":"","ocean_menu_typo_font_weight_tablet":"","ocean_menu_typo_font_weight_mobile":"","ocean_menu_typo_transform":"","ocean_menu_typo_transform_tablet":"","ocean_menu_typo_transform_mobile":"","ocean_menu_typo_line_height":0,"ocean_menu_typo_line_height_tablet":0,"ocean_menu_typo_line_height_mobile":0,"ocean_menu_typo_line_height_unit":"","ocean_menu_typo_spacing":0,"ocean_menu_typo_spacing_tablet":0,"ocean_menu_typo_spacing_mobile":0,"ocean_menu_typo_spacing_unit":"","ocean_menu_link_color":"","ocean_menu_link_color_hover":"","ocean_menu_link_color_active":"","ocean_menu_link_background":"","ocean_menu_link_hover_background":"","ocean_menu_link_active_background":"","ocean_menu_social_links_bg":"","ocean_menu_social_hover_links_bg":"","ocean_menu_social_links_color":"","ocean_menu_social_hover_links_color":"","ocean_disable_title":"default","ocean_disable_heading":"default","ocean_post_title":"","ocean_post_subheading":"","ocean_post_title_style":"","ocean_post_title_background_color":"","ocean_post_title_background":0,"ocean_post_title_bg_image_position":"","ocean_post_title_bg_image_attachment":"","ocean_post_title_bg_image_repeat":"","ocean_post_title_bg_image_size":"","ocean_post_title_height":0,"ocean_post_title_bg_overlay":0.5,"ocean_post_title_bg_overlay_color":"","ocean_disable_breadcrumbs":"default","ocean_breadcrumbs_color":"","ocean_breadcrumbs_separator_color":"","ocean_breadcrumbs_links_color":"","ocean_breadcrumbs_links_hover_color":"","ocean_display_footer_widgets":"default","ocean_display_footer_bottom":"default","ocean_custom_footer_template":"0","omw_enable_modal_window":"enable","osh_disable_topbar_sticky":"default","osh_disable_header_sticky":"default","osh_sticky_header_style":"default","osh_sticky_header_effect":"","osh_custom_sticky_logo":0,"osh_custom_retina_sticky_logo":0,"osh_custom_sticky_logo_height":0,"osh_background_color":"","osh_links_color":"","osh_links_hover_color":"","osh_links_active_color":"","osh_links_bg_color":"","osh_links_hover_bg_color":"","osh_links_active_bg_color":"","osh_menu_social_links_color":"","osh_menu_social_hover_links_color":""},"product_brand":[1034],"product_cat":[15,58,461,63],"product_tag":[665,78,73,297,664],"class_list":{"0":"post-3733","1":"product","2":"type-product","3":"status-publish","4":"has-post-thumbnail","6":"product_brand-jucad","7":"product_cat-zubehoer","8":"product_cat-jucad","9":"product_cat-jucad-service","10":"product_cat-justar","11":"product_tag-1h-18-loecher","12":"product_tag-jucad","13":"product_tag-justar","14":"product_tag-ladegeraet","15":"product_tag-schnellladegeraet","16":"tm-no-options","18":"entry","19":"has-media","21":"first","22":"instock","23":"sale","24":"taxable","25":"shipping-taxable","26":"purchasable","27":"product-type-simple","28":"col","29":"span_1_of_3","30":"owp-content-center","31":"owp-thumbs-layout-horizontal","32":"owp-btn-normal","33":"owp-tabs-layout-horizontal","34":"circle-sale"},"_links":{"self":[{"href":"https:\/\/www.exclusive-golf-trolleys.de\/shop\/wp-json\/wp\/v2\/product\/3733","targetHints":{"allow":["GET"]}}],"collection":[{"href":"https:\/\/www.exclusive-golf-trolleys.de\/shop\/wp-json\/wp\/v2\/product"}],"about":[{"href":"https:\/\/www.exclusive-golf-trolleys.de\/shop\/wp-json\/wp\/v2\/types\/product"}],"replies":[{"embeddable":true,"href":"https:\/\/www.exclusive-golf-trolleys.de\/shop\/wp-json\/wp\/v2\/comments?post=3733"}],"wp:featuredmedia":[{"embeddable":true,"href":"https:\/\/www.exclusive-golf-trolleys.de\/shop\/wp-json\/wp\/v2\/media\/3736"}],"wp:attachment":[{"href":"https:\/\/www.exclusive-golf-trolleys.de\/shop\/wp-json\/wp\/v2\/media?parent=3733"}],"wp:term":[{"taxonomy":"product_brand","embeddable":true,"href":"https:\/\/www.exclusive-golf-trolleys.de\/shop\/wp-json\/wp\/v2\/product_brand?post=3733"},{"taxonomy":"product_cat","embeddable":true,"href":"https:\/\/www.exclusive-golf-trolleys.de\/shop\/wp-json\/wp\/v2\/product_cat?post=3733"},{"taxonomy":"product_tag","embeddable":true,"href":"https:\/\/www.exclusive-golf-trolleys.de\/shop\/wp-json\/wp\/v2\/product_tag?post=3733"}],"curies":[{"name":"wp","href":"https:\/\/api.w.org\/{rel}","templated":true}]}}