{"id":3631,"date":"2023-01-21T12:18:07","date_gmt":"2023-01-21T11:18:07","guid":{"rendered":"https:\/\/www.exclusive-golf-trolleys.de\/shop\/?post_type=product&#038;p=3631"},"modified":"2025-12-03T12:55:06","modified_gmt":"2025-12-03T11:55:06","slug":"jucad-junior-2-rad-golftrolley-edelstahl","status":"publish","type":"product","link":"https:\/\/www.exclusive-golf-trolleys.de\/shop\/produkt\/jucad-junior-2-rad-golftrolley-edelstahl\/","title":{"rendered":"JuCad Junior 2-Rad Golftrolley Edelstahl"},"content":{"rendered":"<p><strong>JuCad Junior 2-Rad Golftrolley Edelstahl<\/strong><\/p>\n<p>Der leicht fahrbare JuCad Junior 2-Rad Edelstahl Golftrolley mit dem kleinen Packma\u00df ist der ideale Partner f\u00fcr alle Golfrunden unserer Kinder\/Jugend.<br \/>\nDie technischen Eigenschaften dieses Sondermodells f\u00fcr Kinder entsprechen denen seines \u201egro\u00dfen Bruders\u201c JuCad Edition aus Edelstahl.<br \/>\nDie stufenlos h\u00f6henverstellbare Griffstange des Golftrolleys passt sich den Bed\u00fcrfnissen und der Gr\u00f6\u00dfe Ihres Kindes an und erm\u00f6glicht ein r\u00fcckenschonendes<br \/>\nZiehen oder Schieben des Golftrolleys mit dem Golfbag.<br \/>\nMit dem JuCad Junior 2-Rad Edelstahl wird das Golfen f\u00fcr Ihre Kleinen zum kinderleichten Vergn\u00fcgen.<\/p>\n<p><strong>F\u00fcr alle Nachwuchsgolfer mit einer Gr\u00f6\u00dfe bis zu 1,50 Meter.<\/strong><\/p>\n<p>Die Felgen- und Reifenfarbe kann nach Wunsch frei ausgew\u00e4hlt werden, ohne Mehrkosten.<\/p>\n<p><strong>Eine Investition garantiert ohne Wertverlust!<\/strong><br \/>\nDie Modelle JuCad Junior und JuCad Junior Drive werden beim Kauf eines Nachfolgemodells zum vollen Kaufpreis wieder in Zahlung genommen.<\/p>\n<p><strong>Technische Details:<\/strong><\/p>\n<ul>\n<li style=\"list-style-type: none;\">\n<ul>Stufenlos h\u00f6henverstellbare Griffstange<\/ul>\n<\/li>\n<li style=\"list-style-type: none;\">\n<ul>Klapp- und drehbare Bagauflagen oben und unten<\/ul>\n<\/li>\n<li style=\"list-style-type: none;\">\n<ul>Edelstahl-Rahmen mit 6 Jahren Garantie<\/ul>\n<\/li>\n<li style=\"list-style-type: none;\">\n<ul>Extrem stabile Leichtlaufr\u00e4der<\/ul>\n<\/li>\n<li style=\"list-style-type: none;\">\n<ul>Reifen mit Luftpolsterfederung, Reifenbelag wechselbar<\/ul>\n<\/li>\n<li style=\"list-style-type: none;\">\n<ul>Leicht und flach zusammenlegbares Packma\u00df: 55x46x10 cm<\/ul>\n<ul>Verschiedene Felgen- und Reifenfarben ohne Aufpreis<\/ul>\n<\/li>\n<li style=\"list-style-type: none;\"><\/li>\n<li style=\"list-style-type: none;\">\u00a0\u00a0\u00a0\u00a0\u00a0\u00a0\u00a0\u00a0\u00a0 Gewicht Rahmen und R\u00e4der &lt;4 kg\n<ul>Schirmhalterung f\u00fcr JuCad Schirm Junior<\/ul>\n<\/li>\n<li style=\"list-style-type: none;\">\u00a0\u00a0\u00a0\u00a0\u00a0\u00a0\u00a0\u00a0\u00a0 Handgefertigter Griff in edler Lederoptik\n<ul>Optional: Praktische, passende JuCad Trolley Tragetasche 99,00 Euro<\/ul>\n<\/li>\n<\/ul>\n<p>Der JuCad Junior Edelstahl 2-Rad Golftrolley ist ein super Begleiter ihrer Kinder auf allen Terrains.<\/p>\n","protected":false},"excerpt":{"rendered":"<p style=\"text-align: left;\">purer Fahrspa\u00df f\u00fcr unsere aufstrebende Golfjugend<br \/>\nw\u00e4hlen sie unter Optionen gleich das passende Zubeh\u00f6r aus<\/p>\n","protected":false},"featured_media":3507,"comment_status":"open","ping_status":"closed","template":"","meta":{"ocean_post_layout":"","ocean_both_sidebars_style":"","ocean_both_sidebars_content_width":0,"ocean_both_sidebars_sidebars_width":0,"ocean_sidebar":"0","ocean_second_sidebar":"0","ocean_disable_margins":"enable","ocean_add_body_class":"","ocean_shortcode_before_top_bar":"","ocean_shortcode_after_top_bar":"","ocean_shortcode_before_header":"","ocean_shortcode_after_header":"","ocean_has_shortcode":"","ocean_shortcode_after_title":"","ocean_shortcode_before_footer_widgets":"","ocean_shortcode_after_footer_widgets":"","ocean_shortcode_before_footer_bottom":"","ocean_shortcode_after_footer_bottom":"","ocean_display_top_bar":"default","ocean_display_header":"default","ocean_header_style":"","ocean_center_header_left_menu":"0","ocean_custom_header_template":"0","ocean_custom_logo":0,"ocean_custom_retina_logo":0,"ocean_custom_logo_max_width":0,"ocean_custom_logo_tablet_max_width":0,"ocean_custom_logo_mobile_max_width":0,"ocean_custom_logo_max_height":0,"ocean_custom_logo_tablet_max_height":0,"ocean_custom_logo_mobile_max_height":0,"ocean_header_custom_menu":"0","ocean_menu_typo_font_family":"0","ocean_menu_typo_font_subset":"","ocean_menu_typo_font_size":0,"ocean_menu_typo_font_size_tablet":0,"ocean_menu_typo_font_size_mobile":0,"ocean_menu_typo_font_size_unit":"px","ocean_menu_typo_font_weight":"","ocean_menu_typo_font_weight_tablet":"","ocean_menu_typo_font_weight_mobile":"","ocean_menu_typo_transform":"","ocean_menu_typo_transform_tablet":"","ocean_menu_typo_transform_mobile":"","ocean_menu_typo_line_height":0,"ocean_menu_typo_line_height_tablet":0,"ocean_menu_typo_line_height_mobile":0,"ocean_menu_typo_line_height_unit":"","ocean_menu_typo_spacing":0,"ocean_menu_typo_spacing_tablet":0,"ocean_menu_typo_spacing_mobile":0,"ocean_menu_typo_spacing_unit":"","ocean_menu_link_color":"","ocean_menu_link_color_hover":"","ocean_menu_link_color_active":"","ocean_menu_link_background":"","ocean_menu_link_hover_background":"","ocean_menu_link_active_background":"","ocean_menu_social_links_bg":"","ocean_menu_social_hover_links_bg":"","ocean_menu_social_links_color":"","ocean_menu_social_hover_links_color":"","ocean_disable_title":"default","ocean_disable_heading":"default","ocean_post_title":"","ocean_post_subheading":"","ocean_post_title_style":"","ocean_post_title_background_color":"","ocean_post_title_background":0,"ocean_post_title_bg_image_position":"","ocean_post_title_bg_image_attachment":"","ocean_post_title_bg_image_repeat":"","ocean_post_title_bg_image_size":"","ocean_post_title_height":0,"ocean_post_title_bg_overlay":0.5,"ocean_post_title_bg_overlay_color":"","ocean_disable_breadcrumbs":"default","ocean_breadcrumbs_color":"","ocean_breadcrumbs_separator_color":"","ocean_breadcrumbs_links_color":"","ocean_breadcrumbs_links_hover_color":"","ocean_display_footer_widgets":"default","ocean_display_footer_bottom":"default","ocean_custom_footer_template":"0","omw_enable_modal_window":"enable","osh_disable_topbar_sticky":"default","osh_disable_header_sticky":"default","osh_sticky_header_style":"default","osh_sticky_header_effect":"","osh_custom_sticky_logo":0,"osh_custom_retina_sticky_logo":0,"osh_custom_sticky_logo_height":0,"osh_background_color":"","osh_links_color":"","osh_links_hover_color":"","osh_links_active_color":"","osh_links_bg_color":"","osh_links_hover_bg_color":"","osh_links_active_bg_color":"","osh_menu_social_links_color":"","osh_menu_social_hover_links_color":""},"product_brand":[1034],"product_cat":[58,44,60],"product_tag":[153,154,72,78,166],"class_list":{"0":"post-3631","1":"product","2":"type-product","3":"status-publish","4":"has-post-thumbnail","6":"product_brand-jucad","7":"product_cat-jucad","8":"product_cat-golftrolleys","9":"product_cat-jucad-edelstahl-golftrolleys","10":"product_tag-2-rad","11":"product_tag-edelstahl","12":"product_tag-golftrolley","13":"product_tag-jucad","14":"product_tag-junior","15":"tm-has-options","17":"entry","18":"has-media","20":"first","21":"instock","22":"sale","23":"taxable","24":"shipping-taxable","25":"purchasable","26":"product-type-simple","27":"col","28":"span_1_of_3","29":"owp-content-center","30":"owp-thumbs-layout-horizontal","31":"owp-btn-normal","32":"owp-tabs-layout-horizontal","33":"circle-sale"},"_links":{"self":[{"href":"https:\/\/www.exclusive-golf-trolleys.de\/shop\/wp-json\/wp\/v2\/product\/3631","targetHints":{"allow":["GET"]}}],"collection":[{"href":"https:\/\/www.exclusive-golf-trolleys.de\/shop\/wp-json\/wp\/v2\/product"}],"about":[{"href":"https:\/\/www.exclusive-golf-trolleys.de\/shop\/wp-json\/wp\/v2\/types\/product"}],"replies":[{"embeddable":true,"href":"https:\/\/www.exclusive-golf-trolleys.de\/shop\/wp-json\/wp\/v2\/comments?post=3631"}],"wp:featuredmedia":[{"embeddable":true,"href":"https:\/\/www.exclusive-golf-trolleys.de\/shop\/wp-json\/wp\/v2\/media\/3507"}],"wp:attachment":[{"href":"https:\/\/www.exclusive-golf-trolleys.de\/shop\/wp-json\/wp\/v2\/media?parent=3631"}],"wp:term":[{"taxonomy":"product_brand","embeddable":true,"href":"https:\/\/www.exclusive-golf-trolleys.de\/shop\/wp-json\/wp\/v2\/product_brand?post=3631"},{"taxonomy":"product_cat","embeddable":true,"href":"https:\/\/www.exclusive-golf-trolleys.de\/shop\/wp-json\/wp\/v2\/product_cat?post=3631"},{"taxonomy":"product_tag","embeddable":true,"href":"https:\/\/www.exclusive-golf-trolleys.de\/shop\/wp-json\/wp\/v2\/product_tag?post=3631"}],"curies":[{"name":"wp","href":"https:\/\/api.w.org\/{rel}","templated":true}]}}