{"id":3541,"date":"2023-01-09T17:07:35","date_gmt":"2023-01-09T16:07:35","guid":{"rendered":"https:\/\/www.exclusive-golf-trolleys.de\/shop\/?post_type=product&#038;p=3541"},"modified":"2025-07-11T19:24:18","modified_gmt":"2025-07-11T17:24:18","slug":"jucad-putter-titanium","status":"publish","type":"product","link":"https:\/\/www.exclusive-golf-trolleys.de\/shop\/produkt\/jucad-putter-titanium\/","title":{"rendered":"JuCad Putter Titanium"},"content":{"rendered":"<p><strong>JuCad Putter Titanium<\/strong><\/p>\n<p>Fr\u00fchjahresaktion &#8222;Alt gegen Neu&#8220;<br \/>\nTauschen sie ihren alten Putter (Modell, Zustand und Alter egal) gegen den wohl besten JuCad Putter ein.<br \/>\nWir gew\u00e4hren eine 4 Wochen -Geld zur\u00fcck Garantie- wenn sie nicht sp\u00fcrbar sicherer und besser putten als vorher.<br \/>\n<strong>Ihre Inzahlungnahme Pr\u00e4mie von 100 Euro erhalten sie direkt von ihrer Rechnung abgezogen.<\/strong><\/p>\n<p>Der JuCad Putter Titanium, erzeugt ein einzigartiges Puttgef\u00fchl, alleine durch seine aus einem St\u00fcck Titan CNC-gefr\u00e4ste, schwere Kopfform.<br \/>\nDurch die schwere und tiefe Gewichtsverteilung balanciert sich der Putter nahezu perfekt und fast von selbst aus.<br \/>\nDer aus reinem Titan gefertigte Putterkopf mit der extra pr\u00e4zisionsbearbeiteten Schlagfl\u00e4che garantiert zu jeder Zeit einen gef\u00fchlvollen Putt.<\/p>\n<p><strong>Garantie:<\/strong> Wenn sie nicht 100% Zufrieden sind und sich ihr Putten nicht deutlich verbessert, erhalten sie den vollen Kaufpreis innerhalb<br \/>\nvon 4 Wochen wieder zur\u00fcck.<br \/>\nTesten sie diesen sensationellen Titan Putter in Ruhe und entscheiden selbst.<\/p>\n<p>Kopfgewicht: 450 g.<br \/>\nPutterl\u00e4ngen in: 32 bis 36 inch<br \/>\nStandardma\u00df: 35 inch<\/p>\n<p><strong>Inklusive JuCad Jumbo-Griff, Schwarz<\/strong><br \/>\nFarbige JuCad Jumbo Griffe finden sie in Optionalen Bestellm\u00f6glichkeit.<br \/>\nJuCad Midsize Puttergriffe sind in gro\u00dfer Farbauswahl erh\u00e4ltlich.<\/p>\n<p>Das weiche und griffige Material gibt maximale Sicherheit und Komfort auf dem Gr\u00fcn.<\/p>\n<p>Artikel Nr.: JPXTI<\/p>\n<p>Die passende Putterl\u00e4nge finden sie Anhand bestimmter, individueller Faktoren.<br \/>\nAusschlaggebend bei der L\u00e4ngenauswahl sind ihre K\u00f6rpergr\u00f6\u00dfe, die Griffhaltung sowie die zur Ziellinie parallele,<br \/>\nim Oberk\u00f6rper aus der H\u00fcfte leicht geneigte Ansprechposition zum unter ihrem vorderen Auge liegenden Ball.<\/p>\n<p><strong>Orientierungswerte:<br \/>\n<\/strong><strong>K\u00f6rpergr\u00f6\u00dfe Putterl\u00e4nge Inch\u201c\/cm:<\/strong><br \/>\n160 cm 32\u201c\/81,3cm<br \/>\n170 cm 33\u201c\/84cm<br \/>\n180 cm 34\u201c\/86,4cm<br \/>\n190 cm 35\u201c\/89cm<\/p>\n<p><strong>Der JuCad Putter Titanium ist auch f\u00fcr Linksh\u00e4nder in allen Schaftl\u00e4ngen verf\u00fcgbar.<\/strong><\/p>\n","protected":false},"excerpt":{"rendered":"<p>Schaftl\u00e4ngen von 32 &#8211; 36 inch, Standard ist 35 inch.<br \/>\nAuch f\u00fcr Linksh\u00e4nder lieferbar<br \/>\nGriff: Jumbo Schwarz oder jede andere Farbe, siehe Auswahl<br \/>\nFarbige JuCad Griffe einzeln + 15 Euro<\/p>\n","protected":false},"featured_media":3542,"comment_status":"open","ping_status":"closed","template":"","meta":{"ocean_post_layout":"","ocean_both_sidebars_style":"","ocean_both_sidebars_content_width":0,"ocean_both_sidebars_sidebars_width":0,"ocean_sidebar":"0","ocean_second_sidebar":"0","ocean_disable_margins":"enable","ocean_add_body_class":"","ocean_shortcode_before_top_bar":"","ocean_shortcode_after_top_bar":"","ocean_shortcode_before_header":"","ocean_shortcode_after_header":"","ocean_has_shortcode":"","ocean_shortcode_after_title":"","ocean_shortcode_before_footer_widgets":"","ocean_shortcode_after_footer_widgets":"","ocean_shortcode_before_footer_bottom":"","ocean_shortcode_after_footer_bottom":"","ocean_display_top_bar":"default","ocean_display_header":"default","ocean_header_style":"","ocean_center_header_left_menu":"0","ocean_custom_header_template":"0","ocean_custom_logo":0,"ocean_custom_retina_logo":0,"ocean_custom_logo_max_width":0,"ocean_custom_logo_tablet_max_width":0,"ocean_custom_logo_mobile_max_width":0,"ocean_custom_logo_max_height":0,"ocean_custom_logo_tablet_max_height":0,"ocean_custom_logo_mobile_max_height":0,"ocean_header_custom_menu":"0","ocean_menu_typo_font_family":"0","ocean_menu_typo_font_subset":"","ocean_menu_typo_font_size":0,"ocean_menu_typo_font_size_tablet":0,"ocean_menu_typo_font_size_mobile":0,"ocean_menu_typo_font_size_unit":"px","ocean_menu_typo_font_weight":"","ocean_menu_typo_font_weight_tablet":"","ocean_menu_typo_font_weight_mobile":"","ocean_menu_typo_transform":"","ocean_menu_typo_transform_tablet":"","ocean_menu_typo_transform_mobile":"","ocean_menu_typo_line_height":0,"ocean_menu_typo_line_height_tablet":0,"ocean_menu_typo_line_height_mobile":0,"ocean_menu_typo_line_height_unit":"","ocean_menu_typo_spacing":0,"ocean_menu_typo_spacing_tablet":0,"ocean_menu_typo_spacing_mobile":0,"ocean_menu_typo_spacing_unit":"","ocean_menu_link_color":"","ocean_menu_link_color_hover":"","ocean_menu_link_color_active":"","ocean_menu_link_background":"","ocean_menu_link_hover_background":"","ocean_menu_link_active_background":"","ocean_menu_social_links_bg":"","ocean_menu_social_hover_links_bg":"","ocean_menu_social_links_color":"","ocean_menu_social_hover_links_color":"","ocean_disable_title":"default","ocean_disable_heading":"default","ocean_post_title":"","ocean_post_subheading":"","ocean_post_title_style":"","ocean_post_title_background_color":"","ocean_post_title_background":0,"ocean_post_title_bg_image_position":"","ocean_post_title_bg_image_attachment":"","ocean_post_title_bg_image_repeat":"","ocean_post_title_bg_image_size":"","ocean_post_title_height":0,"ocean_post_title_bg_overlay":0.5,"ocean_post_title_bg_overlay_color":"","ocean_disable_breadcrumbs":"default","ocean_breadcrumbs_color":"","ocean_breadcrumbs_separator_color":"","ocean_breadcrumbs_links_color":"","ocean_breadcrumbs_links_hover_color":"","ocean_display_footer_widgets":"default","ocean_display_footer_bottom":"default","ocean_custom_footer_template":"0","omw_enable_modal_window":"enable","osh_disable_topbar_sticky":"default","osh_disable_header_sticky":"default","osh_sticky_header_style":"default","osh_sticky_header_effect":"","osh_custom_sticky_logo":0,"osh_custom_retina_sticky_logo":0,"osh_custom_sticky_logo_height":0,"osh_background_color":"","osh_links_color":"","osh_links_hover_color":"","osh_links_active_color":"","osh_links_bg_color":"","osh_links_hover_bg_color":"","osh_links_active_bg_color":"","osh_menu_social_links_color":"","osh_menu_social_hover_links_color":""},"product_brand":[1034],"product_cat":[58,70,15],"product_tag":[797,78,796,919,130,627],"class_list":{"0":"post-3541","1":"product","2":"type-product","3":"status-publish","4":"has-post-thumbnail","6":"product_brand-jucad","7":"product_cat-jucad","8":"product_cat-golfartikel-golfprodukte","9":"product_cat-zubehoer","10":"product_tag-fitting-putter","11":"product_tag-jucad","12":"product_tag-jucad-jumbo-griff","13":"product_tag-jucad-titanium-putter","14":"product_tag-putter","15":"product_tag-titanium","16":"tm-has-options","18":"entry","19":"has-media","21":"first","22":"instock","23":"sale","24":"taxable","25":"shipping-taxable","26":"purchasable","27":"product-type-simple","28":"col","29":"span_1_of_3","30":"owp-content-center","31":"owp-thumbs-layout-horizontal","32":"owp-btn-normal","33":"owp-tabs-layout-horizontal","34":"circle-sale"},"_links":{"self":[{"href":"https:\/\/www.exclusive-golf-trolleys.de\/shop\/wp-json\/wp\/v2\/product\/3541","targetHints":{"allow":["GET"]}}],"collection":[{"href":"https:\/\/www.exclusive-golf-trolleys.de\/shop\/wp-json\/wp\/v2\/product"}],"about":[{"href":"https:\/\/www.exclusive-golf-trolleys.de\/shop\/wp-json\/wp\/v2\/types\/product"}],"replies":[{"embeddable":true,"href":"https:\/\/www.exclusive-golf-trolleys.de\/shop\/wp-json\/wp\/v2\/comments?post=3541"}],"wp:featuredmedia":[{"embeddable":true,"href":"https:\/\/www.exclusive-golf-trolleys.de\/shop\/wp-json\/wp\/v2\/media\/3542"}],"wp:attachment":[{"href":"https:\/\/www.exclusive-golf-trolleys.de\/shop\/wp-json\/wp\/v2\/media?parent=3541"}],"wp:term":[{"taxonomy":"product_brand","embeddable":true,"href":"https:\/\/www.exclusive-golf-trolleys.de\/shop\/wp-json\/wp\/v2\/product_brand?post=3541"},{"taxonomy":"product_cat","embeddable":true,"href":"https:\/\/www.exclusive-golf-trolleys.de\/shop\/wp-json\/wp\/v2\/product_cat?post=3541"},{"taxonomy":"product_tag","embeddable":true,"href":"https:\/\/www.exclusive-golf-trolleys.de\/shop\/wp-json\/wp\/v2\/product_tag?post=3541"}],"curies":[{"name":"wp","href":"https:\/\/api.w.org\/{rel}","templated":true}]}}