{"id":3534,"date":"2023-01-09T16:48:46","date_gmt":"2023-01-09T15:48:46","guid":{"rendered":"https:\/\/www.exclusive-golf-trolleys.de\/shop\/?post_type=product&#038;p=3534"},"modified":"2025-07-11T19:24:37","modified_gmt":"2025-07-11T17:24:37","slug":"jucad-putter-x200","status":"publish","type":"product","link":"https:\/\/www.exclusive-golf-trolleys.de\/shop\/produkt\/jucad-putter-x200\/","title":{"rendered":"JuCad Putter X200"},"content":{"rendered":"<p><strong>JuCad Putter X200<\/strong><\/p>\n<p>Der JuCad Putter X200, Half-mallet in Mattschwarz fasziniert durch sein sportlich, elegantes Design.<br \/>\nHochwertig verarbeitet, aus einem St\u00fcck pr\u00e4zisionsgefr\u00e4st unterst\u00fctzt die dreifache Linienf\u00fchrung speziell die durchgehende<br \/>\nrote Visierlinie &#8211; und die matte, blendfreie Kopf-Kontur und somit das zielgenaue Ausrichten des Golfballs.<br \/>\nDie gerillte Schlagfl\u00e4che intensiviert den Ballkontakt und bewirkt einen gut in der Distanz dosierbaren geraden Roll des Balls. <\/p>\n<p>Kopfgewicht:      380 g.<br \/>\nPutterl\u00e4ngen in:  32 bis 36 inch<br \/>\nStandardma\u00df:      35 inch<\/p>\n<p><strong>Inklusive JuCad Jumbo-Griff.<\/strong><br \/>\nDas weiche und griffige Material gibt maximale Sicherheit und Komfort auf dem Gr\u00fcn.<br \/>\nPuttergriffe sind in gro\u00dfer Farbauswahl optional erh\u00e4ltlich.<\/p>\n<p>Artikel Nr.: JPX200<br \/>\nwird mit Standardgriff Jumbo Schwarz geliefert, Aufpreis auf farbigen JuCad Jumbo Puttergriff 15,00 Euro<\/p>\n<p>Die passende Putterl\u00e4nge finden Sie Anhand bestimmter, individueller Faktoren.<br \/>\nAusschlaggebend bei der L\u00e4ngenauswahl sind die K\u00f6rpergr\u00f6\u00dfe, die Griffhaltung sowie die zur Ziellinie parallele,<br \/>\nim Oberk\u00f6rper aus der H\u00fcfte leicht geneigte, Ansprechposition zum unter dem vorderen Auge liegenden Ball.<br \/>\n<strong><br \/>\nOrientierungswerte:<\/strong><\/p>\n<p><strong>K\u00f6rpergr\u00f6\u00dfe     Putterl\u00e4nge inch\u201c\/cm:<\/strong><br \/>\n160 cm         32\u201c\/81,3cm   <\/p>\n<p>170 cm         33\u201c\/84cm              <\/p>\n<p>180 cm         34\u201c\/86,4cm                     <\/p>\n<p>190 cm         35\u201c\/89cm  <\/p>\n","protected":false},"excerpt":{"rendered":"<p>Schaftl\u00e4nge Standard: 35 inch<br \/>\nGriff: JuCad Jumbogriff Schwarz<br \/>\n<strong>Optional: Farbige JuCad Griffe + 15,00 Euro Aufpreis<\/strong><\/p>\n","protected":false},"featured_media":3533,"comment_status":"open","ping_status":"closed","template":"","meta":{"ocean_post_layout":"","ocean_both_sidebars_style":"","ocean_both_sidebars_content_width":0,"ocean_both_sidebars_sidebars_width":0,"ocean_sidebar":"0","ocean_second_sidebar":"0","ocean_disable_margins":"enable","ocean_add_body_class":"","ocean_shortcode_before_top_bar":"","ocean_shortcode_after_top_bar":"","ocean_shortcode_before_header":"","ocean_shortcode_after_header":"","ocean_has_shortcode":"","ocean_shortcode_after_title":"","ocean_shortcode_before_footer_widgets":"","ocean_shortcode_after_footer_widgets":"","ocean_shortcode_before_footer_bottom":"","ocean_shortcode_after_footer_bottom":"","ocean_display_top_bar":"default","ocean_display_header":"default","ocean_header_style":"","ocean_center_header_left_menu":"0","ocean_custom_header_template":"0","ocean_custom_logo":0,"ocean_custom_retina_logo":0,"ocean_custom_logo_max_width":0,"ocean_custom_logo_tablet_max_width":0,"ocean_custom_logo_mobile_max_width":0,"ocean_custom_logo_max_height":0,"ocean_custom_logo_tablet_max_height":0,"ocean_custom_logo_mobile_max_height":0,"ocean_header_custom_menu":"0","ocean_menu_typo_font_family":"0","ocean_menu_typo_font_subset":"","ocean_menu_typo_font_size":0,"ocean_menu_typo_font_size_tablet":0,"ocean_menu_typo_font_size_mobile":0,"ocean_menu_typo_font_size_unit":"px","ocean_menu_typo_font_weight":"","ocean_menu_typo_font_weight_tablet":"","ocean_menu_typo_font_weight_mobile":"","ocean_menu_typo_transform":"","ocean_menu_typo_transform_tablet":"","ocean_menu_typo_transform_mobile":"","ocean_menu_typo_line_height":0,"ocean_menu_typo_line_height_tablet":0,"ocean_menu_typo_line_height_mobile":0,"ocean_menu_typo_line_height_unit":"","ocean_menu_typo_spacing":0,"ocean_menu_typo_spacing_tablet":0,"ocean_menu_typo_spacing_mobile":0,"ocean_menu_typo_spacing_unit":"","ocean_menu_link_color":"","ocean_menu_link_color_hover":"","ocean_menu_link_color_active":"","ocean_menu_link_background":"","ocean_menu_link_hover_background":"","ocean_menu_link_active_background":"","ocean_menu_social_links_bg":"","ocean_menu_social_hover_links_bg":"","ocean_menu_social_links_color":"","ocean_menu_social_hover_links_color":"","ocean_disable_title":"default","ocean_disable_heading":"default","ocean_post_title":"","ocean_post_subheading":"","ocean_post_title_style":"","ocean_post_title_background_color":"","ocean_post_title_background":0,"ocean_post_title_bg_image_position":"","ocean_post_title_bg_image_attachment":"","ocean_post_title_bg_image_repeat":"","ocean_post_title_bg_image_size":"","ocean_post_title_height":0,"ocean_post_title_bg_overlay":0.5,"ocean_post_title_bg_overlay_color":"","ocean_disable_breadcrumbs":"default","ocean_breadcrumbs_color":"","ocean_breadcrumbs_separator_color":"","ocean_breadcrumbs_links_color":"","ocean_breadcrumbs_links_hover_color":"","ocean_display_footer_widgets":"default","ocean_display_footer_bottom":"default","ocean_custom_footer_template":"0","omw_enable_modal_window":"enable","osh_disable_topbar_sticky":"default","osh_disable_header_sticky":"default","osh_sticky_header_style":"default","osh_sticky_header_effect":"","osh_custom_sticky_logo":0,"osh_custom_retina_sticky_logo":0,"osh_custom_sticky_logo_height":0,"osh_background_color":"","osh_links_color":"","osh_links_hover_color":"","osh_links_active_color":"","osh_links_bg_color":"","osh_links_hover_bg_color":"","osh_links_active_bg_color":"","osh_menu_social_links_color":"","osh_menu_social_hover_links_color":""},"product_brand":[1034],"product_cat":[58,70,15],"product_tag":[623,78,130,624],"class_list":{"0":"post-3534","1":"product","2":"type-product","3":"status-publish","4":"has-post-thumbnail","6":"product_brand-jucad","7":"product_cat-jucad","8":"product_cat-golfartikel-golfprodukte","9":"product_cat-zubehoer","10":"product_tag-half-mallet","11":"product_tag-jucad","12":"product_tag-putter","13":"product_tag-x200","14":"tm-has-options","16":"entry","17":"has-media","19":"first","20":"instock","21":"sale","22":"taxable","23":"shipping-taxable","24":"purchasable","25":"product-type-simple","26":"col","27":"span_1_of_3","28":"owp-content-center","29":"owp-thumbs-layout-horizontal","30":"owp-btn-normal","31":"owp-tabs-layout-horizontal","32":"circle-sale"},"_links":{"self":[{"href":"https:\/\/www.exclusive-golf-trolleys.de\/shop\/wp-json\/wp\/v2\/product\/3534","targetHints":{"allow":["GET"]}}],"collection":[{"href":"https:\/\/www.exclusive-golf-trolleys.de\/shop\/wp-json\/wp\/v2\/product"}],"about":[{"href":"https:\/\/www.exclusive-golf-trolleys.de\/shop\/wp-json\/wp\/v2\/types\/product"}],"replies":[{"embeddable":true,"href":"https:\/\/www.exclusive-golf-trolleys.de\/shop\/wp-json\/wp\/v2\/comments?post=3534"}],"wp:featuredmedia":[{"embeddable":true,"href":"https:\/\/www.exclusive-golf-trolleys.de\/shop\/wp-json\/wp\/v2\/media\/3533"}],"wp:attachment":[{"href":"https:\/\/www.exclusive-golf-trolleys.de\/shop\/wp-json\/wp\/v2\/media?parent=3534"}],"wp:term":[{"taxonomy":"product_brand","embeddable":true,"href":"https:\/\/www.exclusive-golf-trolleys.de\/shop\/wp-json\/wp\/v2\/product_brand?post=3534"},{"taxonomy":"product_cat","embeddable":true,"href":"https:\/\/www.exclusive-golf-trolleys.de\/shop\/wp-json\/wp\/v2\/product_cat?post=3534"},{"taxonomy":"product_tag","embeddable":true,"href":"https:\/\/www.exclusive-golf-trolleys.de\/shop\/wp-json\/wp\/v2\/product_tag?post=3534"}],"curies":[{"name":"wp","href":"https:\/\/api.w.org\/{rel}","templated":true}]}}