{"id":3512,"date":"2023-01-08T13:33:58","date_gmt":"2023-01-08T12:33:58","guid":{"rendered":"https:\/\/www.exclusive-golf-trolleys.de\/shop\/?post_type=product&#038;p=3512"},"modified":"2024-10-19T15:32:06","modified_gmt":"2024-10-19T13:32:06","slug":"lamkin-crossline-golfgriff","status":"publish","type":"product","link":"https:\/\/www.exclusive-golf-trolleys.de\/shop\/produkt\/lamkin-crossline-golfgriff\/","title":{"rendered":"LAMKIN Crossline Golfgriff"},"content":{"rendered":"<p><strong>LAMKIN Crossline Golfgriff<\/strong><br \/>\nDer Lamkin Crossline ist bis heute LAMKINS meistverkaufter Golfgriff!<br \/>\nDer Lamkin Crossline Griff erm\u00f6glicht Ihnen maximalen Halt w\u00e4hrend Ihrer Golfrunde.<br \/>\nDamit k\u00f6nnen Sie Ihre Schl\u00e4ge mit voller Geschwindigkeit schwingen, ohne dabei den Halt zu verlieren.<\/p>\n<p>Seit mehr als 20 Jahren gilt der LAMKIN Crossline als einer der Top-Favoriten, auch bei den Tour-Spielern.<br \/>\nAuf h\u00f6chste Performance k\u00f6nnen auch Sie mit dem LAMKIN Crossline also garantiert z\u00e4hlen.<\/p>\n<p><strong>LAMKIN Spezifikation:<\/strong><br \/>\nModell: LAMKIN Damen Standard<br \/>\nGriffst\u00e4rke: Damen<br \/>\nGewicht: 44 Gramm (+\/- 3,5g)<br \/>\nFarbe: Schwarz-Wei\u00df<\/p>\n<p>Modell: LAMKIN Damen Undersize<br \/>\nGriffst\u00e4rke: Damen<br \/>\nGewicht: 41 Gramm (+\/- 3,5g)<br \/>\nFarbe: Schwarz-Wei\u00df<\/p>\n<p>Modell: LAMKIN Herren Standard<br \/>\nGriffst\u00e4rke: Herren<br \/>\nGewicht: 50,5 Gramm (+\/- 3,5g)<br \/>\nFarbe: Schwarz-Wei\u00df<\/p>\n<p>Modell: LAMKIN Herren Midsize<br \/>\nGriffst\u00e4rke: Herren<br \/>\nGewicht: 57,5 Gramm (+\/- 3,5g)<br \/>\nFarbe: Schwarz-Wei\u00df<\/p>\n","protected":false},"excerpt":{"rendered":"<p><strong><a href=\"https:\/\/www.exclusive-golf-trolleys.de\/shop\/wp-content\/uploads\/Griffwechsel-2024.pdf\">Bitte hier das PDF zum Griffwechsel \u00f6ffnen:<br \/>\nGriffwechsel 2024<\/a><\/strong><\/p>\n<p>Damen oder Herren \/ Griffst\u00e4rke: Bitte um ihre Auswahl<br \/>\nFarbe: Schwarz-Wei\u00df<br \/>\nGerne Montage in unserem Shop, 5,00 pro Griff zuz\u00fcgl. Preis f\u00fcr den Griff ihrer Wahl<\/p>\n","protected":false},"featured_media":3513,"comment_status":"open","ping_status":"closed","template":"","meta":{"ocean_post_layout":"","ocean_both_sidebars_style":"","ocean_both_sidebars_content_width":0,"ocean_both_sidebars_sidebars_width":0,"ocean_sidebar":"0","ocean_second_sidebar":"0","ocean_disable_margins":"enable","ocean_add_body_class":"","ocean_shortcode_before_top_bar":"","ocean_shortcode_after_top_bar":"","ocean_shortcode_before_header":"","ocean_shortcode_after_header":"","ocean_has_shortcode":"","ocean_shortcode_after_title":"","ocean_shortcode_before_footer_widgets":"","ocean_shortcode_after_footer_widgets":"","ocean_shortcode_before_footer_bottom":"","ocean_shortcode_after_footer_bottom":"","ocean_display_top_bar":"default","ocean_display_header":"default","ocean_header_style":"","ocean_center_header_left_menu":"0","ocean_custom_header_template":"0","ocean_custom_logo":0,"ocean_custom_retina_logo":0,"ocean_custom_logo_max_width":0,"ocean_custom_logo_tablet_max_width":0,"ocean_custom_logo_mobile_max_width":0,"ocean_custom_logo_max_height":0,"ocean_custom_logo_tablet_max_height":0,"ocean_custom_logo_mobile_max_height":0,"ocean_header_custom_menu":"0","ocean_menu_typo_font_family":"0","ocean_menu_typo_font_subset":"","ocean_menu_typo_font_size":0,"ocean_menu_typo_font_size_tablet":0,"ocean_menu_typo_font_size_mobile":0,"ocean_menu_typo_font_size_unit":"px","ocean_menu_typo_font_weight":"","ocean_menu_typo_font_weight_tablet":"","ocean_menu_typo_font_weight_mobile":"","ocean_menu_typo_transform":"","ocean_menu_typo_transform_tablet":"","ocean_menu_typo_transform_mobile":"","ocean_menu_typo_line_height":0,"ocean_menu_typo_line_height_tablet":0,"ocean_menu_typo_line_height_mobile":0,"ocean_menu_typo_line_height_unit":"","ocean_menu_typo_spacing":0,"ocean_menu_typo_spacing_tablet":0,"ocean_menu_typo_spacing_mobile":0,"ocean_menu_typo_spacing_unit":"","ocean_menu_link_color":"","ocean_menu_link_color_hover":"","ocean_menu_link_color_active":"","ocean_menu_link_background":"","ocean_menu_link_hover_background":"","ocean_menu_link_active_background":"","ocean_menu_social_links_bg":"","ocean_menu_social_hover_links_bg":"","ocean_menu_social_links_color":"","ocean_menu_social_hover_links_color":"","ocean_disable_title":"default","ocean_disable_heading":"default","ocean_post_title":"","ocean_post_subheading":"","ocean_post_title_style":"","ocean_post_title_background_color":"","ocean_post_title_background":0,"ocean_post_title_bg_image_position":"","ocean_post_title_bg_image_attachment":"","ocean_post_title_bg_image_repeat":"","ocean_post_title_bg_image_size":"","ocean_post_title_height":0,"ocean_post_title_bg_overlay":0.5,"ocean_post_title_bg_overlay_color":"","ocean_disable_breadcrumbs":"default","ocean_breadcrumbs_color":"","ocean_breadcrumbs_separator_color":"","ocean_breadcrumbs_links_color":"","ocean_breadcrumbs_links_hover_color":"","ocean_display_footer_widgets":"default","ocean_display_footer_bottom":"default","ocean_custom_footer_template":"0","omw_enable_modal_window":"enable","osh_disable_topbar_sticky":"default","osh_disable_header_sticky":"default","osh_sticky_header_style":"default","osh_sticky_header_effect":"","osh_custom_sticky_logo":0,"osh_custom_retina_sticky_logo":0,"osh_custom_sticky_logo_height":0,"osh_background_color":"","osh_links_color":"","osh_links_hover_color":"","osh_links_active_color":"","osh_links_bg_color":"","osh_links_hover_bg_color":"","osh_links_active_bg_color":"","osh_menu_social_links_color":"","osh_menu_social_hover_links_color":""},"product_brand":[],"product_cat":[15,614,618],"product_tag":[615,617,956,955,954,957],"class_list":{"0":"post-3512","1":"product","2":"type-product","3":"status-publish","4":"has-post-thumbnail","6":"product_cat-zubehoer","7":"product_cat-golfgriffe-lamkin","8":"product_cat-golfgriffe-schlaegergriffe-puttergriffe","9":"product_tag-crossline","10":"product_tag-golfgriff","11":"product_tag-golfgriff-damen","12":"product_tag-golfgriffe","13":"product_tag-griff-golfschlaeger","14":"product_tag-lamkin-golfgriff","15":"tm-has-options","17":"entry","18":"has-media","20":"first","21":"instock","22":"sale","23":"taxable","24":"shipping-taxable","25":"purchasable","26":"product-type-simple","27":"col","28":"span_1_of_3","29":"owp-content-center","30":"owp-thumbs-layout-horizontal","31":"owp-btn-normal","32":"owp-tabs-layout-horizontal","33":"circle-sale"},"_links":{"self":[{"href":"https:\/\/www.exclusive-golf-trolleys.de\/shop\/wp-json\/wp\/v2\/product\/3512","targetHints":{"allow":["GET"]}}],"collection":[{"href":"https:\/\/www.exclusive-golf-trolleys.de\/shop\/wp-json\/wp\/v2\/product"}],"about":[{"href":"https:\/\/www.exclusive-golf-trolleys.de\/shop\/wp-json\/wp\/v2\/types\/product"}],"replies":[{"embeddable":true,"href":"https:\/\/www.exclusive-golf-trolleys.de\/shop\/wp-json\/wp\/v2\/comments?post=3512"}],"wp:featuredmedia":[{"embeddable":true,"href":"https:\/\/www.exclusive-golf-trolleys.de\/shop\/wp-json\/wp\/v2\/media\/3513"}],"wp:attachment":[{"href":"https:\/\/www.exclusive-golf-trolleys.de\/shop\/wp-json\/wp\/v2\/media?parent=3512"}],"wp:term":[{"taxonomy":"product_brand","embeddable":true,"href":"https:\/\/www.exclusive-golf-trolleys.de\/shop\/wp-json\/wp\/v2\/product_brand?post=3512"},{"taxonomy":"product_cat","embeddable":true,"href":"https:\/\/www.exclusive-golf-trolleys.de\/shop\/wp-json\/wp\/v2\/product_cat?post=3512"},{"taxonomy":"product_tag","embeddable":true,"href":"https:\/\/www.exclusive-golf-trolleys.de\/shop\/wp-json\/wp\/v2\/product_tag?post=3512"}],"curies":[{"name":"wp","href":"https:\/\/api.w.org\/{rel}","templated":true}]}}