{"id":3442,"date":"2023-01-03T16:22:00","date_gmt":"2023-01-03T15:22:00","guid":{"rendered":"https:\/\/www.exclusive-golf-trolleys.de\/shop\/?post_type=product&#038;p=3442"},"modified":"2025-11-19T13:17:40","modified_gmt":"2025-11-19T12:17:40","slug":"jucad-carbon-drive-1-0-set","status":"publish","type":"product","link":"https:\/\/www.exclusive-golf-trolleys.de\/shop\/produkt\/jucad-carbon-drive-1-0-set\/","title":{"rendered":"JuCad Carbon Drive 1.0 Set"},"content":{"rendered":"<p><strong>JuCad Carbon Drive 1.0\u00a0<\/strong><\/p>\n<p>Farbe: Carbon Schwarz<br \/>\nModell: JuCad Drive 1.0, unbenutztes Ausstellungsst\u00fcck mit viel Zubeh\u00f6r<\/p>\n<p>Der unverw\u00fcstliche, leicht fahrbare Golftrolley JuCad Carbon Drive 1.0 aus Carbon mit dem kleinen Packma\u00df 65x60x15 cm ist der ideale Partner f\u00fcr alle Golfrunden.<br \/>\nDank der bedienerfreundlichen Drehgriffschaltung und der elektr. Bergbremse (Tempomat) ist der Fahrspa\u00df auch auf schwerstem Gel\u00e4nde gew\u00e4hrleistet.<br \/>\nDie h\u00f6henverstellbare Griffstange des Golftrolleys passt sich den Bed\u00fcrfnissen Ihrer Gr\u00f6\u00dfe perfekt an und bietet eine optimale Entlastung f\u00fcr ihre Muskulatur.<\/p>\n<p>Auch in optischer Hinsicht besticht dieser luxuri\u00f6se schwarze JuCad Carbon Drive 1.0.<br \/>\nKomplettiert mit neuen Felgen in Schwarz, neuen Schwarzen Reifen, Scorekartenhalter in Schwarz, Griffschutz 2-tlg. Schwarz sieht der Trolley echt Klasse aus.<\/p>\n<ul>\n<li><strong>JuCad Zubeh\u00f6r im Preis enthalten:<\/strong><br \/>\nJuCad Griffschutz 2-tlg. in Schwarz<br \/>\nJuCad Scorekartenhalter in Schwarz<br \/>\nJuCad Trolley Tragetasche &#8222;Drive&#8220;<\/li>\n<li><strong>Die Farbe von Felgen\/Reifen\/Scorekartendeckel kann ohne Mehrpreis frei gew\u00e4hlt werden.<\/strong><\/li>\n<\/ul>\n<p><strong>Technische Details:<\/strong><\/p>\n<ul>\n<li>einfache Bedienung durch stufenlosen Gasgriff<\/li>\n<li>10-20-30 m Distanztaster f\u00fcr Vorlauf<\/li>\n<li>Drehschalter f\u00fcr Vorw\u00e4rts-\/R\u00fcckw\u00e4rts-\/Freilauf (je nach Verf\u00fcgbarkeit)<\/li>\n<li>h\u00f6henverstellbare Griffstange<\/li>\n<li>leichtes Ziehen und Schieben auch ohne Akku m\u00f6glich<\/li>\n<li>bester Fahrkomfort durch super leisen Traktionsantrieb mit 2 kraftvollen Motoren<\/li>\n<li>keine sichtbaren Kabel, Akkus und Motoren<\/li>\n<li>elektronische Bergbremse (Tempomat)<\/li>\n<li>extrem stabile Leichtlaufr\u00e4der in edlem Mattschwarz \/ Reifen Schwarz<\/li>\n<li>Reifen mit Luftpolsterfederung, Reifenbelag wechselbar<\/li>\n<li>leicht und flach zusammenlegbar<\/li>\n<li>Schirmhalterung f\u00fcr JuCad Schirme im Rahmen integriert<\/li>\n<li>Lithium-Hochleistungsakku 1.0 f\u00fcr &gt;36 Loch Reichweite inklusive Ladeger\u00e4t 1.0<\/li>\n<li>Gewicht Rahmen und R\u00e4der 6,7 kg<\/li>\n<li>super flaches Packma\u00df 65x60x15 cm<\/li>\n<li>optional mit JuCad Fernsteuerung gegen Aufpreis erh\u00e4ltlich (399 Euro)<\/li>\n<\/ul>\n","protected":false},"excerpt":{"rendered":"<p><strong>JuCad Carbon Drive 1.0, tolle Optik in Carbon schwarz,<\/strong><\/p>\n<p>Modell: JuCad Drive 1.0, unbenutztes Ausstellungsst\u00fcck mit viel Zubeh\u00f6r<\/p>\n","protected":false},"featured_media":1713,"comment_status":"open","ping_status":"closed","template":"","meta":{"ocean_post_layout":"","ocean_both_sidebars_style":"","ocean_both_sidebars_content_width":0,"ocean_both_sidebars_sidebars_width":0,"ocean_sidebar":"0","ocean_second_sidebar":"0","ocean_disable_margins":"enable","ocean_add_body_class":"","ocean_shortcode_before_top_bar":"","ocean_shortcode_after_top_bar":"","ocean_shortcode_before_header":"","ocean_shortcode_after_header":"","ocean_has_shortcode":"","ocean_shortcode_after_title":"","ocean_shortcode_before_footer_widgets":"","ocean_shortcode_after_footer_widgets":"","ocean_shortcode_before_footer_bottom":"","ocean_shortcode_after_footer_bottom":"","ocean_display_top_bar":"default","ocean_display_header":"default","ocean_header_style":"","ocean_center_header_left_menu":"0","ocean_custom_header_template":"0","ocean_custom_logo":0,"ocean_custom_retina_logo":0,"ocean_custom_logo_max_width":0,"ocean_custom_logo_tablet_max_width":0,"ocean_custom_logo_mobile_max_width":0,"ocean_custom_logo_max_height":0,"ocean_custom_logo_tablet_max_height":0,"ocean_custom_logo_mobile_max_height":0,"ocean_header_custom_menu":"0","ocean_menu_typo_font_family":"0","ocean_menu_typo_font_subset":"","ocean_menu_typo_font_size":0,"ocean_menu_typo_font_size_tablet":0,"ocean_menu_typo_font_size_mobile":0,"ocean_menu_typo_font_size_unit":"px","ocean_menu_typo_font_weight":"","ocean_menu_typo_font_weight_tablet":"","ocean_menu_typo_font_weight_mobile":"","ocean_menu_typo_transform":"","ocean_menu_typo_transform_tablet":"","ocean_menu_typo_transform_mobile":"","ocean_menu_typo_line_height":0,"ocean_menu_typo_line_height_tablet":0,"ocean_menu_typo_line_height_mobile":0,"ocean_menu_typo_line_height_unit":"","ocean_menu_typo_spacing":0,"ocean_menu_typo_spacing_tablet":0,"ocean_menu_typo_spacing_mobile":0,"ocean_menu_typo_spacing_unit":"","ocean_menu_link_color":"","ocean_menu_link_color_hover":"","ocean_menu_link_color_active":"","ocean_menu_link_background":"","ocean_menu_link_hover_background":"","ocean_menu_link_active_background":"","ocean_menu_social_links_bg":"","ocean_menu_social_hover_links_bg":"","ocean_menu_social_links_color":"","ocean_menu_social_hover_links_color":"","ocean_disable_title":"default","ocean_disable_heading":"default","ocean_post_title":"","ocean_post_subheading":"","ocean_post_title_style":"","ocean_post_title_background_color":"","ocean_post_title_background":0,"ocean_post_title_bg_image_position":"","ocean_post_title_bg_image_attachment":"","ocean_post_title_bg_image_repeat":"","ocean_post_title_bg_image_size":"","ocean_post_title_height":0,"ocean_post_title_bg_overlay":0.5,"ocean_post_title_bg_overlay_color":"","ocean_disable_breadcrumbs":"default","ocean_breadcrumbs_color":"","ocean_breadcrumbs_separator_color":"","ocean_breadcrumbs_links_color":"","ocean_breadcrumbs_links_hover_color":"","ocean_display_footer_widgets":"default","ocean_display_footer_bottom":"default","ocean_custom_footer_template":"0","omw_enable_modal_window":"enable","osh_disable_topbar_sticky":"default","osh_disable_header_sticky":"default","osh_sticky_header_style":"default","osh_sticky_header_effect":"","osh_custom_sticky_logo":0,"osh_custom_retina_sticky_logo":0,"osh_custom_sticky_logo_height":0,"osh_background_color":"","osh_links_color":"","osh_links_hover_color":"","osh_links_active_color":"","osh_links_bg_color":"","osh_links_hover_bg_color":"","osh_links_active_bg_color":"","osh_menu_social_links_color":"","osh_menu_social_hover_links_color":""},"product_brand":[1034],"product_cat":[58,62],"product_tag":[72,78,886,1050],"class_list":{"0":"post-3442","1":"product","2":"type-product","3":"status-publish","4":"has-post-thumbnail","6":"product_brand-jucad","7":"product_cat-jucad","8":"product_cat-jucad-carbon-golftrolleys","9":"product_tag-golftrolley","10":"product_tag-jucad","11":"product_tag-jucad-carbon-drive-1-0","12":"product_tag-jucad-carbon-drive-1-0-set","13":"tm-has-options","15":"entry","16":"has-media","18":"first","19":"instock","20":"sale","21":"taxable","22":"shipping-taxable","23":"purchasable","24":"product-type-simple","25":"col","26":"span_1_of_3","27":"owp-content-center","28":"owp-thumbs-layout-horizontal","29":"owp-btn-normal","30":"owp-tabs-layout-horizontal","31":"circle-sale"},"_links":{"self":[{"href":"https:\/\/www.exclusive-golf-trolleys.de\/shop\/wp-json\/wp\/v2\/product\/3442","targetHints":{"allow":["GET"]}}],"collection":[{"href":"https:\/\/www.exclusive-golf-trolleys.de\/shop\/wp-json\/wp\/v2\/product"}],"about":[{"href":"https:\/\/www.exclusive-golf-trolleys.de\/shop\/wp-json\/wp\/v2\/types\/product"}],"replies":[{"embeddable":true,"href":"https:\/\/www.exclusive-golf-trolleys.de\/shop\/wp-json\/wp\/v2\/comments?post=3442"}],"wp:featuredmedia":[{"embeddable":true,"href":"https:\/\/www.exclusive-golf-trolleys.de\/shop\/wp-json\/wp\/v2\/media\/1713"}],"wp:attachment":[{"href":"https:\/\/www.exclusive-golf-trolleys.de\/shop\/wp-json\/wp\/v2\/media?parent=3442"}],"wp:term":[{"taxonomy":"product_brand","embeddable":true,"href":"https:\/\/www.exclusive-golf-trolleys.de\/shop\/wp-json\/wp\/v2\/product_brand?post=3442"},{"taxonomy":"product_cat","embeddable":true,"href":"https:\/\/www.exclusive-golf-trolleys.de\/shop\/wp-json\/wp\/v2\/product_cat?post=3442"},{"taxonomy":"product_tag","embeddable":true,"href":"https:\/\/www.exclusive-golf-trolleys.de\/shop\/wp-json\/wp\/v2\/product_tag?post=3442"}],"curies":[{"name":"wp","href":"https:\/\/api.w.org\/{rel}","templated":true}]}}