{"id":2997,"date":"2022-11-25T13:53:15","date_gmt":"2022-11-25T12:53:15","guid":{"rendered":"https:\/\/www.exclusive-golf-trolleys.de\/shop\/?post_type=product&#038;p=2997"},"modified":"2023-02-01T17:38:54","modified_gmt":"2023-02-01T16:38:54","slug":"volvik-s3-golfbaelle-pink","status":"publish","type":"product","link":"https:\/\/www.exclusive-golf-trolleys.de\/shop\/produkt\/volvik-s3-golfbaelle-pink\/","title":{"rendered":"Volvik S3 Golfb\u00e4lle pink"},"content":{"rendered":"<p><strong>VOLVIK S3 Golfb\u00e4lle pink<\/strong><\/p>\n<p><strong>Produktbeschreibung zu VOLVIK S3 Golfb\u00e4lle, pink:<\/strong><br \/>\nNEUER BALL WEICH UND GROSSARTIGER SPIN.<br \/>\nSie k\u00f6nnen jetzt zu Volvik wechseln, indem Sie sich f\u00fcr die \u00fcberragende Leistung des S3-Golfballs entscheiden \u2013 der dreiteilige Premium Tourball<br \/>\nf\u00fcr Spieler mit schnelleren Schwunggeschwindigkeiten. Mit erh\u00f6hter Genauigkeit bei h\u00f6herem Flug und l\u00e4ngerer Steigstrecke ist der S3 so konzipiert,<br \/>\ndass er mit den Besten mithalten kann. Eine Tour-Urethan-H\u00fclle wird verwendet, um ein extrem weiches Gef\u00fchl und erh\u00f6hten Kurzspiel-Spin zu f\u00f6rdern,<br \/>\nder sich gut mit der Elastizit\u00e4t des Wismutkerns verbindet. Diese Art von Kern bietet eine bessere Stabilit\u00e4t und einen optimalen mittelhohen Startflug.<br \/>\nWenn Sie also ein Spieler mit einer Schl\u00e4gerkopfgeschwindigkeit im Bereich von 85-105mph sind und Weltklasse-Performance von Ihrem Golfball erwarten,<br \/>\nist der S3 von Volvik genau das Richtige f\u00fcr Sie.<br \/>\nMit 336-Dimple-Design, 3-teilige Konstruktion richtet der S3 sich an Spieler mit h\u00f6heren Schwunggeschwindigkeiten (85-105 mph).<br \/>\nStabiler Flug und Auslauf durch den festeren Kern<br \/>\nWeiches Gef\u00fchl und erh\u00f6hter Gr\u00fcnseiten-Spin durch die Tour-Urethan-H\u00fclle<\/p>\n<p>Packungsinhalt:<br \/>\n12 B\u00e4lle (4 x 3 St\u00fcck) in einer Box<br \/>\nAusgezeichnetes Preis-Leistungs-Verh\u00e4ltnis<br \/>\nFarbe: pink<\/p>\n","protected":false},"excerpt":{"rendered":"<p><strong>Farbe: Pink<\/strong><\/p>\n","protected":false},"featured_media":3000,"comment_status":"open","ping_status":"closed","template":"","meta":{"ocean_post_layout":"","ocean_both_sidebars_style":"","ocean_both_sidebars_content_width":0,"ocean_both_sidebars_sidebars_width":0,"ocean_sidebar":"0","ocean_second_sidebar":"0","ocean_disable_margins":"enable","ocean_add_body_class":"","ocean_shortcode_before_top_bar":"","ocean_shortcode_after_top_bar":"","ocean_shortcode_before_header":"","ocean_shortcode_after_header":"","ocean_has_shortcode":"","ocean_shortcode_after_title":"","ocean_shortcode_before_footer_widgets":"","ocean_shortcode_after_footer_widgets":"","ocean_shortcode_before_footer_bottom":"","ocean_shortcode_after_footer_bottom":"","ocean_display_top_bar":"default","ocean_display_header":"default","ocean_header_style":"","ocean_center_header_left_menu":"0","ocean_custom_header_template":"0","ocean_custom_logo":0,"ocean_custom_retina_logo":0,"ocean_custom_logo_max_width":0,"ocean_custom_logo_tablet_max_width":0,"ocean_custom_logo_mobile_max_width":0,"ocean_custom_logo_max_height":0,"ocean_custom_logo_tablet_max_height":0,"ocean_custom_logo_mobile_max_height":0,"ocean_header_custom_menu":"0","ocean_menu_typo_font_family":"0","ocean_menu_typo_font_subset":"","ocean_menu_typo_font_size":0,"ocean_menu_typo_font_size_tablet":0,"ocean_menu_typo_font_size_mobile":0,"ocean_menu_typo_font_size_unit":"px","ocean_menu_typo_font_weight":"","ocean_menu_typo_font_weight_tablet":"","ocean_menu_typo_font_weight_mobile":"","ocean_menu_typo_transform":"","ocean_menu_typo_transform_tablet":"","ocean_menu_typo_transform_mobile":"","ocean_menu_typo_line_height":0,"ocean_menu_typo_line_height_tablet":0,"ocean_menu_typo_line_height_mobile":0,"ocean_menu_typo_line_height_unit":"","ocean_menu_typo_spacing":0,"ocean_menu_typo_spacing_tablet":0,"ocean_menu_typo_spacing_mobile":0,"ocean_menu_typo_spacing_unit":"","ocean_menu_link_color":"","ocean_menu_link_color_hover":"","ocean_menu_link_color_active":"","ocean_menu_link_background":"","ocean_menu_link_hover_background":"","ocean_menu_link_active_background":"","ocean_menu_social_links_bg":"","ocean_menu_social_hover_links_bg":"","ocean_menu_social_links_color":"","ocean_menu_social_hover_links_color":"","ocean_disable_title":"default","ocean_disable_heading":"default","ocean_post_title":"","ocean_post_subheading":"","ocean_post_title_style":"","ocean_post_title_background_color":"","ocean_post_title_background":0,"ocean_post_title_bg_image_position":"","ocean_post_title_bg_image_attachment":"","ocean_post_title_bg_image_repeat":"","ocean_post_title_bg_image_size":"","ocean_post_title_height":0,"ocean_post_title_bg_overlay":0.5,"ocean_post_title_bg_overlay_color":"","ocean_disable_breadcrumbs":"default","ocean_breadcrumbs_color":"","ocean_breadcrumbs_separator_color":"","ocean_breadcrumbs_links_color":"","ocean_breadcrumbs_links_hover_color":"","ocean_display_footer_widgets":"default","ocean_display_footer_bottom":"default","ocean_custom_footer_template":"0","omw_enable_modal_window":"enable","osh_disable_topbar_sticky":"default","osh_disable_header_sticky":"default","osh_sticky_header_style":"default","osh_sticky_header_effect":"","osh_custom_sticky_logo":0,"osh_custom_retina_sticky_logo":0,"osh_custom_sticky_logo_height":0,"osh_background_color":"","osh_links_color":"","osh_links_hover_color":"","osh_links_active_color":"","osh_links_bg_color":"","osh_links_hover_bg_color":"","osh_links_active_bg_color":"","osh_menu_social_links_color":"","osh_menu_social_hover_links_color":""},"product_brand":[],"product_cat":[70,460],"product_tag":[376,93,578,543,576],"class_list":{"0":"post-2997","1":"product","2":"type-product","3":"status-publish","4":"has-post-thumbnail","6":"product_cat-golfartikel-golfprodukte","7":"product_cat-golfbaelle","8":"product_tag-golfbaelle","9":"product_tag-pink","10":"product_tag-s3","11":"product_tag-volvik","12":"product_tag-volvik-golfbaelle","13":"tm-has-options","15":"entry","16":"has-media","18":"first","19":"instock","20":"sale","21":"taxable","22":"shipping-taxable","23":"purchasable","24":"product-type-simple","25":"col","26":"span_1_of_3","27":"owp-content-center","28":"owp-thumbs-layout-horizontal","29":"owp-btn-normal","30":"owp-tabs-layout-horizontal","31":"circle-sale"},"_links":{"self":[{"href":"https:\/\/www.exclusive-golf-trolleys.de\/shop\/wp-json\/wp\/v2\/product\/2997","targetHints":{"allow":["GET"]}}],"collection":[{"href":"https:\/\/www.exclusive-golf-trolleys.de\/shop\/wp-json\/wp\/v2\/product"}],"about":[{"href":"https:\/\/www.exclusive-golf-trolleys.de\/shop\/wp-json\/wp\/v2\/types\/product"}],"replies":[{"embeddable":true,"href":"https:\/\/www.exclusive-golf-trolleys.de\/shop\/wp-json\/wp\/v2\/comments?post=2997"}],"wp:featuredmedia":[{"embeddable":true,"href":"https:\/\/www.exclusive-golf-trolleys.de\/shop\/wp-json\/wp\/v2\/media\/3000"}],"wp:attachment":[{"href":"https:\/\/www.exclusive-golf-trolleys.de\/shop\/wp-json\/wp\/v2\/media?parent=2997"}],"wp:term":[{"taxonomy":"product_brand","embeddable":true,"href":"https:\/\/www.exclusive-golf-trolleys.de\/shop\/wp-json\/wp\/v2\/product_brand?post=2997"},{"taxonomy":"product_cat","embeddable":true,"href":"https:\/\/www.exclusive-golf-trolleys.de\/shop\/wp-json\/wp\/v2\/product_cat?post=2997"},{"taxonomy":"product_tag","embeddable":true,"href":"https:\/\/www.exclusive-golf-trolleys.de\/shop\/wp-json\/wp\/v2\/product_tag?post=2997"}],"curies":[{"name":"wp","href":"https:\/\/api.w.org\/{rel}","templated":true}]}}