{"id":2831,"date":"2022-10-27T14:36:44","date_gmt":"2022-10-27T12:36:44","guid":{"rendered":"https:\/\/www.exclusive-golf-trolleys.de\/shop\/?post_type=product&#038;p=2831"},"modified":"2025-07-12T13:15:00","modified_gmt":"2025-07-12T11:15:00","slug":"lignum-tees-53-mm-weiss","status":"publish","type":"product","link":"https:\/\/www.exclusive-golf-trolleys.de\/shop\/produkt\/lignum-tees-53-mm-weiss\/","title":{"rendered":"Lignum Tees 53 mm wei\u00df"},"content":{"rendered":"<p>Produktbeschreibung: <strong>&#8222;Lignum Tees 53 mm, 16 St\u00fcck&#8220;<\/strong><br \/>\nSouver\u00e4n durch jeden Abschlag dank den Lignum Tees, praktischen Golf Tees, die Dir beste Unterst\u00fctzung bieten, denn sie verf\u00fcgen \u00fcber eine integrierte<br \/>\nH\u00f6henkontrolle als Hilfestellung, um die optimale Teeh\u00f6he zu finden. Speziell entwickeltes Microwood macht den Tee unheimlich stabil, ohne dass er an<br \/>\nFlexibilit\u00e4t einb\u00fc\u00dft. Gleichzeitig begeistert er durch eine unheimlich lange Lebensdauer. Die Bag kommt mit praktischem Easy Exit f\u00fcr mehr Ordnung und<br \/>\nSchutz Deiner H\u00e4nde vor den Spitzen der Tees, indem Du sie seitlich durch eine \u00d6ffnung entnehmen kannst.<br \/>\nPerfekt f\u00fcr jeden Abschlag: Lignum Tees, Golf Tees f\u00fcr mehr Erfolg auf dem Platz.<\/p>\n<p><strong>Die wichtigsten Features der Lignum Tees im \u00dcberblick:<\/strong><br \/>\nRingsystem f\u00fcr Konstanz beim Abschlag<br \/>\nIntegrierte H\u00f6henkontrolle als Hilfe, um bei jedem Abschlag die optimale Teeh\u00f6he zu finden<br \/>\nSpeziell entwickeltes Microwood f\u00fcr mehr Stabilit\u00e4t und Flexibilit\u00e4t und eine lange Lebensdauer des Tees<br \/>\nFaire Produktion exklusiv in Europa<br \/>\nEasy Exit:<br \/>\ndank innovativer \u00d6ffnung an der Seite des Bags k\u00f6nnen Tees nacheinander entnommen werden f\u00fcr mehr Ordnung im Bag und perfekten Schutz der H\u00e4nde.<br \/>\nH\u00f6he: 5,3 cm<br \/>\nLieferumfang: 16 St\u00fcck<\/p>\n","protected":false},"excerpt":{"rendered":"<p>Produktbeschreibung: &#8222;Lignum Tees 53 mm, 16 St\u00fcck&#8220; Souver\u00e4n durch jeden Abschlag dank den Lignum Tees, praktischen Golf Tees, die Dir beste Unterst\u00fctzung bieten, denn sie verf\u00fcgen \u00fcber eine integrierte H\u00f6henkontrolle als Hilfestellung, um die optimale Teeh\u00f6he zu finden. Speziell entwickeltes Microwood macht den Tee unheimlich stabil, ohne dass er an Flexibilit\u00e4t einb\u00fc\u00dft. Gleichzeitig begeistert er [&hellip;]<\/p>\n","protected":false},"featured_media":2825,"comment_status":"open","ping_status":"closed","template":"","meta":{"ocean_post_layout":"","ocean_both_sidebars_style":"","ocean_both_sidebars_content_width":0,"ocean_both_sidebars_sidebars_width":0,"ocean_sidebar":"0","ocean_second_sidebar":"0","ocean_disable_margins":"enable","ocean_add_body_class":"","ocean_shortcode_before_top_bar":"","ocean_shortcode_after_top_bar":"","ocean_shortcode_before_header":"","ocean_shortcode_after_header":"","ocean_has_shortcode":"","ocean_shortcode_after_title":"","ocean_shortcode_before_footer_widgets":"","ocean_shortcode_after_footer_widgets":"","ocean_shortcode_before_footer_bottom":"","ocean_shortcode_after_footer_bottom":"","ocean_display_top_bar":"default","ocean_display_header":"default","ocean_header_style":"","ocean_center_header_left_menu":"0","ocean_custom_header_template":"0","ocean_custom_logo":0,"ocean_custom_retina_logo":0,"ocean_custom_logo_max_width":0,"ocean_custom_logo_tablet_max_width":0,"ocean_custom_logo_mobile_max_width":0,"ocean_custom_logo_max_height":0,"ocean_custom_logo_tablet_max_height":0,"ocean_custom_logo_mobile_max_height":0,"ocean_header_custom_menu":"0","ocean_menu_typo_font_family":"0","ocean_menu_typo_font_subset":"","ocean_menu_typo_font_size":0,"ocean_menu_typo_font_size_tablet":0,"ocean_menu_typo_font_size_mobile":0,"ocean_menu_typo_font_size_unit":"px","ocean_menu_typo_font_weight":"","ocean_menu_typo_font_weight_tablet":"","ocean_menu_typo_font_weight_mobile":"","ocean_menu_typo_transform":"","ocean_menu_typo_transform_tablet":"","ocean_menu_typo_transform_mobile":"","ocean_menu_typo_line_height":0,"ocean_menu_typo_line_height_tablet":0,"ocean_menu_typo_line_height_mobile":0,"ocean_menu_typo_line_height_unit":"","ocean_menu_typo_spacing":0,"ocean_menu_typo_spacing_tablet":0,"ocean_menu_typo_spacing_mobile":0,"ocean_menu_typo_spacing_unit":"","ocean_menu_link_color":"","ocean_menu_link_color_hover":"","ocean_menu_link_color_active":"","ocean_menu_link_background":"","ocean_menu_link_hover_background":"","ocean_menu_link_active_background":"","ocean_menu_social_links_bg":"","ocean_menu_social_hover_links_bg":"","ocean_menu_social_links_color":"","ocean_menu_social_hover_links_color":"","ocean_disable_title":"default","ocean_disable_heading":"default","ocean_post_title":"","ocean_post_subheading":"","ocean_post_title_style":"","ocean_post_title_background_color":"","ocean_post_title_background":0,"ocean_post_title_bg_image_position":"","ocean_post_title_bg_image_attachment":"","ocean_post_title_bg_image_repeat":"","ocean_post_title_bg_image_size":"","ocean_post_title_height":0,"ocean_post_title_bg_overlay":0.5,"ocean_post_title_bg_overlay_color":"","ocean_disable_breadcrumbs":"default","ocean_breadcrumbs_color":"","ocean_breadcrumbs_separator_color":"","ocean_breadcrumbs_links_color":"","ocean_breadcrumbs_links_hover_color":"","ocean_display_footer_widgets":"default","ocean_display_footer_bottom":"default","ocean_custom_footer_template":"0","omw_enable_modal_window":"enable","osh_disable_topbar_sticky":"default","osh_disable_header_sticky":"default","osh_sticky_header_style":"default","osh_sticky_header_effect":"","osh_custom_sticky_logo":0,"osh_custom_retina_sticky_logo":0,"osh_custom_sticky_logo_height":0,"osh_background_color":"","osh_links_color":"","osh_links_hover_color":"","osh_links_active_color":"","osh_links_bg_color":"","osh_links_hover_bg_color":"","osh_links_active_bg_color":"","osh_menu_social_links_color":"","osh_menu_social_hover_links_color":""},"product_brand":[1039],"product_cat":[535,70],"product_tag":[540,140,536,82],"class_list":{"0":"post-2831","1":"product","2":"type-product","3":"status-publish","4":"has-post-thumbnail","6":"product_brand-lignum","7":"product_cat-golftees","8":"product_cat-golfartikel-golfprodukte","9":"product_tag-53-mm","10":"product_tag-golf","11":"product_tag-lignum-tees","12":"product_tag-weiss","13":"tm-has-options","15":"entry","16":"has-media","18":"first","19":"instock","20":"sale","21":"taxable","22":"shipping-taxable","23":"purchasable","24":"product-type-simple","25":"col","26":"span_1_of_3","27":"owp-content-center","28":"owp-thumbs-layout-horizontal","29":"owp-btn-normal","30":"owp-tabs-layout-horizontal","31":"circle-sale"},"_links":{"self":[{"href":"https:\/\/www.exclusive-golf-trolleys.de\/shop\/wp-json\/wp\/v2\/product\/2831","targetHints":{"allow":["GET"]}}],"collection":[{"href":"https:\/\/www.exclusive-golf-trolleys.de\/shop\/wp-json\/wp\/v2\/product"}],"about":[{"href":"https:\/\/www.exclusive-golf-trolleys.de\/shop\/wp-json\/wp\/v2\/types\/product"}],"replies":[{"embeddable":true,"href":"https:\/\/www.exclusive-golf-trolleys.de\/shop\/wp-json\/wp\/v2\/comments?post=2831"}],"wp:featuredmedia":[{"embeddable":true,"href":"https:\/\/www.exclusive-golf-trolleys.de\/shop\/wp-json\/wp\/v2\/media\/2825"}],"wp:attachment":[{"href":"https:\/\/www.exclusive-golf-trolleys.de\/shop\/wp-json\/wp\/v2\/media?parent=2831"}],"wp:term":[{"taxonomy":"product_brand","embeddable":true,"href":"https:\/\/www.exclusive-golf-trolleys.de\/shop\/wp-json\/wp\/v2\/product_brand?post=2831"},{"taxonomy":"product_cat","embeddable":true,"href":"https:\/\/www.exclusive-golf-trolleys.de\/shop\/wp-json\/wp\/v2\/product_cat?post=2831"},{"taxonomy":"product_tag","embeddable":true,"href":"https:\/\/www.exclusive-golf-trolleys.de\/shop\/wp-json\/wp\/v2\/product_tag?post=2831"}],"curies":[{"name":"wp","href":"https:\/\/api.w.org\/{rel}","templated":true}]}}