{"id":2720,"date":"2022-10-19T13:55:19","date_gmt":"2022-10-19T11:55:19","guid":{"rendered":"https:\/\/www.exclusive-golf-trolleys.de\/shop\/?post_type=product&#038;p=2720"},"modified":"2025-12-02T16:17:11","modified_gmt":"2025-12-02T15:17:11","slug":"jucad-drive-2-0-edelstahl-set","status":"publish","type":"product","link":"https:\/\/www.exclusive-golf-trolleys.de\/shop\/produkt\/jucad-drive-2-0-edelstahl-set\/","title":{"rendered":"JuCad Drive 2.0 Edelstahl Set"},"content":{"rendered":"<p><strong>JuCad Drive 2.0 Edelstahl Set\u00a0<\/strong><br \/>\nDer leicht fahrbare Golftrolley JuCad Drive 2.0 Edelstahl mit dem super kleinen Packma\u00df ist der ideale Partner f\u00fcr alle ihre Golfrunden.<br \/>\nDank der bedienerfreundlichen Drehgriffschaltung, der elektronischen Bergbremse (Tempomat) und der 2 elektronischen Parkbremsen<br \/>\n(verhindert das wegrollen auf steilem Gel\u00e4nde) ist der Fahrspa\u00df auch auf schwerstem Gel\u00e4nde immer sicher gew\u00e4hrleistet.<br \/>\nDie stufenlos h\u00f6henverstellbare Griffstange des Golftrolleys passt sich den Bed\u00fcrfnissen Ihrer K\u00f6rpergr\u00f6\u00dfe perfekt an und bietet somit<br \/>\neine optimale Entlastung f\u00fcr ihre Muskulatur.<br \/>\nAuch in optischer Hinsicht k\u00f6nnen sie ihren neuen JuCad Drive Edelstahl 2.0 individuell gestalten,<br \/>\nFelgen- und Reifenfarbe kann je nach Wunsch frei ausgew\u00e4hlt werden, ohne Mehrkosten.<br \/>\n<strong><br \/>\nOriginal JuCad Zubeh\u00f6r bereits im Preis enthalten:<br \/>\n<\/strong>incl. JuCad Griffschutz 2-tlg. Schwarz, montiert<br \/>\nincl. JuCad Scorekartenhalter GFK in Titangrau oder Schwarz, optional auch in Vollmetall Titangrau oder Schwarz lieferbar (Aufpreis 129 Euro)<br \/>\nincl. JuCad Golfschirm in Silber mit 99% UV-Protection oder uni Schwarz, optional Golfschirm Windproof (Aufpreis 19,90 Euro)<br \/>\nincl. JuCad Trolley Tragetasche &#8222;Drive&#8220;, optional als Rollenkoffer mit Teleskopgriff (Aufpreis 29,90 Euro)<br \/>\nFelgen- u. Reifenfarben sind ohne Mehrpreis frei w\u00e4hlbar<\/p>\n<p><strong>Die wichtigsten Technischen Features im \u00dcberblick:<\/strong><br \/>\nIntegriertes Technikpaket 2.0 mit beidseitiger elektronischer Parkbremse, Brushless Motoren, Magnetstecker und Ladestandsanzeige<br \/>\n48V Antriebssystem<br \/>\nStufenloser Gasgriff f\u00fcr eine einfache Bedienung<br \/>\nDrehschalter mit Vorw\u00e4rts-, R\u00fcckw\u00e4rts und Freilauffunktion<br \/>\nSchirmhalterung f\u00fcr alle JuCad Golfschirme<br \/>\nStufenlos h\u00f6henverstellbare Griffstange<br \/>\nKlapp- und drehbare Bagauflagen oben und unten<br \/>\nFreilauffunktion, leichtes Ziehen und Schieben auch ohne Akku m\u00f6glich<br \/>\nAutomatische Vorlauffunktion (Distanztaster 10-20-30 Meter)<br \/>\nElektronische Bergbremse (Tempomat)<br \/>\nElektronische, beidseitige Parkbremse, verhindert sicher ein wegrollen selbst in steilstem Gel\u00e4nde<br \/>\nKeine sichtbaren Kabel, Akkus und Motoren<br \/>\nLithium-Hochleistungsakku bis zu 45 Loch mit kleinem Schnellladeger\u00e4t \u2013 getestet, gepr\u00fcft und nach UN-Transporttest BU-202100303-B1 zertifiziert<br \/>\nExtrem stabile Leichtlaufr\u00e4der<br \/>\nReifen mit Luftpolsterfederung, Reifenbelag wechselbar<br \/>\nVerschiedene Felgen- und Reifenfarben ohne Aufpreis<br \/>\nInnovative Stecktechnik f\u00fcr flaches Packma\u00df: 65 x 60 x 12 cm<br \/>\nSchnell und superflach zusammenlegbar, passt in in jeden Kofferraum, auch in den eines kleinen Sportwagens<br \/>\nSatinierter Edelstahlrahmen mit 6 Jahren Garantie<br \/>\nGewicht Rahmen und R\u00e4der 7,2 kg<br \/>\nOptional mit JuCad Fernsteuerung (Aufpreis 399 Euro)<\/p>\n<p>Der JuCad Drive 2.0 Golftrolley Edelstahl ist ein super Begleiter f\u00fcr alle Terrains.<\/p>\n","protected":false},"excerpt":{"rendered":"<p><strong>JuCad Drive 2.0 Edelstahl Set<\/strong><br \/>\nbereits mit komplettem JuCad original Zubeh\u00f6r:<br \/>\nJuCad Griffschutz 2-tlg., JuCad Scorekartenhalter, JuCad Golfschirm, JuCad Tragetasche,.<br \/>\nFelgen- und Reifenfarbe kostenfrei w\u00e4hlbar.<\/p>\n","protected":false},"featured_media":5891,"comment_status":"open","ping_status":"closed","template":"","meta":{"ocean_post_layout":"","ocean_both_sidebars_style":"","ocean_both_sidebars_content_width":0,"ocean_both_sidebars_sidebars_width":0,"ocean_sidebar":"0","ocean_second_sidebar":"0","ocean_disable_margins":"enable","ocean_add_body_class":"","ocean_shortcode_before_top_bar":"","ocean_shortcode_after_top_bar":"","ocean_shortcode_before_header":"","ocean_shortcode_after_header":"","ocean_has_shortcode":"","ocean_shortcode_after_title":"","ocean_shortcode_before_footer_widgets":"","ocean_shortcode_after_footer_widgets":"","ocean_shortcode_before_footer_bottom":"","ocean_shortcode_after_footer_bottom":"","ocean_display_top_bar":"default","ocean_display_header":"default","ocean_header_style":"","ocean_center_header_left_menu":"0","ocean_custom_header_template":"0","ocean_custom_logo":0,"ocean_custom_retina_logo":0,"ocean_custom_logo_max_width":0,"ocean_custom_logo_tablet_max_width":0,"ocean_custom_logo_mobile_max_width":0,"ocean_custom_logo_max_height":0,"ocean_custom_logo_tablet_max_height":0,"ocean_custom_logo_mobile_max_height":0,"ocean_header_custom_menu":"0","ocean_menu_typo_font_family":"0","ocean_menu_typo_font_subset":"","ocean_menu_typo_font_size":0,"ocean_menu_typo_font_size_tablet":0,"ocean_menu_typo_font_size_mobile":0,"ocean_menu_typo_font_size_unit":"px","ocean_menu_typo_font_weight":"","ocean_menu_typo_font_weight_tablet":"","ocean_menu_typo_font_weight_mobile":"","ocean_menu_typo_transform":"","ocean_menu_typo_transform_tablet":"","ocean_menu_typo_transform_mobile":"","ocean_menu_typo_line_height":0,"ocean_menu_typo_line_height_tablet":0,"ocean_menu_typo_line_height_mobile":0,"ocean_menu_typo_line_height_unit":"","ocean_menu_typo_spacing":0,"ocean_menu_typo_spacing_tablet":0,"ocean_menu_typo_spacing_mobile":0,"ocean_menu_typo_spacing_unit":"","ocean_menu_link_color":"","ocean_menu_link_color_hover":"","ocean_menu_link_color_active":"","ocean_menu_link_background":"","ocean_menu_link_hover_background":"","ocean_menu_link_active_background":"","ocean_menu_social_links_bg":"","ocean_menu_social_hover_links_bg":"","ocean_menu_social_links_color":"","ocean_menu_social_hover_links_color":"","ocean_disable_title":"default","ocean_disable_heading":"default","ocean_post_title":"","ocean_post_subheading":"","ocean_post_title_style":"","ocean_post_title_background_color":"","ocean_post_title_background":0,"ocean_post_title_bg_image_position":"","ocean_post_title_bg_image_attachment":"","ocean_post_title_bg_image_repeat":"","ocean_post_title_bg_image_size":"","ocean_post_title_height":0,"ocean_post_title_bg_overlay":0.5,"ocean_post_title_bg_overlay_color":"","ocean_disable_breadcrumbs":"default","ocean_breadcrumbs_color":"","ocean_breadcrumbs_separator_color":"","ocean_breadcrumbs_links_color":"","ocean_breadcrumbs_links_hover_color":"","ocean_display_footer_widgets":"default","ocean_display_footer_bottom":"default","ocean_custom_footer_template":"0","omw_enable_modal_window":"enable","osh_disable_topbar_sticky":"default","osh_disable_header_sticky":"default","osh_sticky_header_style":"default","osh_sticky_header_effect":"","osh_custom_sticky_logo":0,"osh_custom_retina_sticky_logo":0,"osh_custom_sticky_logo_height":0,"osh_background_color":"","osh_links_color":"","osh_links_hover_color":"","osh_links_active_color":"","osh_links_bg_color":"","osh_links_hover_bg_color":"","osh_links_active_bg_color":"","osh_menu_social_links_color":"","osh_menu_social_hover_links_color":""},"product_brand":[1034],"product_cat":[58,44,60],"product_tag":[72,78,1051],"class_list":{"0":"post-2720","1":"product","2":"type-product","3":"status-publish","4":"has-post-thumbnail","6":"product_brand-jucad","7":"product_cat-jucad","8":"product_cat-golftrolleys","9":"product_cat-jucad-edelstahl-golftrolleys","10":"product_tag-golftrolley","11":"product_tag-jucad","12":"product_tag-jucad-drive-2-0-edelstahl-set","13":"tm-has-options","15":"entry","16":"has-media","18":"first","19":"instock","20":"sale","21":"taxable","22":"shipping-taxable","23":"purchasable","24":"product-type-simple","25":"col","26":"span_1_of_3","27":"owp-content-center","28":"owp-thumbs-layout-horizontal","29":"owp-btn-normal","30":"owp-tabs-layout-horizontal","31":"circle-sale"},"_links":{"self":[{"href":"https:\/\/www.exclusive-golf-trolleys.de\/shop\/wp-json\/wp\/v2\/product\/2720","targetHints":{"allow":["GET"]}}],"collection":[{"href":"https:\/\/www.exclusive-golf-trolleys.de\/shop\/wp-json\/wp\/v2\/product"}],"about":[{"href":"https:\/\/www.exclusive-golf-trolleys.de\/shop\/wp-json\/wp\/v2\/types\/product"}],"replies":[{"embeddable":true,"href":"https:\/\/www.exclusive-golf-trolleys.de\/shop\/wp-json\/wp\/v2\/comments?post=2720"}],"wp:featuredmedia":[{"embeddable":true,"href":"https:\/\/www.exclusive-golf-trolleys.de\/shop\/wp-json\/wp\/v2\/media\/5891"}],"wp:attachment":[{"href":"https:\/\/www.exclusive-golf-trolleys.de\/shop\/wp-json\/wp\/v2\/media?parent=2720"}],"wp:term":[{"taxonomy":"product_brand","embeddable":true,"href":"https:\/\/www.exclusive-golf-trolleys.de\/shop\/wp-json\/wp\/v2\/product_brand?post=2720"},{"taxonomy":"product_cat","embeddable":true,"href":"https:\/\/www.exclusive-golf-trolleys.de\/shop\/wp-json\/wp\/v2\/product_cat?post=2720"},{"taxonomy":"product_tag","embeddable":true,"href":"https:\/\/www.exclusive-golf-trolleys.de\/shop\/wp-json\/wp\/v2\/product_tag?post=2720"}],"curies":[{"name":"wp","href":"https:\/\/api.w.org\/{rel}","templated":true}]}}