{"id":2590,"date":"2022-10-07T15:57:40","date_gmt":"2022-10-07T13:57:40","guid":{"rendered":"https:\/\/www.exclusive-golf-trolleys.de\/shop\/?post_type=product&#038;p=2590"},"modified":"2023-10-07T23:11:01","modified_gmt":"2023-10-07T21:11:01","slug":"spalding-distance-golfbaelle-white","status":"publish","type":"product","link":"https:\/\/www.exclusive-golf-trolleys.de\/shop\/produkt\/spalding-distance-golfbaelle-white\/","title":{"rendered":"Spalding Distance Golfb\u00e4lle, white"},"content":{"rendered":"<p><strong>Spalding Distance Golfb\u00e4lle, white<\/strong><\/p>\n<p>Produktbeschreibung zu Spalding Distance Golfb\u00e4lle, white:<br \/>\nGenau wie die gezielte Auswahl des Schl\u00e4gersets m\u00fcssen Sie auch den Ball so w\u00e4hlen, dass er optimal zu Ihrer Spielweise passt.<br \/>\nDer Distance von Spalding, erleichtert Golfer\/-innen, die mit niedrigen Schwunggeschwindigkeiten spielen, ihre Performance weiter zu optimieren.<br \/>\nNat\u00fcrlich eignet sich der Ball auch f\u00fcr mittlere und h\u00f6here Schwunggeschwindigkeiten.<br \/>\nSein 2-teiliges Design zeichnet sich durch eine geringe 85-Kompression aus, die ein weiches Schlaggef\u00fchl erzeugt.<br \/>\nDas 352-Dimple-Design sorgt f\u00fcr einen verbesserten Ballstart.<br \/>\nDas weiche Dupont-Lithium-Surlyn-Cover bietet eine herausragende Schlagkontrolle und erm\u00f6glicht h\u00f6here Abschl\u00e4ge.<br \/>\nIhnen gelingen konsistente Flugbahnen und ein hervorragender Spin f\u00fcr das Kurzspiel.<br \/>\nDas Cover mit maximaler Abriebfestigkeit ist extrem lange haltbar.<br \/>\nKennzeichen des High Control Balls ist, dass Sie bei jedem Schlag h\u00f6chste Kontrolle haben.<br \/>\nDas ist die beste Voraussetzung f\u00fcr die schrittweise Optimierung Ihres Spielniveaus.<\/p>\n<p>Die wichtigsten Features im \u00dcberblick:<\/p>\n<p>Komfortabel spielbarer Golfball, perfekt f\u00fcr Golfer\/-innen, die ihre B\u00e4lle mit niedriger Schwunggeschwindigkeit schlagen,<br \/>\naber auch geeignet f\u00fcr mittlere und h\u00f6here Schwunggeschwindigkeiten.<br \/>\n2-teiliges Design:<br \/>\nMit geringer Kompression von 85, erzeugt ein weiches Schlaggef\u00fchl<br \/>\nErm\u00f6glicht, dass Golfer\/-innen mit geringen Schwunggeschwindigkeiten maximale Distanzen erzielen und ihr Spielniveau damit verbessern<br \/>\nEbenso perfekt geeignet f\u00fcr Golfer\/-innen mit mittleren und h\u00f6heren Schwunggeschwindigkeiten<br \/>\n352-Dimple-Design:<br \/>\nVerbessert den Ballstart<br \/>\nWeiches Dupont-Lithium-Surlyn-Cover, softe Abdeckung<br \/>\nBietet eine herausragende Schlagkontrolle, f\u00fchrt zu h\u00f6heren Abschl\u00e4gen<br \/>\nErzeugt konsistente Flugbahnen und einen hervorragenden Spin f\u00fcr das Kurzspiel<br \/>\nMaximale Abriebfestigkeit, lange haltbar<br \/>\nHigh Control Ball:<br \/>\nErm\u00f6glicht h\u00f6chste Kontrolle bei jedem Schlag und eine schrittweise Reduzierung des Handicaps<br \/>\nPackungseinheit:<br \/>\n15 B\u00e4lle (5 x 3 St\u00fcck) in einer Box<br \/>\n10 x 15 x 3 B\u00e4lle im Umkarton<br \/>\nAusgezeichnetes Preis-Leistungs-Verh\u00e4ltnis<br \/>\nFarbe: white<\/p>\n","protected":false},"excerpt":{"rendered":"<p>Spalding Distance Golfb\u00e4lle, white Produktbeschreibung zu Spalding Distance Golfb\u00e4lle, white: Genau wie die gezielte Auswahl des Schl\u00e4gersets m\u00fcssen Sie auch den Ball so w\u00e4hlen, dass er optimal zu Ihrer Spielweise passt. Der Distance von Spalding, erleichtert Golfer\/-innen, die mit niedrigen Schwunggeschwindigkeiten spielen, ihre Performance weiter zu optimieren. Nat\u00fcrlich eignet sich der Ball auch f\u00fcr mittlere [&hellip;]<\/p>\n","protected":false},"featured_media":2833,"comment_status":"open","ping_status":"closed","template":"","meta":{"ocean_post_layout":"","ocean_both_sidebars_style":"","ocean_both_sidebars_content_width":0,"ocean_both_sidebars_sidebars_width":0,"ocean_sidebar":"0","ocean_second_sidebar":"0","ocean_disable_margins":"enable","ocean_add_body_class":"","ocean_shortcode_before_top_bar":"","ocean_shortcode_after_top_bar":"","ocean_shortcode_before_header":"","ocean_shortcode_after_header":"","ocean_has_shortcode":"","ocean_shortcode_after_title":"","ocean_shortcode_before_footer_widgets":"","ocean_shortcode_after_footer_widgets":"","ocean_shortcode_before_footer_bottom":"","ocean_shortcode_after_footer_bottom":"","ocean_display_top_bar":"default","ocean_display_header":"default","ocean_header_style":"","ocean_center_header_left_menu":"0","ocean_custom_header_template":"0","ocean_custom_logo":0,"ocean_custom_retina_logo":0,"ocean_custom_logo_max_width":0,"ocean_custom_logo_tablet_max_width":0,"ocean_custom_logo_mobile_max_width":0,"ocean_custom_logo_max_height":0,"ocean_custom_logo_tablet_max_height":0,"ocean_custom_logo_mobile_max_height":0,"ocean_header_custom_menu":"0","ocean_menu_typo_font_family":"0","ocean_menu_typo_font_subset":"","ocean_menu_typo_font_size":0,"ocean_menu_typo_font_size_tablet":0,"ocean_menu_typo_font_size_mobile":0,"ocean_menu_typo_font_size_unit":"px","ocean_menu_typo_font_weight":"","ocean_menu_typo_font_weight_tablet":"","ocean_menu_typo_font_weight_mobile":"","ocean_menu_typo_transform":"","ocean_menu_typo_transform_tablet":"","ocean_menu_typo_transform_mobile":"","ocean_menu_typo_line_height":0,"ocean_menu_typo_line_height_tablet":0,"ocean_menu_typo_line_height_mobile":0,"ocean_menu_typo_line_height_unit":"","ocean_menu_typo_spacing":0,"ocean_menu_typo_spacing_tablet":0,"ocean_menu_typo_spacing_mobile":0,"ocean_menu_typo_spacing_unit":"","ocean_menu_link_color":"","ocean_menu_link_color_hover":"","ocean_menu_link_color_active":"","ocean_menu_link_background":"","ocean_menu_link_hover_background":"","ocean_menu_link_active_background":"","ocean_menu_social_links_bg":"","ocean_menu_social_hover_links_bg":"","ocean_menu_social_links_color":"","ocean_menu_social_hover_links_color":"","ocean_disable_title":"default","ocean_disable_heading":"default","ocean_post_title":"","ocean_post_subheading":"","ocean_post_title_style":"","ocean_post_title_background_color":"","ocean_post_title_background":0,"ocean_post_title_bg_image_position":"","ocean_post_title_bg_image_attachment":"","ocean_post_title_bg_image_repeat":"","ocean_post_title_bg_image_size":"","ocean_post_title_height":0,"ocean_post_title_bg_overlay":0.5,"ocean_post_title_bg_overlay_color":"","ocean_disable_breadcrumbs":"default","ocean_breadcrumbs_color":"","ocean_breadcrumbs_separator_color":"","ocean_breadcrumbs_links_color":"","ocean_breadcrumbs_links_hover_color":"","ocean_display_footer_widgets":"default","ocean_display_footer_bottom":"default","ocean_custom_footer_template":"0","omw_enable_modal_window":"enable","osh_disable_topbar_sticky":"default","osh_disable_header_sticky":"default","osh_sticky_header_style":"default","osh_sticky_header_effect":"","osh_custom_sticky_logo":0,"osh_custom_retina_sticky_logo":0,"osh_custom_sticky_logo_height":0,"osh_background_color":"","osh_links_color":"","osh_links_hover_color":"","osh_links_active_color":"","osh_links_bg_color":"","osh_links_hover_bg_color":"","osh_links_active_bg_color":"","osh_menu_social_links_color":"","osh_menu_social_hover_links_color":""},"product_brand":[],"product_cat":[70,460],"product_tag":[459,376,454,474,456],"class_list":{"0":"post-2590","1":"product","2":"type-product","3":"status-publish","4":"has-post-thumbnail","6":"product_cat-golfartikel-golfprodukte","7":"product_cat-golfbaelle","8":"product_tag-distance","9":"product_tag-golfbaelle","10":"product_tag-spalding","11":"product_tag-spalding-golfbaelle","12":"product_tag-white","13":"tm-has-options","15":"entry","16":"has-media","18":"first","19":"instock","20":"sale","21":"taxable","22":"shipping-taxable","23":"purchasable","24":"product-type-simple","25":"col","26":"span_1_of_3","27":"owp-content-center","28":"owp-thumbs-layout-horizontal","29":"owp-btn-normal","30":"owp-tabs-layout-horizontal","31":"circle-sale"},"_links":{"self":[{"href":"https:\/\/www.exclusive-golf-trolleys.de\/shop\/wp-json\/wp\/v2\/product\/2590","targetHints":{"allow":["GET"]}}],"collection":[{"href":"https:\/\/www.exclusive-golf-trolleys.de\/shop\/wp-json\/wp\/v2\/product"}],"about":[{"href":"https:\/\/www.exclusive-golf-trolleys.de\/shop\/wp-json\/wp\/v2\/types\/product"}],"replies":[{"embeddable":true,"href":"https:\/\/www.exclusive-golf-trolleys.de\/shop\/wp-json\/wp\/v2\/comments?post=2590"}],"wp:featuredmedia":[{"embeddable":true,"href":"https:\/\/www.exclusive-golf-trolleys.de\/shop\/wp-json\/wp\/v2\/media\/2833"}],"wp:attachment":[{"href":"https:\/\/www.exclusive-golf-trolleys.de\/shop\/wp-json\/wp\/v2\/media?parent=2590"}],"wp:term":[{"taxonomy":"product_brand","embeddable":true,"href":"https:\/\/www.exclusive-golf-trolleys.de\/shop\/wp-json\/wp\/v2\/product_brand?post=2590"},{"taxonomy":"product_cat","embeddable":true,"href":"https:\/\/www.exclusive-golf-trolleys.de\/shop\/wp-json\/wp\/v2\/product_cat?post=2590"},{"taxonomy":"product_tag","embeddable":true,"href":"https:\/\/www.exclusive-golf-trolleys.de\/shop\/wp-json\/wp\/v2\/product_tag?post=2590"}],"curies":[{"name":"wp","href":"https:\/\/api.w.org\/{rel}","templated":true}]}}