{"id":2584,"date":"2022-10-07T11:08:21","date_gmt":"2022-10-07T09:08:21","guid":{"rendered":"https:\/\/www.exclusive-golf-trolleys.de\/shop\/?post_type=product&#038;p=2584"},"modified":"2023-10-07T23:11:01","modified_gmt":"2023-10-07T21:11:01","slug":"spalding-feel-golfbaelle-white","status":"publish","type":"product","link":"https:\/\/www.exclusive-golf-trolleys.de\/shop\/produkt\/spalding-feel-golfbaelle-white\/","title":{"rendered":"Spalding Feel Golfb\u00e4lle, white"},"content":{"rendered":"<p><strong>Spalding Feel Golfb\u00e4lle, white<\/strong><\/p>\n<p>Produktbeschreibung zu &#8222;Spalding Feel Golfb\u00e4lle, white&#8220;<\/p>\n<p>Golfer\/-innen, denen ein weiches Schlaggef\u00fchl wichtig ist, treffen mit dem Feel die optimale Wahl! Trotz seines einzigartigen Feelings b\u00fc\u00dft der Ball nichts an Speed,<br \/>\nPr\u00e4zision, konsistenter Flugbahn und au\u00dfergew\u00f6hnlicher Distanz ein.<\/p>\n<p>Das Markenlabel Spalding h\u00e4lt f\u00fcr Golfer\/-innen, die mit unterschiedlichen Schwunggeschwindigkeiten spielen, eine umfangreiche Auswahl an B\u00e4llen bereit.<br \/>\nDer Feel, in der Farbstellung white, erleichtert Spielern\/-innen mit niedrigen Schwunggeschwindigkeiten ein leistungsoptimiertes Spiel, bietet aber auch<br \/>\nf\u00fcr h\u00f6here Schwunggeschwindigkeiten eine grandiose Spielbarkeit.<br \/>\nEr hat dieselbe 2-teilige Konstruktion und niedrige 85-Kompression wie der Control von Spalding.<br \/>\nDamit profitieren Sie von einem einzigartigen Schlaggef\u00fchl bei jedem Schlag. Da das 352-Dimple-Design den Luftwiderstand reduziert, verbessert es den Ballstart<br \/>\nund f\u00fchrt zu einem rasanten, fehlerverzeihenden, stabilen Ballflug. Das Ergebnis sind durchaus beeindruckende Schlagweiten.<br \/>\nAuch das weiche Dupont-Lithium-Surlyn-Cover tr\u00e4gt zur sensationellen Spielbarkeit des Feel bei.<br \/>\nEs garantiert h\u00f6chste Schlagkontrolle und erm\u00f6glicht h\u00f6here Abschl\u00e4ge.<br \/>\nDer Golfer\/-die Golferin kann sich damit auf eine leistungsstarke Runde freuen!<\/p>\n<p>Die wichtigsten Features im \u00dcberblick:<\/p>\n<p>Komfortabel spielbarer Golfball, perfekt f\u00fcr Golfer\/-innen, die ihre B\u00e4lle mit niedriger Schwunggeschwindigkeit schlagen, aber auch geeignet f\u00fcr mittlere<br \/>\nund h\u00f6here Schwunggeschwindigkeiten.<br \/>\nDer Spalding Feel Golfball verf\u00fcgt \u00fcber die gleiche zweiteilige Konstruktion und niedrige Kompression wie der Soft und bietet ein einzigartiges Gef\u00fchl f\u00fcr jeden Schl\u00e4ger<br \/>\nHigh Feel Ball mit 2-teiligem Design:<br \/>\nKern mit sehr geringer Kompression von 50 &#8211; Erzeugt ein ganz weiches Schlaggef\u00fchl<br \/>\nErm\u00f6glicht, dass Golfer\/-innen mit geringen Schwunggeschwindigkeiten maximale Distanzen erzielen und ihr Spielniveau damit verbessern<br \/>\nEbenso perfekt geeignet f\u00fcr Golfer\/-innen mit mittleren und h\u00f6heren Schwunggeschwindigkeiten<br \/>\n352-Dimple-Design:<br \/>\nReduziert den Luftwiderstand<br \/>\nVerbessert den Ballstart<br \/>\nErzeugt einen fehlerverzeihenden, stabilen Ballflug<br \/>\nBef\u00e4higt den Golfer\/die Golferin, extreme Schlagweiten zu erzielen<br \/>\nWeiches Dupont-Lithium-Surlyn-Cover:<br \/>\nSofte Abdeckung<br \/>\nBietet eine herausragende Schlagkontrolle bei jedem Schlag<br \/>\nF\u00fchrt zu h\u00f6heren Abschl\u00e4gen und extremen Weiten<br \/>\nMaximale Abriebfestigkeit, daher sehr lange haltbar<\/p>\n<p>Packungseinheit:<br \/>\n15 B\u00e4lle (5 x 3 St\u00fcck) in einer Box<br \/>\n10 x 15 St\u00fcck im Umkarton<br \/>\nAusgezeichnetes Preis-Leistungs-Verh\u00e4ltnis<br \/>\nFarbe: white<\/p>\n","protected":false},"excerpt":{"rendered":"<p>Spalding Feel Golfb\u00e4lle, white Produktbeschreibung zu &#8222;Spalding Feel Golfb\u00e4lle, white&#8220; Golfer\/-innen, denen ein weiches Schlaggef\u00fchl wichtig ist, treffen mit dem Feel die optimale Wahl! Trotz seines einzigartigen Feelings b\u00fc\u00dft der Ball nichts an Speed, Pr\u00e4zision, konsistenter Flugbahn und au\u00dfergew\u00f6hnlicher Distanz ein. Das Markenlabel Spalding h\u00e4lt f\u00fcr Golfer\/-innen, die mit unterschiedlichen Schwunggeschwindigkeiten spielen, eine umfangreiche Auswahl [&hellip;]<\/p>\n","protected":false},"featured_media":2834,"comment_status":"open","ping_status":"closed","template":"","meta":{"ocean_post_layout":"","ocean_both_sidebars_style":"","ocean_both_sidebars_content_width":0,"ocean_both_sidebars_sidebars_width":0,"ocean_sidebar":"0","ocean_second_sidebar":"0","ocean_disable_margins":"enable","ocean_add_body_class":"","ocean_shortcode_before_top_bar":"","ocean_shortcode_after_top_bar":"","ocean_shortcode_before_header":"","ocean_shortcode_after_header":"","ocean_has_shortcode":"","ocean_shortcode_after_title":"","ocean_shortcode_before_footer_widgets":"","ocean_shortcode_after_footer_widgets":"","ocean_shortcode_before_footer_bottom":"","ocean_shortcode_after_footer_bottom":"","ocean_display_top_bar":"default","ocean_display_header":"default","ocean_header_style":"","ocean_center_header_left_menu":"0","ocean_custom_header_template":"0","ocean_custom_logo":0,"ocean_custom_retina_logo":0,"ocean_custom_logo_max_width":0,"ocean_custom_logo_tablet_max_width":0,"ocean_custom_logo_mobile_max_width":0,"ocean_custom_logo_max_height":0,"ocean_custom_logo_tablet_max_height":0,"ocean_custom_logo_mobile_max_height":0,"ocean_header_custom_menu":"0","ocean_menu_typo_font_family":"0","ocean_menu_typo_font_subset":"","ocean_menu_typo_font_size":0,"ocean_menu_typo_font_size_tablet":0,"ocean_menu_typo_font_size_mobile":0,"ocean_menu_typo_font_size_unit":"px","ocean_menu_typo_font_weight":"","ocean_menu_typo_font_weight_tablet":"","ocean_menu_typo_font_weight_mobile":"","ocean_menu_typo_transform":"","ocean_menu_typo_transform_tablet":"","ocean_menu_typo_transform_mobile":"","ocean_menu_typo_line_height":0,"ocean_menu_typo_line_height_tablet":0,"ocean_menu_typo_line_height_mobile":0,"ocean_menu_typo_line_height_unit":"","ocean_menu_typo_spacing":0,"ocean_menu_typo_spacing_tablet":0,"ocean_menu_typo_spacing_mobile":0,"ocean_menu_typo_spacing_unit":"","ocean_menu_link_color":"","ocean_menu_link_color_hover":"","ocean_menu_link_color_active":"","ocean_menu_link_background":"","ocean_menu_link_hover_background":"","ocean_menu_link_active_background":"","ocean_menu_social_links_bg":"","ocean_menu_social_hover_links_bg":"","ocean_menu_social_links_color":"","ocean_menu_social_hover_links_color":"","ocean_disable_title":"default","ocean_disable_heading":"default","ocean_post_title":"","ocean_post_subheading":"","ocean_post_title_style":"","ocean_post_title_background_color":"","ocean_post_title_background":0,"ocean_post_title_bg_image_position":"","ocean_post_title_bg_image_attachment":"","ocean_post_title_bg_image_repeat":"","ocean_post_title_bg_image_size":"","ocean_post_title_height":0,"ocean_post_title_bg_overlay":0.5,"ocean_post_title_bg_overlay_color":"","ocean_disable_breadcrumbs":"default","ocean_breadcrumbs_color":"","ocean_breadcrumbs_separator_color":"","ocean_breadcrumbs_links_color":"","ocean_breadcrumbs_links_hover_color":"","ocean_display_footer_widgets":"default","ocean_display_footer_bottom":"default","ocean_custom_footer_template":"0","omw_enable_modal_window":"enable","osh_disable_topbar_sticky":"default","osh_disable_header_sticky":"default","osh_sticky_header_style":"default","osh_sticky_header_effect":"","osh_custom_sticky_logo":0,"osh_custom_retina_sticky_logo":0,"osh_custom_sticky_logo_height":0,"osh_background_color":"","osh_links_color":"","osh_links_hover_color":"","osh_links_active_color":"","osh_links_bg_color":"","osh_links_hover_bg_color":"","osh_links_active_bg_color":"","osh_menu_social_links_color":"","osh_menu_social_hover_links_color":""},"product_brand":[],"product_cat":[70,460],"product_tag":[455,376,454,474,456],"class_list":{"0":"post-2584","1":"product","2":"type-product","3":"status-publish","4":"has-post-thumbnail","6":"product_cat-golfartikel-golfprodukte","7":"product_cat-golfbaelle","8":"product_tag-feel","9":"product_tag-golfbaelle","10":"product_tag-spalding","11":"product_tag-spalding-golfbaelle","12":"product_tag-white","13":"tm-has-options","15":"entry","16":"has-media","18":"first","19":"instock","20":"sale","21":"taxable","22":"shipping-taxable","23":"purchasable","24":"product-type-simple","25":"col","26":"span_1_of_3","27":"owp-content-center","28":"owp-thumbs-layout-horizontal","29":"owp-btn-normal","30":"owp-tabs-layout-horizontal","31":"circle-sale"},"_links":{"self":[{"href":"https:\/\/www.exclusive-golf-trolleys.de\/shop\/wp-json\/wp\/v2\/product\/2584","targetHints":{"allow":["GET"]}}],"collection":[{"href":"https:\/\/www.exclusive-golf-trolleys.de\/shop\/wp-json\/wp\/v2\/product"}],"about":[{"href":"https:\/\/www.exclusive-golf-trolleys.de\/shop\/wp-json\/wp\/v2\/types\/product"}],"replies":[{"embeddable":true,"href":"https:\/\/www.exclusive-golf-trolleys.de\/shop\/wp-json\/wp\/v2\/comments?post=2584"}],"wp:featuredmedia":[{"embeddable":true,"href":"https:\/\/www.exclusive-golf-trolleys.de\/shop\/wp-json\/wp\/v2\/media\/2834"}],"wp:attachment":[{"href":"https:\/\/www.exclusive-golf-trolleys.de\/shop\/wp-json\/wp\/v2\/media?parent=2584"}],"wp:term":[{"taxonomy":"product_brand","embeddable":true,"href":"https:\/\/www.exclusive-golf-trolleys.de\/shop\/wp-json\/wp\/v2\/product_brand?post=2584"},{"taxonomy":"product_cat","embeddable":true,"href":"https:\/\/www.exclusive-golf-trolleys.de\/shop\/wp-json\/wp\/v2\/product_cat?post=2584"},{"taxonomy":"product_tag","embeddable":true,"href":"https:\/\/www.exclusive-golf-trolleys.de\/shop\/wp-json\/wp\/v2\/product_tag?post=2584"}],"curies":[{"name":"wp","href":"https:\/\/api.w.org\/{rel}","templated":true}]}}