{"id":2445,"date":"2022-09-09T18:29:45","date_gmt":"2022-09-09T16:29:45","guid":{"rendered":"https:\/\/www.exclusive-golf-trolleys.de\/shop\/?post_type=product&#038;p=2445"},"modified":"2025-07-16T14:54:35","modified_gmt":"2025-07-16T12:54:35","slug":"jucad-golfschirm-mit-ohne-teleskop-und-schirmstift-140-cm","status":"publish","type":"product","link":"https:\/\/www.exclusive-golf-trolleys.de\/shop\/produkt\/jucad-golfschirm-mit-ohne-teleskop-und-schirmstift-140-cm\/","title":{"rendered":"JuCad Golfschirm mit\/ohne Teleskop und Schirmstift 140 cm"},"content":{"rendered":"<p><strong>JuCad Golfschirm mit oder ohne Teleskopverl\u00e4ngerung (+15 cm)<\/strong><br \/>\nMit dem JuCad typischen Metallstift zur sicheren Anbringung an ihren JuCad oder JuStar.<br \/>\nLieferung erfolgt in ihrer Wunschfarbe mit aufsteckbarem Golfball zur Sicherung.<\/p>\n<p>Der extra leichte und gro\u00dfe JuCad Golfschirm sch\u00fctzt Sie jederzeit vor Regen oder Sonnenschein und bringt auch bei schlechtem Wetter Farbe ins Spiel.<br \/>\nAusgestattet mit Schirmstift und Windsicherung, l\u00e4sst er sich problemlos an der Griffstange Ihres JuCad \/ JuStar Golftrolleys aufstecken.<br \/>\n<strong>Eine separate Schirmhalterung wird nicht ben\u00f6tigt. <\/strong><br \/>\n140 cm im Durchmesser.<br \/>\nAuf Wunsch auch mit der praktischen Teleskop Verl\u00e4ngerung f\u00fcr bessere Sicht bei Regen (+15 cm) erh\u00e4ltlich.<br \/>\nHinweis:<br \/>\nDie Variante Silber gew\u00e4hrleistet einen 99%-igen UV-Schutz vor aggressiver Sonneneinstrahlung.<\/p>\n<p>Individualisieren Sie Ihren Schirm mit Namen, Initialen oder Firmen- und Clublogo. Der Druck ist in den Farben Schwarz, Wei\u00df, Rot, Blau und Gold<br \/>\nsowie in drei verschiedenen Schriftarten m\u00f6glich.<br \/>\nDie Druckfl\u00e4che variiert, je nach Modell.<br \/>\nLegen Sie den Schirm Ihrer Wahl in den Warenkorb und w\u00e4hlen Sie ganz einfach Ihre Wunschpersonalisierung.<\/p>\n","protected":false},"excerpt":{"rendered":"<p><strong>Bitte geben sie die gew\u00fcnschten Details an<\/strong><\/p>\n","protected":false},"featured_media":1812,"comment_status":"open","ping_status":"closed","template":"","meta":{"ocean_post_layout":"","ocean_both_sidebars_style":"","ocean_both_sidebars_content_width":0,"ocean_both_sidebars_sidebars_width":0,"ocean_sidebar":"0","ocean_second_sidebar":"0","ocean_disable_margins":"enable","ocean_add_body_class":"","ocean_shortcode_before_top_bar":"","ocean_shortcode_after_top_bar":"","ocean_shortcode_before_header":"","ocean_shortcode_after_header":"","ocean_has_shortcode":"","ocean_shortcode_after_title":"","ocean_shortcode_before_footer_widgets":"","ocean_shortcode_after_footer_widgets":"","ocean_shortcode_before_footer_bottom":"","ocean_shortcode_after_footer_bottom":"","ocean_display_top_bar":"default","ocean_display_header":"default","ocean_header_style":"","ocean_center_header_left_menu":"0","ocean_custom_header_template":"0","ocean_custom_logo":0,"ocean_custom_retina_logo":0,"ocean_custom_logo_max_width":0,"ocean_custom_logo_tablet_max_width":0,"ocean_custom_logo_mobile_max_width":0,"ocean_custom_logo_max_height":0,"ocean_custom_logo_tablet_max_height":0,"ocean_custom_logo_mobile_max_height":0,"ocean_header_custom_menu":"0","ocean_menu_typo_font_family":"0","ocean_menu_typo_font_subset":"","ocean_menu_typo_font_size":0,"ocean_menu_typo_font_size_tablet":0,"ocean_menu_typo_font_size_mobile":0,"ocean_menu_typo_font_size_unit":"px","ocean_menu_typo_font_weight":"","ocean_menu_typo_font_weight_tablet":"","ocean_menu_typo_font_weight_mobile":"","ocean_menu_typo_transform":"","ocean_menu_typo_transform_tablet":"","ocean_menu_typo_transform_mobile":"","ocean_menu_typo_line_height":0,"ocean_menu_typo_line_height_tablet":0,"ocean_menu_typo_line_height_mobile":0,"ocean_menu_typo_line_height_unit":"","ocean_menu_typo_spacing":0,"ocean_menu_typo_spacing_tablet":0,"ocean_menu_typo_spacing_mobile":0,"ocean_menu_typo_spacing_unit":"","ocean_menu_link_color":"","ocean_menu_link_color_hover":"","ocean_menu_link_color_active":"","ocean_menu_link_background":"","ocean_menu_link_hover_background":"","ocean_menu_link_active_background":"","ocean_menu_social_links_bg":"","ocean_menu_social_hover_links_bg":"","ocean_menu_social_links_color":"","ocean_menu_social_hover_links_color":"","ocean_disable_title":"default","ocean_disable_heading":"default","ocean_post_title":"","ocean_post_subheading":"","ocean_post_title_style":"","ocean_post_title_background_color":"","ocean_post_title_background":0,"ocean_post_title_bg_image_position":"","ocean_post_title_bg_image_attachment":"","ocean_post_title_bg_image_repeat":"","ocean_post_title_bg_image_size":"","ocean_post_title_height":0,"ocean_post_title_bg_overlay":0.5,"ocean_post_title_bg_overlay_color":"","ocean_disable_breadcrumbs":"default","ocean_breadcrumbs_color":"","ocean_breadcrumbs_separator_color":"","ocean_breadcrumbs_links_color":"","ocean_breadcrumbs_links_hover_color":"","ocean_display_footer_widgets":"default","ocean_display_footer_bottom":"default","ocean_custom_footer_template":"0","omw_enable_modal_window":"enable","osh_disable_topbar_sticky":"default","osh_disable_header_sticky":"default","osh_sticky_header_style":"default","osh_sticky_header_effect":"","osh_custom_sticky_logo":0,"osh_custom_retina_sticky_logo":0,"osh_custom_sticky_logo_height":0,"osh_background_color":"","osh_links_color":"","osh_links_hover_color":"","osh_links_active_color":"","osh_links_bg_color":"","osh_links_hover_bg_color":"","osh_links_active_bg_color":"","osh_menu_social_links_color":"","osh_menu_social_hover_links_color":""},"product_brand":[1034],"product_cat":[15,44,58,63],"product_tag":[118,426,427,106,215,207,98,78,97,93,100,211,83,208,412,85,212,102,425,82],"class_list":{"0":"post-2445","1":"product","2":"type-product","3":"status-publish","4":"has-post-thumbnail","6":"product_brand-jucad","7":"product_cat-zubehoer","8":"product_cat-golftrolleys","9":"product_cat-jucad","10":"product_cat-justar","11":"product_tag-beige","12":"product_tag-camouflage-grau","13":"product_tag-camouflage-gruen","14":"product_tag-gelb","15":"product_tag-gelb-weiss","16":"product_tag-golfschirm","17":"product_tag-gt","18":"product_tag-jucad","19":"product_tag-orange","20":"product_tag-pink","21":"product_tag-racing","22":"product_tag-regenschirm","23":"product_tag-rot","24":"product_tag-schirm","25":"product_tag-schwarz-weiss","26":"product_tag-silber","27":"product_tag-sonnenschirm","28":"product_tag-usa","29":"product_tag-uv-protection","30":"product_tag-weiss","31":"tm-has-options","33":"entry","34":"has-media","36":"first","37":"instock","38":"sale","39":"taxable","40":"shipping-taxable","41":"purchasable","42":"product-type-simple","43":"col","44":"span_1_of_3","45":"owp-content-center","46":"owp-thumbs-layout-horizontal","47":"owp-btn-normal","48":"owp-tabs-layout-horizontal","49":"circle-sale"},"_links":{"self":[{"href":"https:\/\/www.exclusive-golf-trolleys.de\/shop\/wp-json\/wp\/v2\/product\/2445","targetHints":{"allow":["GET"]}}],"collection":[{"href":"https:\/\/www.exclusive-golf-trolleys.de\/shop\/wp-json\/wp\/v2\/product"}],"about":[{"href":"https:\/\/www.exclusive-golf-trolleys.de\/shop\/wp-json\/wp\/v2\/types\/product"}],"replies":[{"embeddable":true,"href":"https:\/\/www.exclusive-golf-trolleys.de\/shop\/wp-json\/wp\/v2\/comments?post=2445"}],"wp:featuredmedia":[{"embeddable":true,"href":"https:\/\/www.exclusive-golf-trolleys.de\/shop\/wp-json\/wp\/v2\/media\/1812"}],"wp:attachment":[{"href":"https:\/\/www.exclusive-golf-trolleys.de\/shop\/wp-json\/wp\/v2\/media?parent=2445"}],"wp:term":[{"taxonomy":"product_brand","embeddable":true,"href":"https:\/\/www.exclusive-golf-trolleys.de\/shop\/wp-json\/wp\/v2\/product_brand?post=2445"},{"taxonomy":"product_cat","embeddable":true,"href":"https:\/\/www.exclusive-golf-trolleys.de\/shop\/wp-json\/wp\/v2\/product_cat?post=2445"},{"taxonomy":"product_tag","embeddable":true,"href":"https:\/\/www.exclusive-golf-trolleys.de\/shop\/wp-json\/wp\/v2\/product_tag?post=2445"}],"curies":[{"name":"wp","href":"https:\/\/api.w.org\/{rel}","templated":true}]}}