{"id":2386,"date":"2022-08-13T17:56:02","date_gmt":"2022-08-13T15:56:02","guid":{"rendered":"https:\/\/www.exclusive-golf-trolleys.de\/shop\/?post_type=product&#038;p=2386"},"modified":"2026-04-06T12:14:05","modified_gmt":"2026-04-06T10:14:05","slug":"justar-silver-golftrolley-set-incl-golfbag-manager-aquata-2","status":"publish","type":"product","link":"https:\/\/www.exclusive-golf-trolleys.de\/shop\/produkt\/justar-silver-golftrolley-set-incl-golfbag-manager-aquata-2\/","title":{"rendered":"JuStar SILVER Golftrolley Set incl. Golfbag &#8222;Manager Aquata&#8220;"},"content":{"rendered":"<p><strong>JuStar Silver E- Golftrolley Set incl. Golfbag &#8222;Manager Aquata&#8220; in Schwarz-Wei\u00df-Rot + JuCad Schirm<\/strong><\/p>\n<p>Der JuStar Silver Golftrolley im Set bietet ein unschlagbares Preis-Leistungs-Verh\u00e4ltnis. Elegant und praktisch, mit einem Leichtbaurahmen aus einer Aluminiumlegierung mit Silbermetallic oder Wahlweise in Titanmatt lackierter Oberfl\u00e4che. Der Hochfeste Werkstoff aus rostfreie Aluminium, sehr leichtes Material, extrem stabil und garantiert eine lange Lebensdauer. Dieser moderne JuStar E- Golftrolley ist mit zwei in die Achse integrierten leisen Antriebsmotoren und einem Lithium-Hochleistungsakku, mit einer Reichweite bis zu 45 Loch, ausgestattet. Mit wenigen Handgriffen ist der JuStar E-Golftrolley zum komfortablen Packma\u00df zerlegt. Die stufenlose Geschwindigkeitseinstellung mittels ergonomischem Gasgriff sowie die h\u00f6henverstellbare Griffstange und die optional erh\u00e4ltliche Fernsteuerung erm\u00f6glichen ein angenehmes und entspanntes Spiel.<br \/>\nDer JuStar Silver bietet ein Zusammenspiel aus Eleganz, Robustheit und Funktionalit\u00e4t &#8211; zu einem sensationellen Preis.<\/p>\n<p>Wahlweise erh\u00e4ltlich in vielen Felgen- u. Reifenfarbkombinationen ohne Mehrpreis.<\/p>\n<p><strong>Details zu unserem JuStar Silver E-Trolley Set Angebot:<br \/>\nDas abgebildete JuCad Golfbag &#8222;Manager Aquata&#8220; + JuCad Schirm sind im Setpreis bereits enthalten.<\/strong><\/p>\n<ul>\n<li>Leichtbaurahmen aus Aluminiumlegierung, Silbermetallic lackiert<\/li>\n<li>2 dynamische Hightech-Antriebseinheiten<\/li>\n<li>Einfache Gasgriffbedienung<\/li>\n<li>H\u00f6henverstellbare Griffstange<\/li>\n<li>Elektronische Bergbremse<\/li>\n<li>Freilauffunktion<\/li>\n<li>Automatischer Vorlauf 10-20-30 Meter<\/li>\n<li>Schnell zerlegbar, Packma\u00df 65x60x15 cm<\/li>\n<li>Sichere Bagbefestigung, 2 feststehende Bagb\u00fcgel<\/li>\n<li>Keine Gewichtsbegrenzung<\/li>\n<li>Schirmhalterung f\u00fcr JuStar\/JuCad Schirme im Griffst\u00fcck, Schirme in vielen Farbvarianten verf\u00fcgbar<\/li>\n<li>Lithium-Hochleistungsakku bis zu 45 Loch mit kleinem Schnellladeger\u00e4t &#8211; getestet, gepr\u00fcft und nach UN-Transporttest BU-202100303-B1 zertifiziert<\/li>\n<li>Akku wird nicht sichtbar im Golfbag untergebracht<\/li>\n<li>Gewicht Rahmen und R\u00e4der 6,5 kg<\/li>\n<p><strong><\/p>\n<li>Im Setpreis bereits enthaltenes Zubeh\u00f6r im Wert von 617 Euro\n<li><\/strong>\n<li>JuStar Griffschutz 2-tlg. In Schwarz bereits werksseitig montiert<\/li>\n<li>JuStar Scorekartenhalter wahlweise in Schwarz, Wei\u00df oder Rot bereits montiert<\/li>\n<li>JuCad Golfbag &#8222;Manager Aquata&#8220; in Schwarz-Wei\u00df-Rot<\/li>\n<li>JuCad Regenschirm in Schwarz, Wei\u00df oder Rot<\/li>\n<li>JuStar Tragetasche f\u00fcr den Golftrolley in Schwarz<\/li>\n<p><\/strong>\n \t<\/ul>\n","protected":false},"excerpt":{"rendered":"<p>JuStar Silver E- Golftrolley Set incl. Golfbag &#8222;Manager Aquata&#8220; in Schwarz-Wei\u00df-Rot + JuCad Schirm Der JuStar Silver Golftrolley im Set bietet ein unschlagbares Preis-Leistungs-Verh\u00e4ltnis. Elegant und praktisch, mit einem Leichtbaurahmen aus einer Aluminiumlegierung mit Silbermetallic oder Wahlweise in Titanmatt lackierter Oberfl\u00e4che. Der Hochfeste Werkstoff aus rostfreie Aluminium, sehr leichtes Material, extrem stabil und garantiert eine [&hellip;]<\/p>\n","protected":false},"featured_media":2376,"comment_status":"open","ping_status":"closed","template":"","meta":{"ocean_post_layout":"","ocean_both_sidebars_style":"","ocean_both_sidebars_content_width":0,"ocean_both_sidebars_sidebars_width":0,"ocean_sidebar":"0","ocean_second_sidebar":"0","ocean_disable_margins":"enable","ocean_add_body_class":"","ocean_shortcode_before_top_bar":"","ocean_shortcode_after_top_bar":"","ocean_shortcode_before_header":"","ocean_shortcode_after_header":"","ocean_has_shortcode":"","ocean_shortcode_after_title":"","ocean_shortcode_before_footer_widgets":"","ocean_shortcode_after_footer_widgets":"","ocean_shortcode_before_footer_bottom":"","ocean_shortcode_after_footer_bottom":"","ocean_display_top_bar":"default","ocean_display_header":"default","ocean_header_style":"","ocean_center_header_left_menu":"0","ocean_custom_header_template":"0","ocean_custom_logo":0,"ocean_custom_retina_logo":0,"ocean_custom_logo_max_width":0,"ocean_custom_logo_tablet_max_width":0,"ocean_custom_logo_mobile_max_width":0,"ocean_custom_logo_max_height":0,"ocean_custom_logo_tablet_max_height":0,"ocean_custom_logo_mobile_max_height":0,"ocean_header_custom_menu":"0","ocean_menu_typo_font_family":"0","ocean_menu_typo_font_subset":"","ocean_menu_typo_font_size":0,"ocean_menu_typo_font_size_tablet":0,"ocean_menu_typo_font_size_mobile":0,"ocean_menu_typo_font_size_unit":"px","ocean_menu_typo_font_weight":"","ocean_menu_typo_font_weight_tablet":"","ocean_menu_typo_font_weight_mobile":"","ocean_menu_typo_transform":"","ocean_menu_typo_transform_tablet":"","ocean_menu_typo_transform_mobile":"","ocean_menu_typo_line_height":0,"ocean_menu_typo_line_height_tablet":0,"ocean_menu_typo_line_height_mobile":0,"ocean_menu_typo_line_height_unit":"","ocean_menu_typo_spacing":0,"ocean_menu_typo_spacing_tablet":0,"ocean_menu_typo_spacing_mobile":0,"ocean_menu_typo_spacing_unit":"","ocean_menu_link_color":"","ocean_menu_link_color_hover":"","ocean_menu_link_color_active":"","ocean_menu_link_background":"","ocean_menu_link_hover_background":"","ocean_menu_link_active_background":"","ocean_menu_social_links_bg":"","ocean_menu_social_hover_links_bg":"","ocean_menu_social_links_color":"","ocean_menu_social_hover_links_color":"","ocean_disable_title":"default","ocean_disable_heading":"default","ocean_post_title":"","ocean_post_subheading":"","ocean_post_title_style":"","ocean_post_title_background_color":"","ocean_post_title_background":0,"ocean_post_title_bg_image_position":"","ocean_post_title_bg_image_attachment":"","ocean_post_title_bg_image_repeat":"","ocean_post_title_bg_image_size":"","ocean_post_title_height":0,"ocean_post_title_bg_overlay":0.5,"ocean_post_title_bg_overlay_color":"","ocean_disable_breadcrumbs":"default","ocean_breadcrumbs_color":"","ocean_breadcrumbs_separator_color":"","ocean_breadcrumbs_links_color":"","ocean_breadcrumbs_links_hover_color":"","ocean_display_footer_widgets":"default","ocean_display_footer_bottom":"default","ocean_custom_footer_template":"0","omw_enable_modal_window":"enable","osh_disable_topbar_sticky":"default","osh_disable_header_sticky":"default","osh_sticky_header_style":"default","osh_sticky_header_effect":"","osh_custom_sticky_logo":0,"osh_custom_retina_sticky_logo":0,"osh_custom_sticky_logo_height":0,"osh_background_color":"","osh_links_color":"","osh_links_hover_color":"","osh_links_active_color":"","osh_links_bg_color":"","osh_links_hover_bg_color":"","osh_links_active_bg_color":"","osh_menu_social_links_color":"","osh_menu_social_hover_links_color":""},"product_brand":[1007],"product_cat":[390,44,45,63,66],"product_tag":[74,52,254,78,73,112,208,255,253,82],"class_list":{"0":"post-2386","1":"product","2":"type-product","3":"status-publish","4":"has-post-thumbnail","6":"product_brand-justar","7":"product_cat-jucad-justar-customized-goltrolleys","8":"product_cat-golftrolleys","9":"product_cat-jucad-justar-golfbags","10":"product_cat-justar","11":"product_cat-justar-aluminium-golftrolleys","12":"product_tag-aluminium","13":"product_tag-golfbag","14":"product_tag-griffschutz","15":"product_tag-jucad","16":"product_tag-justar","17":"product_tag-manager-aquata","18":"product_tag-schirm","19":"product_tag-scorekartenhalter","20":"product_tag-set","21":"product_tag-weiss","22":"tm-no-options","24":"entry","25":"has-media","27":"first","28":"instock","29":"sale","30":"taxable","31":"shipping-taxable","32":"purchasable","33":"product-type-simple","34":"col","35":"span_1_of_3","36":"owp-content-center","37":"owp-thumbs-layout-horizontal","38":"owp-btn-normal","39":"owp-tabs-layout-horizontal","40":"circle-sale"},"_links":{"self":[{"href":"https:\/\/www.exclusive-golf-trolleys.de\/shop\/wp-json\/wp\/v2\/product\/2386","targetHints":{"allow":["GET"]}}],"collection":[{"href":"https:\/\/www.exclusive-golf-trolleys.de\/shop\/wp-json\/wp\/v2\/product"}],"about":[{"href":"https:\/\/www.exclusive-golf-trolleys.de\/shop\/wp-json\/wp\/v2\/types\/product"}],"replies":[{"embeddable":true,"href":"https:\/\/www.exclusive-golf-trolleys.de\/shop\/wp-json\/wp\/v2\/comments?post=2386"}],"wp:featuredmedia":[{"embeddable":true,"href":"https:\/\/www.exclusive-golf-trolleys.de\/shop\/wp-json\/wp\/v2\/media\/2376"}],"wp:attachment":[{"href":"https:\/\/www.exclusive-golf-trolleys.de\/shop\/wp-json\/wp\/v2\/media?parent=2386"}],"wp:term":[{"taxonomy":"product_brand","embeddable":true,"href":"https:\/\/www.exclusive-golf-trolleys.de\/shop\/wp-json\/wp\/v2\/product_brand?post=2386"},{"taxonomy":"product_cat","embeddable":true,"href":"https:\/\/www.exclusive-golf-trolleys.de\/shop\/wp-json\/wp\/v2\/product_cat?post=2386"},{"taxonomy":"product_tag","embeddable":true,"href":"https:\/\/www.exclusive-golf-trolleys.de\/shop\/wp-json\/wp\/v2\/product_tag?post=2386"}],"curies":[{"name":"wp","href":"https:\/\/api.w.org\/{rel}","templated":true}]}}