{"id":2322,"date":"2022-07-08T18:10:35","date_gmt":"2022-07-08T16:10:35","guid":{"rendered":"https:\/\/www.exclusive-golf-trolleys.de\/shop\/?post_type=product&#038;p=2322"},"modified":"2026-04-14T20:08:10","modified_gmt":"2026-04-14T18:08:10","slug":"jucad-akku-safe","status":"publish","type":"product","link":"https:\/\/www.exclusive-golf-trolleys.de\/shop\/produkt\/jucad-akku-safe\/","title":{"rendered":"JuCad Akku Safe"},"content":{"rendered":"<p><strong>JuCad Akku Safe<\/strong><\/p>\n<p style=\"font-weight: 500;\">Die gepr\u00fcften und zertifizieren JuCad Powerpacks stellen im Originalzustand absolut keinerlei Gefahr dar!<\/p>\n<p style=\"font-weight: 500;\">Immer mehr Golfclubs fordern jedoch f\u00fcr das Laden von Lithium-Ionen Akkus der Elektrotrolleys feuerfeste Ladeboxen.<\/p>\n<p>Auch Akkus anderer Hersteller und Marken k\u00f6nnen im JuCad Akku Safe problemlos gelagert und geladen werden.<br \/>\nAuch f\u00fcr Fahrrad und\/oder Modellbau Akkus bestens geeignet.<\/p>\n<p>Der Akku Safe ist so konstruiert, dass das Ladekabel durch eine flammensichere \u00d6ffnung nach innen gef\u00fchrt wird.<br \/>\nIm Falle eines Akkudefekts kann der entstehende Druck im Inneren nach au\u00dfen austreten.<br \/>\nDies geschieht durch die oberen L\u00fcftungsbohrungen durch die gleichzeitig der Rauch gefiltert wird,<br \/>\nsodass keine sch\u00e4dlichen Stoffe nach au\u00dfen gelangen.<\/p>\n<p>Mit dem superleichten JuCad Akku Safe werden die Anforderungen vieler Golfclubs erf\u00fcllt und das Laden vor Ort bleibt weiterhin m\u00f6glich.<br \/>\nNat\u00fcrlich kann der Akku Safe auch zu Hause oder im Urlaub zum Einsatz kommen und nochmals mehr Sicherheit beim Laden von Lithium Akkus bieten.<\/p>\n<ul>\n<li>Auch f\u00fcr Akkus anderer Hersteller und Marken geeignet!<\/li>\n<li>Laden von Akkus bis zu einer Ladekapazit\u00e4t von 350 Wh<\/li>\n<li>Ma\u00dfe Innen B x H x T: 250 x 165 x 100 mm<\/li>\n<li>Artikel-Nr.: JAS<\/li>\n<li>Gr\u00f6\u00dfere Mengen, z. B. f\u00fcr Golfclubs bitte auf Anfrage<\/li>\n<\/ul>\n","protected":false},"excerpt":{"rendered":"<p><strong>Safety first f\u00fcr ihre Akkus!<\/strong><br \/>\nDie gepr\u00fcften und zertifizieren JuCad\/JuStar Powerpacks stellen im Originalzustand absolut keinerlei Gefahr dar!<\/p>\n","protected":false},"featured_media":2891,"comment_status":"open","ping_status":"closed","template":"","meta":{"ocean_post_layout":"","ocean_both_sidebars_style":"","ocean_both_sidebars_content_width":0,"ocean_both_sidebars_sidebars_width":0,"ocean_sidebar":"0","ocean_second_sidebar":"0","ocean_disable_margins":"enable","ocean_add_body_class":"","ocean_shortcode_before_top_bar":"","ocean_shortcode_after_top_bar":"","ocean_shortcode_before_header":"","ocean_shortcode_after_header":"","ocean_has_shortcode":"","ocean_shortcode_after_title":"","ocean_shortcode_before_footer_widgets":"","ocean_shortcode_after_footer_widgets":"","ocean_shortcode_before_footer_bottom":"","ocean_shortcode_after_footer_bottom":"","ocean_display_top_bar":"default","ocean_display_header":"default","ocean_header_style":"","ocean_center_header_left_menu":"0","ocean_custom_header_template":"0","ocean_custom_logo":0,"ocean_custom_retina_logo":0,"ocean_custom_logo_max_width":0,"ocean_custom_logo_tablet_max_width":0,"ocean_custom_logo_mobile_max_width":0,"ocean_custom_logo_max_height":0,"ocean_custom_logo_tablet_max_height":0,"ocean_custom_logo_mobile_max_height":0,"ocean_header_custom_menu":"0","ocean_menu_typo_font_family":"0","ocean_menu_typo_font_subset":"","ocean_menu_typo_font_size":0,"ocean_menu_typo_font_size_tablet":0,"ocean_menu_typo_font_size_mobile":0,"ocean_menu_typo_font_size_unit":"px","ocean_menu_typo_font_weight":"","ocean_menu_typo_font_weight_tablet":"","ocean_menu_typo_font_weight_mobile":"","ocean_menu_typo_transform":"","ocean_menu_typo_transform_tablet":"","ocean_menu_typo_transform_mobile":"","ocean_menu_typo_line_height":0,"ocean_menu_typo_line_height_tablet":0,"ocean_menu_typo_line_height_mobile":0,"ocean_menu_typo_line_height_unit":"","ocean_menu_typo_spacing":0,"ocean_menu_typo_spacing_tablet":0,"ocean_menu_typo_spacing_mobile":0,"ocean_menu_typo_spacing_unit":"","ocean_menu_link_color":"","ocean_menu_link_color_hover":"","ocean_menu_link_color_active":"","ocean_menu_link_background":"","ocean_menu_link_hover_background":"","ocean_menu_link_active_background":"","ocean_menu_social_links_bg":"","ocean_menu_social_hover_links_bg":"","ocean_menu_social_links_color":"","ocean_menu_social_hover_links_color":"","ocean_disable_title":"default","ocean_disable_heading":"default","ocean_post_title":"","ocean_post_subheading":"","ocean_post_title_style":"","ocean_post_title_background_color":"","ocean_post_title_background":0,"ocean_post_title_bg_image_position":"","ocean_post_title_bg_image_attachment":"","ocean_post_title_bg_image_repeat":"","ocean_post_title_bg_image_size":"","ocean_post_title_height":0,"ocean_post_title_bg_overlay":0.5,"ocean_post_title_bg_overlay_color":"","ocean_disable_breadcrumbs":"default","ocean_breadcrumbs_color":"","ocean_breadcrumbs_separator_color":"","ocean_breadcrumbs_links_color":"","ocean_breadcrumbs_links_hover_color":"","ocean_display_footer_widgets":"default","ocean_display_footer_bottom":"default","ocean_custom_footer_template":"0","omw_enable_modal_window":"enable","osh_disable_topbar_sticky":"default","osh_disable_header_sticky":"default","osh_sticky_header_style":"default","osh_sticky_header_effect":"","osh_custom_sticky_logo":0,"osh_custom_retina_sticky_logo":0,"osh_custom_sticky_logo_height":0,"osh_background_color":"","osh_links_color":"","osh_links_hover_color":"","osh_links_active_color":"","osh_links_bg_color":"","osh_links_hover_bg_color":"","osh_links_active_bg_color":"","osh_menu_social_links_color":"","osh_menu_social_hover_links_color":""},"product_brand":[1034],"product_cat":[15,58,63],"product_tag":[557,746,382,78,657,593,73,726],"class_list":{"0":"post-2322","1":"product","2":"type-product","3":"status-publish","4":"has-post-thumbnail","6":"product_brand-jucad","7":"product_cat-zubehoer","8":"product_cat-jucad","9":"product_cat-justar","10":"product_tag-akku-safe","11":"product_tag-akku-safe-datenblatt","12":"product_tag-akkusafe","13":"product_tag-jucad","14":"product_tag-jucad-powerpack-1-0","15":"product_tag-jucad-powerpack-2-0","16":"product_tag-justar","17":"product_tag-justar-powerpack","18":"tm-no-options","20":"entry","21":"has-media","23":"first","24":"instock","25":"sale","26":"taxable","27":"shipping-taxable","28":"purchasable","29":"product-type-simple","30":"col","31":"span_1_of_3","32":"owp-content-center","33":"owp-thumbs-layout-horizontal","34":"owp-btn-normal","35":"owp-tabs-layout-horizontal","36":"circle-sale"},"_links":{"self":[{"href":"https:\/\/www.exclusive-golf-trolleys.de\/shop\/wp-json\/wp\/v2\/product\/2322","targetHints":{"allow":["GET"]}}],"collection":[{"href":"https:\/\/www.exclusive-golf-trolleys.de\/shop\/wp-json\/wp\/v2\/product"}],"about":[{"href":"https:\/\/www.exclusive-golf-trolleys.de\/shop\/wp-json\/wp\/v2\/types\/product"}],"replies":[{"embeddable":true,"href":"https:\/\/www.exclusive-golf-trolleys.de\/shop\/wp-json\/wp\/v2\/comments?post=2322"}],"wp:featuredmedia":[{"embeddable":true,"href":"https:\/\/www.exclusive-golf-trolleys.de\/shop\/wp-json\/wp\/v2\/media\/2891"}],"wp:attachment":[{"href":"https:\/\/www.exclusive-golf-trolleys.de\/shop\/wp-json\/wp\/v2\/media?parent=2322"}],"wp:term":[{"taxonomy":"product_brand","embeddable":true,"href":"https:\/\/www.exclusive-golf-trolleys.de\/shop\/wp-json\/wp\/v2\/product_brand?post=2322"},{"taxonomy":"product_cat","embeddable":true,"href":"https:\/\/www.exclusive-golf-trolleys.de\/shop\/wp-json\/wp\/v2\/product_cat?post=2322"},{"taxonomy":"product_tag","embeddable":true,"href":"https:\/\/www.exclusive-golf-trolleys.de\/shop\/wp-json\/wp\/v2\/product_tag?post=2322"}],"curies":[{"name":"wp","href":"https:\/\/api.w.org\/{rel}","templated":true}]}}