{"id":1956,"date":"2022-06-16T11:46:10","date_gmt":"2022-06-16T09:46:10","guid":{"rendered":"https:\/\/www.exclusive-golf-trolleys.de\/shop\/?post_type=product&#038;p=1956"},"modified":"2025-11-18T17:01:05","modified_gmt":"2025-11-18T16:01:05","slug":"jucad-winter-service-check-akku-zellentausch","status":"publish","type":"product","link":"https:\/\/www.exclusive-golf-trolleys.de\/shop\/produkt\/jucad-winter-service-check-akku-zellentausch\/","title":{"rendered":"JuCad Winter Service-Check Akku Zellentausch"},"content":{"rendered":"<p><strong>JuCad Winter Service-Check Akku Zellentausch<\/strong><br \/>\nWir sind seit vielen Jahren ein Zertifizierter Service Partner von JuTec GmbH &amp; Co.KG (Hersteller von JuCad\/JuStar)<\/p>\n<p>Ihr JuCad 1.0 oder 2.0 Powerpack Akkupack h\u00e4lt keine 18 Loch mehr?<\/p>\n<p>Wir bieten Ihnen f\u00fcr Ihr JuCad Powerpack einen Hochleistungs-Lithium Akkuwechsel mit neuester Technik, unter Ber\u00fccksichtigung aller Sicherheitsaspekte.<br \/>\nDie Akkuzellen und die Steuerungselektronik f\u00fcr ihren JuCad befinden sich im JuCad Powerpack und sind samt dem Ladeger\u00e4t aufeinander abgestimmt,<br \/>\ngetestet und wurden nach dem UN-Transporttest BU-202100303-B1 zertifiziert.<br \/>\nDamit erf\u00fcllt das JuCad Powerpack alle rechtlichen Transport- und Sicherheitsbestimmungen.<br \/>\nWir verwenden ausschlie\u00dflich original JuCad Akkuzellen (2 Jahre JuStar Garantie auf den Zellentausch)<\/p>\n<p><strong>Im JuCad Winter Service-Check Akku Zellentausch zum Aktionspreis enthalten:<\/strong><\/p>\n<ul>\n<li>Neues Geh\u00e4use f\u00fcr die original JuCad Akkuzellen<br \/>\n<strong>Garantie auf ihren JuCad bleibt erhalten (JuCad Garantie entf\u00e4llt beim Einbau\/Verwendung von Fremdzellen)<\/strong><\/li>\n<li>Neue JuCad Lederschutzh\u00fclle (Lederimitat)<\/li>\n<li>Neue original JuCad Akkuzellen -getestet und nach dem &#8211; nach UN-Transporttest BU-202100303-B1 zertifiziert.<\/li>\n<li>Die Arbeitszeit \/ Arbeitsmaterial f\u00fcr den Umbau ihres Powerpacks<\/li>\n<li>Erhalt aller gesetzlich vorgeschriebenen Sicherheits- und Transportbestimmungen<\/li>\n<\/ul>\n<p><strong>Die Akku-Steuerung und das dazugeh\u00f6rige Anschlusskabel von ihrem JuCad Powerpack bleiben erhalten.<br \/>\nDas bestehende Ladeger\u00e4t ist selbstverst\u00e4ndlich weiterhin kompatibel.<\/strong><\/p>\n<p><strong>F\u00fcr den Austausch der Akkuzellen ben\u00f6tigen wir ihr komplettes JuCad Powerpack bei uns vor Ort im Service. <\/strong><br \/>\nWenn sie bei uns im Shop vorbeikommen k\u00f6nnen, erledigen wir den Zellentausch sofort, keine Wartezeit n\u00f6tig, bitte vorab einen Termin vereinbaren.<\/p>\n<p>Bitte senden Sie uns ihr JuCad Powerpack direkt zu, legen sie bitte ihre vollst\u00e4ndige R\u00fccksendeadresse der Sendung bei.<strong><br \/>\n<\/strong><\/p>\n<p><strong>Die R\u00fccklieferzeit f\u00fcr ihr JuCad Akkupack betr\u00e4gt aktuell innerhalb D ca. 1-2 Werktage + GLS Paketlaufzeit (EU Ausland 3-4 Werktage)<br \/>\nKosten f\u00fcr die R\u00fccksendung per GLS Paket an ihre Adresse:<br \/>\nDeutschland kostenfrei<br \/>\nEU L\u00e4nder 15,00<br \/>\nSchweiz auf Anfrage (Zollbestimmungen)<br \/>\nSpanien Balearen 59,00 Euro<br \/>\nSpanien Kanaren 75 Euro<\/strong><\/p>\n","protected":false},"excerpt":{"rendered":"<p><strong>JuCad Akku Zellentausch<br \/>\n<\/strong>Aktionspreis ab 15.10.2025 &#8211; 31.03.2026<\/p>\n<p>Bei Besuch in unserem Shop k\u00f6nnen sie auf den Wechsel gerne warten.<\/p>\n<p>Wir sind ein seit vielen Jahren ein Zertifizierter Service Partner der<br \/>\nJuTec GmbH &amp; Co.KG (Hersteller von JuCad\/JuStar)<br \/>\n2 Jahre Garantie auf die original JuStar\/JuCad Akkuzellen<\/p>\n","protected":false},"featured_media":6629,"comment_status":"open","ping_status":"closed","template":"","meta":{"ocean_post_layout":"","ocean_both_sidebars_style":"","ocean_both_sidebars_content_width":0,"ocean_both_sidebars_sidebars_width":0,"ocean_sidebar":"0","ocean_second_sidebar":"0","ocean_disable_margins":"enable","ocean_add_body_class":"","ocean_shortcode_before_top_bar":"","ocean_shortcode_after_top_bar":"","ocean_shortcode_before_header":"","ocean_shortcode_after_header":"","ocean_has_shortcode":"","ocean_shortcode_after_title":"","ocean_shortcode_before_footer_widgets":"","ocean_shortcode_after_footer_widgets":"","ocean_shortcode_before_footer_bottom":"","ocean_shortcode_after_footer_bottom":"","ocean_display_top_bar":"default","ocean_display_header":"default","ocean_header_style":"","ocean_center_header_left_menu":"0","ocean_custom_header_template":"0","ocean_custom_logo":0,"ocean_custom_retina_logo":0,"ocean_custom_logo_max_width":0,"ocean_custom_logo_tablet_max_width":0,"ocean_custom_logo_mobile_max_width":0,"ocean_custom_logo_max_height":0,"ocean_custom_logo_tablet_max_height":0,"ocean_custom_logo_mobile_max_height":0,"ocean_header_custom_menu":"0","ocean_menu_typo_font_family":"0","ocean_menu_typo_font_subset":"","ocean_menu_typo_font_size":0,"ocean_menu_typo_font_size_tablet":0,"ocean_menu_typo_font_size_mobile":0,"ocean_menu_typo_font_size_unit":"px","ocean_menu_typo_font_weight":"","ocean_menu_typo_font_weight_tablet":"","ocean_menu_typo_font_weight_mobile":"","ocean_menu_typo_transform":"","ocean_menu_typo_transform_tablet":"","ocean_menu_typo_transform_mobile":"","ocean_menu_typo_line_height":0,"ocean_menu_typo_line_height_tablet":0,"ocean_menu_typo_line_height_mobile":0,"ocean_menu_typo_line_height_unit":"","ocean_menu_typo_spacing":0,"ocean_menu_typo_spacing_tablet":0,"ocean_menu_typo_spacing_mobile":0,"ocean_menu_typo_spacing_unit":"","ocean_menu_link_color":"","ocean_menu_link_color_hover":"","ocean_menu_link_color_active":"","ocean_menu_link_background":"","ocean_menu_link_hover_background":"","ocean_menu_link_active_background":"","ocean_menu_social_links_bg":"","ocean_menu_social_hover_links_bg":"","ocean_menu_social_links_color":"","ocean_menu_social_hover_links_color":"","ocean_disable_title":"default","ocean_disable_heading":"default","ocean_post_title":"","ocean_post_subheading":"","ocean_post_title_style":"","ocean_post_title_background_color":"","ocean_post_title_background":0,"ocean_post_title_bg_image_position":"","ocean_post_title_bg_image_attachment":"","ocean_post_title_bg_image_repeat":"","ocean_post_title_bg_image_size":"","ocean_post_title_height":0,"ocean_post_title_bg_overlay":0.5,"ocean_post_title_bg_overlay_color":"","ocean_disable_breadcrumbs":"default","ocean_breadcrumbs_color":"","ocean_breadcrumbs_separator_color":"","ocean_breadcrumbs_links_color":"","ocean_breadcrumbs_links_hover_color":"","ocean_display_footer_widgets":"default","ocean_display_footer_bottom":"default","ocean_custom_footer_template":"0","omw_enable_modal_window":"enable","osh_disable_topbar_sticky":"default","osh_disable_header_sticky":"default","osh_sticky_header_style":"default","osh_sticky_header_effect":"","osh_custom_sticky_logo":0,"osh_custom_retina_sticky_logo":0,"osh_custom_sticky_logo_height":0,"osh_background_color":"","osh_links_color":"","osh_links_hover_color":"","osh_links_active_color":"","osh_links_bg_color":"","osh_links_hover_bg_color":"","osh_links_active_bg_color":"","osh_menu_social_links_color":"","osh_menu_social_hover_links_color":""},"product_brand":[1034],"product_cat":[15,44,58,461],"product_tag":[288,759,758,472,760,1077],"class_list":{"0":"post-1956","1":"product","2":"type-product","3":"status-publish","4":"has-post-thumbnail","6":"product_brand-jucad","7":"product_cat-zubehoer","8":"product_cat-golftrolleys","9":"product_cat-jucad","10":"product_cat-jucad-service","11":"product_tag-akkuwechsel","12":"product_tag-jucad-akku-service","13":"product_tag-jucad-akku-zellentausch","14":"product_tag-jucad-akkuwechsel","15":"product_tag-jucad-service-akku","16":"product_tag-jucad-winter-service-check-akku-zellentausch","17":"tm-no-options","19":"entry","20":"has-media","22":"first","23":"instock","24":"sale","25":"taxable","26":"shipping-taxable","27":"purchasable","28":"product-type-simple","29":"col","30":"span_1_of_3","31":"owp-content-center","32":"owp-thumbs-layout-horizontal","33":"owp-btn-normal","34":"owp-tabs-layout-horizontal","35":"circle-sale"},"_links":{"self":[{"href":"https:\/\/www.exclusive-golf-trolleys.de\/shop\/wp-json\/wp\/v2\/product\/1956","targetHints":{"allow":["GET"]}}],"collection":[{"href":"https:\/\/www.exclusive-golf-trolleys.de\/shop\/wp-json\/wp\/v2\/product"}],"about":[{"href":"https:\/\/www.exclusive-golf-trolleys.de\/shop\/wp-json\/wp\/v2\/types\/product"}],"replies":[{"embeddable":true,"href":"https:\/\/www.exclusive-golf-trolleys.de\/shop\/wp-json\/wp\/v2\/comments?post=1956"}],"wp:featuredmedia":[{"embeddable":true,"href":"https:\/\/www.exclusive-golf-trolleys.de\/shop\/wp-json\/wp\/v2\/media\/6629"}],"wp:attachment":[{"href":"https:\/\/www.exclusive-golf-trolleys.de\/shop\/wp-json\/wp\/v2\/media?parent=1956"}],"wp:term":[{"taxonomy":"product_brand","embeddable":true,"href":"https:\/\/www.exclusive-golf-trolleys.de\/shop\/wp-json\/wp\/v2\/product_brand?post=1956"},{"taxonomy":"product_cat","embeddable":true,"href":"https:\/\/www.exclusive-golf-trolleys.de\/shop\/wp-json\/wp\/v2\/product_cat?post=1956"},{"taxonomy":"product_tag","embeddable":true,"href":"https:\/\/www.exclusive-golf-trolleys.de\/shop\/wp-json\/wp\/v2\/product_tag?post=1956"}],"curies":[{"name":"wp","href":"https:\/\/api.w.org\/{rel}","templated":true}]}}