{"id":1596,"date":"2022-06-06T12:10:30","date_gmt":"2022-06-06T10:10:30","guid":{"rendered":"https:\/\/www.exclusive-golf-trolleys.de\/shop\/?post_type=product&#038;p=1596"},"modified":"2026-04-06T12:23:28","modified_gmt":"2026-04-06T10:23:28","slug":"jucad-golfbag-fly-2in1-schwarz","status":"publish","type":"product","link":"https:\/\/www.exclusive-golf-trolleys.de\/shop\/produkt\/jucad-golfbag-fly-2in1-schwarz\/","title":{"rendered":"JuCad Golfbag Fly 2in1 Schwarz"},"content":{"rendered":"<h2>JuCad Golfbag Fly 2in1 &#8211; Tragen und Fahren<\/h2>\n<p>Das JuCad Tragebag Fly punktet sowohl optisch als auch funktional auf ganzer Linie.<br \/>\nDank seiner intelligenten Konstruktion mit einem praktischen Klappmechanismus kann das Bag trotz seiner Standf\u00fc\u00dfe ebenfalls als Cartbag genutzt werden.<br \/>\nDas Golfbag Fly verf\u00fcgt \u00fcber einen im Top integrierten Tragegriff und eine praktische Bageinteilung mit Klicksystem, das mit einer soften Gummierung<br \/>\nim Duplexverfahren die Schl\u00e4ger sicher fixiert und f\u00fcr eine klare \u00dcbersicht sorgt.<br \/>\nEin extra breiter und gepolsterter Schultergurt sorgt f\u00fcr einen angenehmen und r\u00fcckenschonenden Transport.<br \/>\nDas sportlich-dynamische Design dieses Golfbags wird Sie ebenso \u00fcberzeugen wie sein superleichtes Gewicht von nur 3,2 kg.<br \/>\nMit gro\u00dfz\u00fcgigen Au\u00dfentaschen, zwei K\u00fchlf\u00e4chern f\u00fcr Getr\u00e4nke und einem Wertsachenfach bietet das Bag ausreichend Platz f\u00fcr Ihr Golfequipment.<\/p>\n<p><strong>Details:<\/strong><\/p>\n<ul>\n<li>10-fache durchgehende Schl\u00e4gereinteilung, 9 inch<\/li>\n<li>Integriertes Oversize-Putterfach<\/li>\n<li>Klicksystem zur Fixierung von bis zu 14 Schl\u00e4gersch\u00e4ften<\/li>\n<li>Hybrid Function Cart- und Tragebag<\/li>\n<li>Self-closing System f\u00fcr Standf\u00fc\u00dfe<\/li>\n<li>Rutschfeste Gummif\u00fc\u00dfe<\/li>\n<li>Ger\u00e4umige Au\u00dfentaschen mit integriertem Auslass f\u00fcr Powerpack-Kabel<\/li>\n<li>Wertsachenfach mit Softauskleidung<\/li>\n<li>2 isolierte K\u00fchlf\u00e4cher f\u00fcr Getr\u00e4nke<\/li>\n<li>Handschuh- und Handtuchhalter<\/li>\n<li>Stiftfach<\/li>\n<li>Praktischer Tragegriff oben<\/li>\n<li>Inkl. Schl\u00e4gerhaube und gepolstertem Rucksack-Doppeltragegurt<\/li>\n<li>Gewicht: 3,2 kg<\/li>\n<li>F\u00fcr leichte Golfausr\u00fcstung bis 10 kg<\/li>\n<li>Personalisierbar mit ihrem Namen, ihren Initialen oder Firmen- Clublogo<\/li>\n<\/ul>\n","protected":false},"excerpt":{"rendered":"<h2>Farbe: Schwarz-Titan<\/h2>\n","protected":false},"featured_media":1597,"comment_status":"open","ping_status":"closed","template":"","meta":{"ocean_post_layout":"","ocean_both_sidebars_style":"","ocean_both_sidebars_content_width":0,"ocean_both_sidebars_sidebars_width":0,"ocean_sidebar":"0","ocean_second_sidebar":"0","ocean_disable_margins":"enable","ocean_add_body_class":"","ocean_shortcode_before_top_bar":"","ocean_shortcode_after_top_bar":"","ocean_shortcode_before_header":"","ocean_shortcode_after_header":"","ocean_has_shortcode":"","ocean_shortcode_after_title":"","ocean_shortcode_before_footer_widgets":"","ocean_shortcode_after_footer_widgets":"","ocean_shortcode_before_footer_bottom":"","ocean_shortcode_after_footer_bottom":"","ocean_display_top_bar":"default","ocean_display_header":"default","ocean_header_style":"","ocean_center_header_left_menu":"0","ocean_custom_header_template":"0","ocean_custom_logo":0,"ocean_custom_retina_logo":0,"ocean_custom_logo_max_width":0,"ocean_custom_logo_tablet_max_width":0,"ocean_custom_logo_mobile_max_width":0,"ocean_custom_logo_max_height":0,"ocean_custom_logo_tablet_max_height":0,"ocean_custom_logo_mobile_max_height":0,"ocean_header_custom_menu":"0","ocean_menu_typo_font_family":"0","ocean_menu_typo_font_subset":"","ocean_menu_typo_font_size":0,"ocean_menu_typo_font_size_tablet":0,"ocean_menu_typo_font_size_mobile":0,"ocean_menu_typo_font_size_unit":"px","ocean_menu_typo_font_weight":"","ocean_menu_typo_font_weight_tablet":"","ocean_menu_typo_font_weight_mobile":"","ocean_menu_typo_transform":"","ocean_menu_typo_transform_tablet":"","ocean_menu_typo_transform_mobile":"","ocean_menu_typo_line_height":0,"ocean_menu_typo_line_height_tablet":0,"ocean_menu_typo_line_height_mobile":0,"ocean_menu_typo_line_height_unit":"","ocean_menu_typo_spacing":0,"ocean_menu_typo_spacing_tablet":0,"ocean_menu_typo_spacing_mobile":0,"ocean_menu_typo_spacing_unit":"","ocean_menu_link_color":"","ocean_menu_link_color_hover":"","ocean_menu_link_color_active":"","ocean_menu_link_background":"","ocean_menu_link_hover_background":"","ocean_menu_link_active_background":"","ocean_menu_social_links_bg":"","ocean_menu_social_hover_links_bg":"","ocean_menu_social_links_color":"","ocean_menu_social_hover_links_color":"","ocean_disable_title":"default","ocean_disable_heading":"default","ocean_post_title":"","ocean_post_subheading":"","ocean_post_title_style":"","ocean_post_title_background_color":"","ocean_post_title_background":0,"ocean_post_title_bg_image_position":"","ocean_post_title_bg_image_attachment":"","ocean_post_title_bg_image_repeat":"","ocean_post_title_bg_image_size":"","ocean_post_title_height":0,"ocean_post_title_bg_overlay":0.5,"ocean_post_title_bg_overlay_color":"","ocean_disable_breadcrumbs":"default","ocean_breadcrumbs_color":"","ocean_breadcrumbs_separator_color":"","ocean_breadcrumbs_links_color":"","ocean_breadcrumbs_links_hover_color":"","ocean_display_footer_widgets":"default","ocean_display_footer_bottom":"default","ocean_custom_footer_template":"0","omw_enable_modal_window":"enable","osh_disable_topbar_sticky":"default","osh_disable_header_sticky":"default","osh_sticky_header_style":"default","osh_sticky_header_effect":"","osh_custom_sticky_logo":0,"osh_custom_retina_sticky_logo":0,"osh_custom_sticky_logo_height":0,"osh_background_color":"","osh_links_color":"","osh_links_hover_color":"","osh_links_active_color":"","osh_links_bg_color":"","osh_links_hover_bg_color":"","osh_links_active_bg_color":"","osh_menu_social_links_color":"","osh_menu_social_hover_links_color":""},"product_brand":[1034],"product_cat":[45,58],"product_tag":[129,124,52,78,84,188],"class_list":{"0":"post-1596","1":"product","2":"type-product","3":"status-publish","4":"has-post-thumbnail","6":"product_brand-jucad","7":"product_cat-jucad-justar-golfbags","8":"product_cat-jucad","9":"product_tag-2in1","10":"product_tag-fly","11":"product_tag-golfbag","12":"product_tag-jucad","13":"product_tag-schwarz","14":"product_tag-tragebag","15":"tm-no-options","17":"entry","18":"has-media","20":"first","21":"instock","22":"sale","23":"taxable","24":"shipping-taxable","25":"purchasable","26":"product-type-simple","27":"col","28":"span_1_of_3","29":"owp-content-center","30":"owp-thumbs-layout-horizontal","31":"owp-btn-normal","32":"owp-tabs-layout-horizontal","33":"circle-sale"},"_links":{"self":[{"href":"https:\/\/www.exclusive-golf-trolleys.de\/shop\/wp-json\/wp\/v2\/product\/1596","targetHints":{"allow":["GET"]}}],"collection":[{"href":"https:\/\/www.exclusive-golf-trolleys.de\/shop\/wp-json\/wp\/v2\/product"}],"about":[{"href":"https:\/\/www.exclusive-golf-trolleys.de\/shop\/wp-json\/wp\/v2\/types\/product"}],"replies":[{"embeddable":true,"href":"https:\/\/www.exclusive-golf-trolleys.de\/shop\/wp-json\/wp\/v2\/comments?post=1596"}],"wp:featuredmedia":[{"embeddable":true,"href":"https:\/\/www.exclusive-golf-trolleys.de\/shop\/wp-json\/wp\/v2\/media\/1597"}],"wp:attachment":[{"href":"https:\/\/www.exclusive-golf-trolleys.de\/shop\/wp-json\/wp\/v2\/media?parent=1596"}],"wp:term":[{"taxonomy":"product_brand","embeddable":true,"href":"https:\/\/www.exclusive-golf-trolleys.de\/shop\/wp-json\/wp\/v2\/product_brand?post=1596"},{"taxonomy":"product_cat","embeddable":true,"href":"https:\/\/www.exclusive-golf-trolleys.de\/shop\/wp-json\/wp\/v2\/product_cat?post=1596"},{"taxonomy":"product_tag","embeddable":true,"href":"https:\/\/www.exclusive-golf-trolleys.de\/shop\/wp-json\/wp\/v2\/product_tag?post=1596"}],"curies":[{"name":"wp","href":"https:\/\/api.w.org\/{rel}","templated":true}]}}