{"id":1396,"date":"2022-06-05T16:27:00","date_gmt":"2022-06-05T14:27:00","guid":{"rendered":"https:\/\/www.exclusive-golf-trolleys.de\/shop\/?post_type=product&#038;p=1396"},"modified":"2026-04-12T11:16:46","modified_gmt":"2026-04-12T09:16:46","slug":"jucad-golfbag-manager-aquata-schwarz-rot-weiss","status":"publish","type":"product","link":"https:\/\/www.exclusive-golf-trolleys.de\/shop\/produkt\/jucad-golfbag-manager-aquata-schwarz-rot-weiss\/","title":{"rendered":"JuCad Golfbag Manager Aquata Schwarz-Rot-Wei\u00df"},"content":{"rendered":"<h2>JuCad Golfbag Manager Aquata, ein wasserabweisendes Golfbag mit praktischem Organizer Aufsatz<\/h2>\n<p>Das JuCad Manager Aquata ist der perfekte Begleiter in allen Wetterlagen.<br \/>\nWasserabweisendes Material und high-end Rei\u00dfverschl\u00fcsse sorgen f\u00fcr ein angenehmes Spiel, der aufgesetzte, praktische Organizer fixiert jeden Schl\u00e4ger<br \/>\nund sorgt somit f\u00fcr ruhige und stressfreie Runden ohne st\u00f6rendes &#8222;geklapper&#8220; ihrer Golfschl\u00e4ger.<br \/>\nWeitere praktische Extras des wasserabweisenden Golfbags sind die vielen kleinen und gro\u00dfen Au\u00dfentaschen f\u00fcr Ihr Golfequipment \u2013<br \/>\neine Tasche ist zu 100% wasserdicht f\u00fcr sensible Wertgegenst\u00e4nde &#8211;<br \/>\nein Extrafach f\u00fcr das JuCad Powerpack, ein gro\u00dfz\u00fcgiges K\u00fchlfach, eine extra Oversize-Putterr\u00f6hre sowie verschiedene Tragegriffe,<br \/>\ndie in jeder Situation helfen das Golfbag gut zu handeln.<br \/>\nDas JuCad Bag Manager Aquata ist ein absoluter Allesk\u00f6nner.<\/p>\n<p><strong>Details:<\/strong><\/p>\n<ul>\n<li>Wasserabweisendes Gewebe mit high-end Rei\u00dfverschl\u00fcssen<\/li>\n<li>14-fache Schl\u00e4gereinteilung mit fester Schl\u00e4gerkopfhalterung f\u00fcr ihre Eisen, 9 inch<\/li>\n<li>Externe Oversize-Putterr\u00f6hre<\/li>\n<li>Sehr ger\u00e4umige, leicht zug\u00e4ngliche Au\u00dfentaschen<\/li>\n<li>100% wasserdichtes Wertfach mit Softauskleidung<\/li>\n<li>Extra Schirmhalterung<\/li>\n<li>Gro\u00dfes isoliertes K\u00fchlfach f\u00fcr ihre Getr\u00e4nke<\/li>\n<li>Handschuh- und Handtuchhalter<\/li>\n<li>Bequeme Tragegriffe<\/li>\n<li>Extrafach f\u00fcr das JuCad Powerpack<\/li>\n<li>Inklusive Schl\u00e4gerhaube und Tragegurt<\/li>\n<li>Gewicht nur 3,5 kg<\/li>\n<li>Personalisierbar mit ihrem Namen, ihren Initialen oder dem Club- \/ Firmenlogo<\/li>\n<\/ul>\n","protected":false},"excerpt":{"rendered":"<h2>Farbe: Schwarz-Rot-Wei\u00df<\/h2>\n","protected":false},"featured_media":1391,"comment_status":"open","ping_status":"closed","template":"","meta":{"ocean_post_layout":"","ocean_both_sidebars_style":"","ocean_both_sidebars_content_width":0,"ocean_both_sidebars_sidebars_width":0,"ocean_sidebar":"0","ocean_second_sidebar":"0","ocean_disable_margins":"enable","ocean_add_body_class":"","ocean_shortcode_before_top_bar":"","ocean_shortcode_after_top_bar":"","ocean_shortcode_before_header":"","ocean_shortcode_after_header":"","ocean_has_shortcode":"","ocean_shortcode_after_title":"","ocean_shortcode_before_footer_widgets":"","ocean_shortcode_after_footer_widgets":"","ocean_shortcode_before_footer_bottom":"","ocean_shortcode_after_footer_bottom":"","ocean_display_top_bar":"default","ocean_display_header":"default","ocean_header_style":"","ocean_center_header_left_menu":"0","ocean_custom_header_template":"0","ocean_custom_logo":0,"ocean_custom_retina_logo":0,"ocean_custom_logo_max_width":0,"ocean_custom_logo_tablet_max_width":0,"ocean_custom_logo_mobile_max_width":0,"ocean_custom_logo_max_height":0,"ocean_custom_logo_tablet_max_height":0,"ocean_custom_logo_mobile_max_height":0,"ocean_header_custom_menu":"0","ocean_menu_typo_font_family":"0","ocean_menu_typo_font_subset":"","ocean_menu_typo_font_size":0,"ocean_menu_typo_font_size_tablet":0,"ocean_menu_typo_font_size_mobile":0,"ocean_menu_typo_font_size_unit":"px","ocean_menu_typo_font_weight":"","ocean_menu_typo_font_weight_tablet":"","ocean_menu_typo_font_weight_mobile":"","ocean_menu_typo_transform":"","ocean_menu_typo_transform_tablet":"","ocean_menu_typo_transform_mobile":"","ocean_menu_typo_line_height":0,"ocean_menu_typo_line_height_tablet":0,"ocean_menu_typo_line_height_mobile":0,"ocean_menu_typo_line_height_unit":"","ocean_menu_typo_spacing":0,"ocean_menu_typo_spacing_tablet":0,"ocean_menu_typo_spacing_mobile":0,"ocean_menu_typo_spacing_unit":"","ocean_menu_link_color":"","ocean_menu_link_color_hover":"","ocean_menu_link_color_active":"","ocean_menu_link_background":"","ocean_menu_link_hover_background":"","ocean_menu_link_active_background":"","ocean_menu_social_links_bg":"","ocean_menu_social_hover_links_bg":"","ocean_menu_social_links_color":"","ocean_menu_social_hover_links_color":"","ocean_disable_title":"default","ocean_disable_heading":"default","ocean_post_title":"","ocean_post_subheading":"","ocean_post_title_style":"","ocean_post_title_background_color":"","ocean_post_title_background":0,"ocean_post_title_bg_image_position":"","ocean_post_title_bg_image_attachment":"","ocean_post_title_bg_image_repeat":"","ocean_post_title_bg_image_size":"","ocean_post_title_height":0,"ocean_post_title_bg_overlay":0.5,"ocean_post_title_bg_overlay_color":"","ocean_disable_breadcrumbs":"default","ocean_breadcrumbs_color":"","ocean_breadcrumbs_separator_color":"","ocean_breadcrumbs_links_color":"","ocean_breadcrumbs_links_hover_color":"","ocean_display_footer_widgets":"default","ocean_display_footer_bottom":"default","ocean_custom_footer_template":"0","omw_enable_modal_window":"enable","osh_disable_topbar_sticky":"default","osh_disable_header_sticky":"default","osh_sticky_header_style":"default","osh_sticky_header_effect":"","osh_custom_sticky_logo":0,"osh_custom_retina_sticky_logo":0,"osh_custom_sticky_logo_height":0,"osh_background_color":"","osh_links_color":"","osh_links_hover_color":"","osh_links_active_color":"","osh_links_bg_color":"","osh_links_hover_bg_color":"","osh_links_active_bg_color":"","osh_menu_social_links_color":"","osh_menu_social_hover_links_color":""},"product_brand":[1034],"product_cat":[45,58],"product_tag":[52,78,112,409],"class_list":{"0":"post-1396","1":"product","2":"type-product","3":"status-publish","4":"has-post-thumbnail","6":"product_brand-jucad","7":"product_cat-jucad-justar-golfbags","8":"product_cat-jucad","9":"product_tag-golfbag","10":"product_tag-jucad","11":"product_tag-manager-aquata","12":"product_tag-schwarz-rot-weiss","13":"tm-no-options","15":"entry","16":"has-media","18":"first","19":"instock","20":"sale","21":"taxable","22":"shipping-taxable","23":"purchasable","24":"product-type-simple","25":"col","26":"span_1_of_3","27":"owp-content-center","28":"owp-thumbs-layout-horizontal","29":"owp-btn-normal","30":"owp-tabs-layout-horizontal","31":"circle-sale"},"_links":{"self":[{"href":"https:\/\/www.exclusive-golf-trolleys.de\/shop\/wp-json\/wp\/v2\/product\/1396","targetHints":{"allow":["GET"]}}],"collection":[{"href":"https:\/\/www.exclusive-golf-trolleys.de\/shop\/wp-json\/wp\/v2\/product"}],"about":[{"href":"https:\/\/www.exclusive-golf-trolleys.de\/shop\/wp-json\/wp\/v2\/types\/product"}],"replies":[{"embeddable":true,"href":"https:\/\/www.exclusive-golf-trolleys.de\/shop\/wp-json\/wp\/v2\/comments?post=1396"}],"wp:featuredmedia":[{"embeddable":true,"href":"https:\/\/www.exclusive-golf-trolleys.de\/shop\/wp-json\/wp\/v2\/media\/1391"}],"wp:attachment":[{"href":"https:\/\/www.exclusive-golf-trolleys.de\/shop\/wp-json\/wp\/v2\/media?parent=1396"}],"wp:term":[{"taxonomy":"product_brand","embeddable":true,"href":"https:\/\/www.exclusive-golf-trolleys.de\/shop\/wp-json\/wp\/v2\/product_brand?post=1396"},{"taxonomy":"product_cat","embeddable":true,"href":"https:\/\/www.exclusive-golf-trolleys.de\/shop\/wp-json\/wp\/v2\/product_cat?post=1396"},{"taxonomy":"product_tag","embeddable":true,"href":"https:\/\/www.exclusive-golf-trolleys.de\/shop\/wp-json\/wp\/v2\/product_tag?post=1396"}],"curies":[{"name":"wp","href":"https:\/\/api.w.org\/{rel}","templated":true}]}}