{"id":1344,"date":"2022-06-04T16:58:40","date_gmt":"2022-06-04T14:58:40","guid":{"rendered":"https:\/\/www.exclusive-golf-trolleys.de\/shop\/?post_type=product&#038;p=1344"},"modified":"2025-07-12T12:22:15","modified_gmt":"2025-07-12T10:22:15","slug":"jucad-golfbag-2in1-waterproof-3","status":"publish","type":"product","link":"https:\/\/www.exclusive-golf-trolleys.de\/shop\/produkt\/jucad-golfbag-2in1-waterproof-3\/","title":{"rendered":"JuCad Golfbag 2in1 Waterproof"},"content":{"rendered":"<h2>Das wasserdichte JuCad Golfbag 2in1 Waterproof ist Cart- und Tragebag in Einem<\/h2>\n<p>Das Hybrid Modell JuCad Golfbag 2in1 Waterproof ist in Sachen Funktionalit\u00e4t ein absoluter Allesk\u00f6nner!<br \/>\nDas sportliche Federgewicht mit nur 2,4 Kilo ist aus 100 Prozent wasserdichtem Nylon-Gewebe und wasserdichten high-end Rei\u00dfverschl\u00fcssen gefertigt,<br \/>\nwodurch Ihr Golfequipment garantiert auch bei Regenwetter im Trockenen bleibt.<br \/>\nDank seiner intelligenten Hybrid Konstruktion mit einem praktischen Klappmechanismus kann das Tragebag trotz seiner Standf\u00fc\u00dfe ebenfalls als Cartbag<br \/>\ngenutzt und gerade auf ihren Golftrolley gestellt werden!<br \/>\nZudem punktet das praktische Golfbag mit praktischen Funktionen wie einer 14-fachen durchgehenden Schl\u00e4gereinteilung, einem gro\u00dfen K\u00fchlfach f\u00fcr Getr\u00e4nke<br \/>\nund einem gro\u00dfen Fach f\u00fcr ihr JuCad Powerpack.<\/p>\n<p><strong>Details:<\/strong><\/p>\n<ul>\n<li>100 % wasserdichtes Nylon-Gewebe mit wasserdichten high-end Rei\u00dfverschl\u00fcssen<\/li>\n<li>14-fache durchgehende Schl\u00e4gereinteilung, 9 inch<\/li>\n<li>Hybrid Function Cart- und Tragebag<\/li>\n<li>Self-closing System f\u00fcr Standf\u00fc\u00dfe<\/li>\n<li>Rutschfeste Gummif\u00fc\u00dfe<\/li>\n<li>Ger\u00e4umige, leicht zug\u00e4ngliche Au\u00dfentaschen<\/li>\n<li>Wertsachenfach mit Softauskleidung<\/li>\n<li>Extra Schirmhalterung<\/li>\n<li>Gro\u00dfes isoliertes K\u00fchlfach f\u00fcr Getr\u00e4nke<\/li>\n<li>Handschuh- und Handtuchhalter<\/li>\n<li>Bequeme Tragegriffe<\/li>\n<li>Integrierter Auslass f\u00fcr Powerpack-Kabel<\/li>\n<li>Inklusive Schl\u00e4gerhaube und gepolstertem Rucksack-Doppeltragegurt<\/li>\n<li>Gewicht 2,4 kg<\/li>\n<li>F\u00fcr leichte Golfausr\u00fcstung bis 10 kg<\/li>\n<li>Personalisierbar mit ihrem Namen, ihren Initialen oder Firmen-\/Clublogo<\/li>\n<\/ul>\n","protected":false},"excerpt":{"rendered":"<h2>Farbe: Schwarz-Wei\u00df-Rot<\/h2>\n","protected":false},"featured_media":1346,"comment_status":"open","ping_status":"closed","template":"","meta":{"ocean_post_layout":"","ocean_both_sidebars_style":"","ocean_both_sidebars_content_width":0,"ocean_both_sidebars_sidebars_width":0,"ocean_sidebar":"0","ocean_second_sidebar":"0","ocean_disable_margins":"enable","ocean_add_body_class":"","ocean_shortcode_before_top_bar":"","ocean_shortcode_after_top_bar":"","ocean_shortcode_before_header":"","ocean_shortcode_after_header":"","ocean_has_shortcode":"","ocean_shortcode_after_title":"","ocean_shortcode_before_footer_widgets":"","ocean_shortcode_after_footer_widgets":"","ocean_shortcode_before_footer_bottom":"","ocean_shortcode_after_footer_bottom":"","ocean_display_top_bar":"default","ocean_display_header":"default","ocean_header_style":"","ocean_center_header_left_menu":"0","ocean_custom_header_template":"0","ocean_custom_logo":0,"ocean_custom_retina_logo":0,"ocean_custom_logo_max_width":0,"ocean_custom_logo_tablet_max_width":0,"ocean_custom_logo_mobile_max_width":0,"ocean_custom_logo_max_height":0,"ocean_custom_logo_tablet_max_height":0,"ocean_custom_logo_mobile_max_height":0,"ocean_header_custom_menu":"0","ocean_menu_typo_font_family":"0","ocean_menu_typo_font_subset":"","ocean_menu_typo_font_size":0,"ocean_menu_typo_font_size_tablet":0,"ocean_menu_typo_font_size_mobile":0,"ocean_menu_typo_font_size_unit":"px","ocean_menu_typo_font_weight":"","ocean_menu_typo_font_weight_tablet":"","ocean_menu_typo_font_weight_mobile":"","ocean_menu_typo_transform":"","ocean_menu_typo_transform_tablet":"","ocean_menu_typo_transform_mobile":"","ocean_menu_typo_line_height":0,"ocean_menu_typo_line_height_tablet":0,"ocean_menu_typo_line_height_mobile":0,"ocean_menu_typo_line_height_unit":"","ocean_menu_typo_spacing":0,"ocean_menu_typo_spacing_tablet":0,"ocean_menu_typo_spacing_mobile":0,"ocean_menu_typo_spacing_unit":"","ocean_menu_link_color":"","ocean_menu_link_color_hover":"","ocean_menu_link_color_active":"","ocean_menu_link_background":"","ocean_menu_link_hover_background":"","ocean_menu_link_active_background":"","ocean_menu_social_links_bg":"","ocean_menu_social_hover_links_bg":"","ocean_menu_social_links_color":"","ocean_menu_social_hover_links_color":"","ocean_disable_title":"default","ocean_disable_heading":"default","ocean_post_title":"","ocean_post_subheading":"","ocean_post_title_style":"","ocean_post_title_background_color":"","ocean_post_title_background":0,"ocean_post_title_bg_image_position":"","ocean_post_title_bg_image_attachment":"","ocean_post_title_bg_image_repeat":"","ocean_post_title_bg_image_size":"","ocean_post_title_height":0,"ocean_post_title_bg_overlay":0.5,"ocean_post_title_bg_overlay_color":"","ocean_disable_breadcrumbs":"default","ocean_breadcrumbs_color":"","ocean_breadcrumbs_separator_color":"","ocean_breadcrumbs_links_color":"","ocean_breadcrumbs_links_hover_color":"","ocean_display_footer_widgets":"default","ocean_display_footer_bottom":"default","ocean_custom_footer_template":"0","omw_enable_modal_window":"enable","osh_disable_topbar_sticky":"default","osh_disable_header_sticky":"default","osh_sticky_header_style":"default","osh_sticky_header_effect":"","osh_custom_sticky_logo":0,"osh_custom_retina_sticky_logo":0,"osh_custom_sticky_logo_height":0,"osh_background_color":"","osh_links_color":"","osh_links_hover_color":"","osh_links_active_color":"","osh_links_bg_color":"","osh_links_hover_bg_color":"","osh_links_active_bg_color":"","osh_menu_social_links_color":"","osh_menu_social_hover_links_color":""},"product_brand":[1034],"product_cat":[45,58],"product_tag":[129,52,78,83,84,145,109,82],"class_list":{"0":"post-1344","1":"product","2":"type-product","3":"status-publish","4":"has-post-thumbnail","6":"product_brand-jucad","7":"product_cat-jucad-justar-golfbags","8":"product_cat-jucad","9":"product_tag-2in1","10":"product_tag-golfbag","11":"product_tag-jucad","12":"product_tag-rot","13":"product_tag-schwarz","14":"product_tag-wasserdicht","15":"product_tag-waterproof","16":"product_tag-weiss","17":"tm-no-options","19":"entry","20":"has-media","22":"first","23":"instock","24":"sale","25":"taxable","26":"shipping-taxable","27":"purchasable","28":"product-type-simple","29":"col","30":"span_1_of_3","31":"owp-content-center","32":"owp-thumbs-layout-horizontal","33":"owp-btn-normal","34":"owp-tabs-layout-horizontal","35":"circle-sale"},"_links":{"self":[{"href":"https:\/\/www.exclusive-golf-trolleys.de\/shop\/wp-json\/wp\/v2\/product\/1344","targetHints":{"allow":["GET"]}}],"collection":[{"href":"https:\/\/www.exclusive-golf-trolleys.de\/shop\/wp-json\/wp\/v2\/product"}],"about":[{"href":"https:\/\/www.exclusive-golf-trolleys.de\/shop\/wp-json\/wp\/v2\/types\/product"}],"replies":[{"embeddable":true,"href":"https:\/\/www.exclusive-golf-trolleys.de\/shop\/wp-json\/wp\/v2\/comments?post=1344"}],"wp:featuredmedia":[{"embeddable":true,"href":"https:\/\/www.exclusive-golf-trolleys.de\/shop\/wp-json\/wp\/v2\/media\/1346"}],"wp:attachment":[{"href":"https:\/\/www.exclusive-golf-trolleys.de\/shop\/wp-json\/wp\/v2\/media?parent=1344"}],"wp:term":[{"taxonomy":"product_brand","embeddable":true,"href":"https:\/\/www.exclusive-golf-trolleys.de\/shop\/wp-json\/wp\/v2\/product_brand?post=1344"},{"taxonomy":"product_cat","embeddable":true,"href":"https:\/\/www.exclusive-golf-trolleys.de\/shop\/wp-json\/wp\/v2\/product_cat?post=1344"},{"taxonomy":"product_tag","embeddable":true,"href":"https:\/\/www.exclusive-golf-trolleys.de\/shop\/wp-json\/wp\/v2\/product_tag?post=1344"}],"curies":[{"name":"wp","href":"https:\/\/api.w.org\/{rel}","templated":true}]}}