{"id":1306,"date":"2022-06-04T15:51:39","date_gmt":"2022-06-04T13:51:39","guid":{"rendered":"https:\/\/www.exclusive-golf-trolleys.de\/shop\/?post_type=product&#038;p=1306"},"modified":"2026-04-12T11:44:40","modified_gmt":"2026-04-12T09:44:40","slug":"jucad-golfbag-silence-dry-weiss-gelb","status":"publish","type":"product","link":"https:\/\/www.exclusive-golf-trolleys.de\/shop\/produkt\/jucad-golfbag-silence-dry-weiss-gelb\/","title":{"rendered":"JuCad Golfbag Silence Dry Wei\u00df-Gelb"},"content":{"rendered":"<h2>JuCad Golfbag Silence Dry, wasserdichtes Golfbag mit Klicksystem<\/h2>\n<p>Das Golfbag Silence Dry \u00fcberzeugt gleich mehrfach. 100 % wasserdichtes Nylon-Gewebe und hochwertige high-end Rei\u00dfverschl\u00fcsse sorgen f\u00fcr trockenes Equipment.<br \/>\nViele praktische Funktionen erg\u00e4nzen den \u00fcblichen Komfort. Die bew\u00e4hrte Leichtbauweise sorgt f\u00fcr ein federleichtes Eigengewicht.<br \/>\nGen\u00fcgend Stauraum f\u00fcr Ihr Golfequipment bieten die sehr ger\u00e4umigen und leicht zug\u00e4nglichen Au\u00dfentaschen sowie das separate Fach f\u00fcr den JuCad Powerpack.<br \/>\nDas isolierte K\u00fchlfach f\u00fcr Flaschen, die durchgehende 14-fache Schl\u00e4gereinteilung mit fester Schl\u00e4gerkopff\u00fchrung sowie bequeme Tragegriffe, Schl\u00e4gerhaube<br \/>\nund Tragegurt garantieren Ihnen entspannte Golfrunden.<\/p>\n<p><strong>Details:<\/strong><\/p>\n<ul>\n<li>100% wasserdichtes Nylon-Gewebe mit wasserdichten high-end Rei\u00dfverschl\u00fcssen<\/li>\n<li>10-fache durchgehende Schl\u00e4gereinteilung, 9 inch<\/li>\n<li>Integriertes Oversize-Putterfach<\/li>\n<li>Klicksystem zur Fixierung von bis zu 14 Schl\u00e4gersch\u00e4ften<\/li>\n<li>Sehr ger\u00e4umige, leicht zug\u00e4ngliche Au\u00dfentaschen<\/li>\n<li>Extra Schirmhalterung<\/li>\n<li>Gro\u00dfes isoliertes K\u00fchlfach f\u00fcr Getr\u00e4nke<\/li>\n<li>Handschuh- und Handtuchhalter<\/li>\n<li>Bequeme Tragegriffe<\/li>\n<li>Extrafach f\u00fcr JuCad Powerpack<\/li>\n<li>Inkl. Schl\u00e4gerhaube und Tragegurt<\/li>\n<li>Gewicht 2,5 kg<\/li>\n<li>Personalisierbar mit ihrem Namen, ihren Initialen oder ihrem Firmen- oder Clublogo<\/li>\n<\/ul>\n","protected":false},"excerpt":{"rendered":"<h2>Farbe: Wei\u00df-Gelb<\/h2>\n<p>100% Wasserdicht<\/p>\n","protected":false},"featured_media":1304,"comment_status":"open","ping_status":"closed","template":"","meta":{"ocean_post_layout":"","ocean_both_sidebars_style":"","ocean_both_sidebars_content_width":0,"ocean_both_sidebars_sidebars_width":0,"ocean_sidebar":"0","ocean_second_sidebar":"0","ocean_disable_margins":"enable","ocean_add_body_class":"","ocean_shortcode_before_top_bar":"","ocean_shortcode_after_top_bar":"","ocean_shortcode_before_header":"","ocean_shortcode_after_header":"","ocean_has_shortcode":"","ocean_shortcode_after_title":"","ocean_shortcode_before_footer_widgets":"","ocean_shortcode_after_footer_widgets":"","ocean_shortcode_before_footer_bottom":"","ocean_shortcode_after_footer_bottom":"","ocean_display_top_bar":"default","ocean_display_header":"default","ocean_header_style":"","ocean_center_header_left_menu":"0","ocean_custom_header_template":"0","ocean_custom_logo":0,"ocean_custom_retina_logo":0,"ocean_custom_logo_max_width":0,"ocean_custom_logo_tablet_max_width":0,"ocean_custom_logo_mobile_max_width":0,"ocean_custom_logo_max_height":0,"ocean_custom_logo_tablet_max_height":0,"ocean_custom_logo_mobile_max_height":0,"ocean_header_custom_menu":"0","ocean_menu_typo_font_family":"0","ocean_menu_typo_font_subset":"","ocean_menu_typo_font_size":0,"ocean_menu_typo_font_size_tablet":0,"ocean_menu_typo_font_size_mobile":0,"ocean_menu_typo_font_size_unit":"px","ocean_menu_typo_font_weight":"","ocean_menu_typo_font_weight_tablet":"","ocean_menu_typo_font_weight_mobile":"","ocean_menu_typo_transform":"","ocean_menu_typo_transform_tablet":"","ocean_menu_typo_transform_mobile":"","ocean_menu_typo_line_height":0,"ocean_menu_typo_line_height_tablet":0,"ocean_menu_typo_line_height_mobile":0,"ocean_menu_typo_line_height_unit":"","ocean_menu_typo_spacing":0,"ocean_menu_typo_spacing_tablet":0,"ocean_menu_typo_spacing_mobile":0,"ocean_menu_typo_spacing_unit":"","ocean_menu_link_color":"","ocean_menu_link_color_hover":"","ocean_menu_link_color_active":"","ocean_menu_link_background":"","ocean_menu_link_hover_background":"","ocean_menu_link_active_background":"","ocean_menu_social_links_bg":"","ocean_menu_social_hover_links_bg":"","ocean_menu_social_links_color":"","ocean_menu_social_hover_links_color":"","ocean_disable_title":"default","ocean_disable_heading":"default","ocean_post_title":"","ocean_post_subheading":"","ocean_post_title_style":"","ocean_post_title_background_color":"","ocean_post_title_background":0,"ocean_post_title_bg_image_position":"","ocean_post_title_bg_image_attachment":"","ocean_post_title_bg_image_repeat":"","ocean_post_title_bg_image_size":"","ocean_post_title_height":0,"ocean_post_title_bg_overlay":0.5,"ocean_post_title_bg_overlay_color":"","ocean_disable_breadcrumbs":"default","ocean_breadcrumbs_color":"","ocean_breadcrumbs_separator_color":"","ocean_breadcrumbs_links_color":"","ocean_breadcrumbs_links_hover_color":"","ocean_display_footer_widgets":"default","ocean_display_footer_bottom":"default","ocean_custom_footer_template":"0","omw_enable_modal_window":"enable","osh_disable_topbar_sticky":"default","osh_disable_header_sticky":"default","osh_sticky_header_style":"default","osh_sticky_header_effect":"","osh_custom_sticky_logo":0,"osh_custom_retina_sticky_logo":0,"osh_custom_sticky_logo_height":0,"osh_background_color":"","osh_links_color":"","osh_links_hover_color":"","osh_links_active_color":"","osh_links_bg_color":"","osh_links_hover_bg_color":"","osh_links_active_bg_color":"","osh_menu_social_links_color":"","osh_menu_social_hover_links_color":""},"product_brand":[1034],"product_cat":[45,58,15],"product_tag":[106,52,78,103,82],"class_list":{"0":"post-1306","1":"product","2":"type-product","3":"status-publish","4":"has-post-thumbnail","6":"product_brand-jucad","7":"product_cat-jucad-justar-golfbags","8":"product_cat-jucad","9":"product_cat-zubehoer","10":"product_tag-gelb","11":"product_tag-golfbag","12":"product_tag-jucad","13":"product_tag-silence-dry","14":"product_tag-weiss","15":"tm-no-options","17":"entry","18":"has-media","20":"first","21":"instock","22":"sale","23":"taxable","24":"shipping-taxable","25":"purchasable","26":"product-type-simple","27":"col","28":"span_1_of_3","29":"owp-content-center","30":"owp-thumbs-layout-horizontal","31":"owp-btn-normal","32":"owp-tabs-layout-horizontal","33":"circle-sale"},"_links":{"self":[{"href":"https:\/\/www.exclusive-golf-trolleys.de\/shop\/wp-json\/wp\/v2\/product\/1306","targetHints":{"allow":["GET"]}}],"collection":[{"href":"https:\/\/www.exclusive-golf-trolleys.de\/shop\/wp-json\/wp\/v2\/product"}],"about":[{"href":"https:\/\/www.exclusive-golf-trolleys.de\/shop\/wp-json\/wp\/v2\/types\/product"}],"replies":[{"embeddable":true,"href":"https:\/\/www.exclusive-golf-trolleys.de\/shop\/wp-json\/wp\/v2\/comments?post=1306"}],"wp:featuredmedia":[{"embeddable":true,"href":"https:\/\/www.exclusive-golf-trolleys.de\/shop\/wp-json\/wp\/v2\/media\/1304"}],"wp:attachment":[{"href":"https:\/\/www.exclusive-golf-trolleys.de\/shop\/wp-json\/wp\/v2\/media?parent=1306"}],"wp:term":[{"taxonomy":"product_brand","embeddable":true,"href":"https:\/\/www.exclusive-golf-trolleys.de\/shop\/wp-json\/wp\/v2\/product_brand?post=1306"},{"taxonomy":"product_cat","embeddable":true,"href":"https:\/\/www.exclusive-golf-trolleys.de\/shop\/wp-json\/wp\/v2\/product_cat?post=1306"},{"taxonomy":"product_tag","embeddable":true,"href":"https:\/\/www.exclusive-golf-trolleys.de\/shop\/wp-json\/wp\/v2\/product_tag?post=1306"}],"curies":[{"name":"wp","href":"https:\/\/api.w.org\/{rel}","templated":true}]}}