{"id":1199,"date":"2022-06-01T16:53:28","date_gmt":"2022-06-01T14:53:28","guid":{"rendered":"https:\/\/www.exclusive-golf-trolleys.de\/shop\/?post_type=product&#038;p=1199"},"modified":"2026-04-06T12:32:12","modified_gmt":"2026-04-06T10:32:12","slug":"jucad-drive-s-2-0-golftrolley-set","status":"publish","type":"product","link":"https:\/\/www.exclusive-golf-trolleys.de\/shop\/produkt\/jucad-drive-s-2-0-golftrolley-set\/","title":{"rendered":"JuCad Drive S 2.0 Golftrolley Set"},"content":{"rendered":"<p><strong>JuCad Drive S 2.0 Golftrolley Set<\/strong><br \/>\n<strong>Sie sparen bei diesem Set Angebot \u00fcber 800 Euro<\/strong><br \/>\nAktuell nur noch 7 Set`s sofort lieferbar.<br \/>\nBj. 2023 &#8211; 6 Jahre Garantie auf Rahmenteile, 2 Jahre auf Elektronikbauteile ab Kaufdatum.<\/p>\n<p><strong>Das JuCad Drive S Golftrolley Set beinhaltet bereits die folgenden JuCad Zubeh\u00f6rteile:<\/strong><br \/>\nJuCad Griffschutz 2-tlg. Schwarz, montiert<br \/>\nJuCad Scorekartenhalter in Schwarz oder Titangrau, montiert<br \/>\nJuCad Windproof Golfschirm in Silber mit UV-Protection<br \/>\nJuCad Trolleytasche Modell &#8222;Drive&#8220;<\/p>\n<p>Der JuCad Drive S 2.0 (Sportive) Golftrolley aus einer hochwertigen Aluminiumlegierung ist in Sachen Pr\u00e4zision, Robustheit<br \/>\nund Funktionalit\u00e4t eine tolle Alternative zu den exklusiven JuCad Titan und Edelstahl Golftrolleys.<br \/>\nDer komfortable JuCad Golftrolley mit nur einer Steckverbindung und dem besonders flachen Packma\u00df von 65x60x10 cm passt<br \/>\nin fast in jeden Kofferraum.<\/p>\n<p><strong>Technische Details:<\/strong><\/p>\n<ul>\n<li style=\"list-style-type: none;\">\n<ul>\n<li>Integriertes Technikpaket 2.0 mit beidseitiger elektronischer Parkbremse, Brushless Motoren, Magnetstecker und Ladestandanzeige<\/li>\n<li>48V Antriebssystem<\/li>\n<li>Stufenloser Gasgriff f\u00fcr eine einfache Bedienung<\/li>\n<li>Drehschalter mit Vorw\u00e4rts-, R\u00fcckw\u00e4rts und Freilauffunktion<\/li>\n<li>Schirmhalterung f\u00fcr JuCad Schirme<\/li>\n<li>H\u00f6henverstellbare Griffstange<\/li>\n<li>Klapp- und drehbare Bagauflage oben und unten<\/li>\n<li>Leichtes Ziehen und Schieben auch ohne Akku m\u00f6glich<\/li>\n<li>Automatische Vorlauffunktion (Distanzgeber 10-20-30 Meter)<\/li>\n<li>Elektronische Bergbremse (Tempomat)<\/li>\n<li>Keine sichtbaren Kabel, Akkus und Motoren<\/li>\n<li>Lithium-Hochleistungsakku bis zu 45 Loch mit kleinem Schnellladeger\u00e4t \u2013 getestet, gepr\u00fcft und nach UN-Transporttest BU-202100303-B1 zertifiziert<\/li>\n<li>Extrem stabile Leichtlaufr\u00e4der in vielen Farben kostenfrei w\u00e4hlbar<\/li>\n<li>Reifen mit Luftpolsterfederung, Reifenbelag wechselbar und in vielen Farben verf\u00fcgbar<\/li>\n<li>Verschiedene Felgen- und Reifenfarben ohne Aufpreis<\/li>\n<li>Inklusive JuCad Griffschutz 2-tlg. Schwarz<\/li>\n<li>Leicht, schnell und flach zusammenlegbares Packma\u00df: 65x60x10 cm<\/li>\n<li>Alu+ Rahmen mit 6 Jahren Garantie<\/li>\n<li>Gewicht Rahmen und R\u00e4der 7,2 kg<\/li>\n<\/ul>\n<\/li>\n<\/ul>\n<ul>\n<li style=\"list-style-type: none;\">\n<ul>\n<li>Optional mit JuCad Fernsteuerung bei Neukauf zum Sonderpreis 399,00 Euro (Jederzeit auch nachr\u00fcstbar f\u00fcr 449 Euro)<\/li>\n<\/ul>\n<\/li>\n<\/ul>\n<p>&nbsp;<\/p>\n","protected":false},"excerpt":{"rendered":"<p><strong>Rahmen und Felgen in edlem Titan matt lackiert, Reifen Schwarz<\/strong><br \/>\nSie sparen bei diesem Set Kauf \u00fcber 800 Euro<br \/>\nAuslaufmodell: Nur noch 7 Drive S Sets lieferbar<\/p>\n","protected":false},"featured_media":4572,"comment_status":"open","ping_status":"closed","template":"","meta":{"ocean_post_layout":"","ocean_both_sidebars_style":"","ocean_both_sidebars_content_width":0,"ocean_both_sidebars_sidebars_width":0,"ocean_sidebar":"0","ocean_second_sidebar":"0","ocean_disable_margins":"enable","ocean_add_body_class":"","ocean_shortcode_before_top_bar":"","ocean_shortcode_after_top_bar":"","ocean_shortcode_before_header":"","ocean_shortcode_after_header":"","ocean_has_shortcode":"","ocean_shortcode_after_title":"","ocean_shortcode_before_footer_widgets":"","ocean_shortcode_after_footer_widgets":"","ocean_shortcode_before_footer_bottom":"","ocean_shortcode_after_footer_bottom":"","ocean_display_top_bar":"default","ocean_display_header":"default","ocean_header_style":"","ocean_center_header_left_menu":"0","ocean_custom_header_template":"0","ocean_custom_logo":0,"ocean_custom_retina_logo":0,"ocean_custom_logo_max_width":0,"ocean_custom_logo_tablet_max_width":0,"ocean_custom_logo_mobile_max_width":0,"ocean_custom_logo_max_height":0,"ocean_custom_logo_tablet_max_height":0,"ocean_custom_logo_mobile_max_height":0,"ocean_header_custom_menu":"0","ocean_menu_typo_font_family":"0","ocean_menu_typo_font_subset":"","ocean_menu_typo_font_size":0,"ocean_menu_typo_font_size_tablet":0,"ocean_menu_typo_font_size_mobile":0,"ocean_menu_typo_font_size_unit":"px","ocean_menu_typo_font_weight":"","ocean_menu_typo_font_weight_tablet":"","ocean_menu_typo_font_weight_mobile":"","ocean_menu_typo_transform":"","ocean_menu_typo_transform_tablet":"","ocean_menu_typo_transform_mobile":"","ocean_menu_typo_line_height":0,"ocean_menu_typo_line_height_tablet":0,"ocean_menu_typo_line_height_mobile":0,"ocean_menu_typo_line_height_unit":"","ocean_menu_typo_spacing":0,"ocean_menu_typo_spacing_tablet":0,"ocean_menu_typo_spacing_mobile":0,"ocean_menu_typo_spacing_unit":"","ocean_menu_link_color":"","ocean_menu_link_color_hover":"","ocean_menu_link_color_active":"","ocean_menu_link_background":"","ocean_menu_link_hover_background":"","ocean_menu_link_active_background":"","ocean_menu_social_links_bg":"","ocean_menu_social_hover_links_bg":"","ocean_menu_social_links_color":"","ocean_menu_social_hover_links_color":"","ocean_disable_title":"default","ocean_disable_heading":"default","ocean_post_title":"","ocean_post_subheading":"","ocean_post_title_style":"","ocean_post_title_background_color":"","ocean_post_title_background":0,"ocean_post_title_bg_image_position":"","ocean_post_title_bg_image_attachment":"","ocean_post_title_bg_image_repeat":"","ocean_post_title_bg_image_size":"","ocean_post_title_height":0,"ocean_post_title_bg_overlay":0.5,"ocean_post_title_bg_overlay_color":"","ocean_disable_breadcrumbs":"default","ocean_breadcrumbs_color":"","ocean_breadcrumbs_separator_color":"","ocean_breadcrumbs_links_color":"","ocean_breadcrumbs_links_hover_color":"","ocean_display_footer_widgets":"default","ocean_display_footer_bottom":"default","ocean_custom_footer_template":"0","omw_enable_modal_window":"enable","osh_disable_topbar_sticky":"default","osh_disable_header_sticky":"default","osh_sticky_header_style":"default","osh_sticky_header_effect":"","osh_custom_sticky_logo":0,"osh_custom_retina_sticky_logo":0,"osh_custom_sticky_logo_height":0,"osh_background_color":"","osh_links_color":"","osh_links_hover_color":"","osh_links_active_color":"","osh_links_bg_color":"","osh_links_hover_bg_color":"","osh_links_active_bg_color":"","osh_menu_social_links_color":"","osh_menu_social_hover_links_color":""},"product_brand":[1034],"product_cat":[58,44,61],"product_tag":[175,74,133,75,72,78,689,445,235],"class_list":{"0":"post-1199","1":"product","2":"type-product","3":"status-publish","4":"has-post-thumbnail","6":"product_brand-jucad","7":"product_cat-jucad","8":"product_cat-golftrolleys","9":"product_cat-jucad-aluminium-golftrolleys","10":"product_tag-2-0","11":"product_tag-aluminium","12":"product_tag-drive","13":"product_tag-elektrotrolley","14":"product_tag-golftrolley","15":"product_tag-jucad","16":"product_tag-jucad-drive-s-2-0","17":"product_tag-s","18":"product_tag-titanmatt","19":"tm-has-options","21":"entry","22":"has-media","24":"first","25":"instock","26":"sale","27":"taxable","28":"shipping-taxable","29":"purchasable","30":"product-type-simple","31":"col","32":"span_1_of_3","33":"owp-content-center","34":"owp-thumbs-layout-horizontal","35":"owp-btn-normal","36":"owp-tabs-layout-horizontal","37":"circle-sale"},"_links":{"self":[{"href":"https:\/\/www.exclusive-golf-trolleys.de\/shop\/wp-json\/wp\/v2\/product\/1199","targetHints":{"allow":["GET"]}}],"collection":[{"href":"https:\/\/www.exclusive-golf-trolleys.de\/shop\/wp-json\/wp\/v2\/product"}],"about":[{"href":"https:\/\/www.exclusive-golf-trolleys.de\/shop\/wp-json\/wp\/v2\/types\/product"}],"replies":[{"embeddable":true,"href":"https:\/\/www.exclusive-golf-trolleys.de\/shop\/wp-json\/wp\/v2\/comments?post=1199"}],"wp:featuredmedia":[{"embeddable":true,"href":"https:\/\/www.exclusive-golf-trolleys.de\/shop\/wp-json\/wp\/v2\/media\/4572"}],"wp:attachment":[{"href":"https:\/\/www.exclusive-golf-trolleys.de\/shop\/wp-json\/wp\/v2\/media?parent=1199"}],"wp:term":[{"taxonomy":"product_brand","embeddable":true,"href":"https:\/\/www.exclusive-golf-trolleys.de\/shop\/wp-json\/wp\/v2\/product_brand?post=1199"},{"taxonomy":"product_cat","embeddable":true,"href":"https:\/\/www.exclusive-golf-trolleys.de\/shop\/wp-json\/wp\/v2\/product_cat?post=1199"},{"taxonomy":"product_tag","embeddable":true,"href":"https:\/\/www.exclusive-golf-trolleys.de\/shop\/wp-json\/wp\/v2\/product_tag?post=1199"}],"curies":[{"name":"wp","href":"https:\/\/api.w.org\/{rel}","templated":true}]}}